{"id":53,"date":"2024-07-18T16:06:05","date_gmt":"2024-07-18T16:06:05","guid":{"rendered":"https:\/\/demo.casethemes.net\/medicross\/?page_id=53"},"modified":"2026-01-08T07:53:50","modified_gmt":"2026-01-08T07:53:50","slug":"terms","status":"publish","type":"page","link":"https:\/\/trainhealthawareness.com\/tr\/terms\/","title":{"rendered":"\u015eartlar ve Ko\u015fullar"},"content":{"rendered":"<div data-elementor-type=\"wp-page\" data-elementor-id=\"53\" class=\"elementor elementor-53\">\n\t\t\t\t        <section class=\"elementor-section elementor-top-section elementor-element elementor-element-2736a61 elementor-section-stretched elementor-section-boxed elementor-section-height-default elementor-section-height-default pxl-row-scroll-none pxl-zoom-point-false pxl-section-overflow-visible pxl-section-fix-none pxl-bg-color-none pxl-section-overlay-none\" data-id=\"2736a61\" data-element_type=\"section\" data-settings=\"{&quot;stretch_section&quot;:&quot;section-stretched&quot;}\">\n\n                \n                <div class=\"elementor-container elementor-column-gap-extended\">\n                <div class=\"elementor-column elementor-col-100 elementor-top-column elementor-element elementor-element-56d9aa9 pxl-column-none\" data-id=\"56d9aa9\" data-element_type=\"column\" data-settings=\"{&quot;background_background&quot;:&quot;classic&quot;}\">\r\n        <div class=\"elementor-widget-wrap elementor-element-populated\">\r\n                                <div class=\"elementor-background-overlay\"><\/div>\r\n         \r\n                <section class=\"elementor-section elementor-inner-section elementor-element elementor-element-0bab06f elementor-section-content-bottom elementor-section-boxed elementor-section-height-default elementor-section-height-default pxl-row-scroll-none pxl-zoom-point-false pxl-section-overflow-visible pxl-section-fix-none pxl-bg-color-none pxl-section-overlay-none\" data-id=\"0bab06f\" data-element_type=\"section\">\n\n                \n                <div class=\"elementor-container elementor-column-gap-extended\">\n                <div class=\"elementor-column elementor-col-50 elementor-inner-column elementor-element elementor-element-9997538 pxl-column-none pxl-column-overflow-hidden-no\" data-id=\"9997538\" data-element_type=\"column\">\r\n        <div class=\"elementor-widget-wrap elementor-element-populated\">\r\n                     \r\n        \t\t<div class=\"elementor-element elementor-element-cd0604b elementor-widget__width-auto elementor-widget elementor-widget-pxl_heading\" data-id=\"cd0604b\" data-element_type=\"widget\" data-widget_type=\"pxl_heading.default\">\n\t\t\t\t<div class=\"elementor-widget-container\">\n\t\t\t\n<div id=\"pxl-pxl_heading-cd0604b-5350\" class=\"pxl-heading px-sub-title-default-style\">\n\t<div class=\"pxl-heading--inner\">\n\t\t\n\t\t<h3 class=\"pxl-item--title style-default  highlight-default\" data-wow-delay=\"ms\">\n\t\t\t\t\t\u015eartlar ve Ko\u015fullar\t\n\t\t\t\n\t\t<\/h3>\n\t\t\n\t<\/div>\n<\/div>\t\t<\/div>\n\t\t\t\t<\/div>\n\t\t            <\/div>\r\n        <\/div>\r\n                <div class=\"elementor-column elementor-col-50 elementor-inner-column elementor-element elementor-element-e364276 pxl-column-none pxl-column-overflow-hidden-no\" data-id=\"e364276\" data-element_type=\"column\">\r\n        <div class=\"elementor-widget-wrap elementor-element-populated\">\r\n                     \r\n        \t\t<div class=\"elementor-element elementor-element-537544f elementor-widget__width-auto elementor-widget elementor-widget-pxl_breadcrumb\" data-id=\"537544f\" data-element_type=\"widget\" data-widget_type=\"pxl_breadcrumb.default\">\n\t\t\t\t<div class=\"elementor-widget-container\">\n\t\t\t<div class=\"pxl-breadcrumb-wrap\">\n\t<ul class=\"pxl-breadcrumb\"><li><span class=\"breadcrumb-entry\">Ev<\/span><\/li><\/ul><\/div>\t\t<\/div>\n\t\t\t\t<\/div>\n\t\t            <\/div>\r\n        <\/div>\r\n        \t\t\t<\/div>\n\t\t<\/section>\n\t\t            <\/div>\r\n        <\/div>\r\n        \t\t\t<\/div>\n\t\t<\/section>\n\t\t        <section class=\"elementor-section elementor-top-section elementor-element elementor-element-9f28064 elementor-section-stretched elementor-section-boxed elementor-section-height-default elementor-section-height-default pxl-row-scroll-none pxl-zoom-point-false pxl-section-overflow-visible pxl-section-fix-none pxl-bg-color-none pxl-section-overlay-none\" data-id=\"9f28064\" data-element_type=\"section\" data-settings=\"{&quot;stretch_section&quot;:&quot;section-stretched&quot;}\">\n\n                \n                <div class=\"elementor-container elementor-column-gap-extended\">\n                <div class=\"elementor-column elementor-col-100 elementor-top-column elementor-element elementor-element-419605c pxl-column-none pxl-column-overflow-hidden-no\" data-id=\"419605c\" data-element_type=\"column\">\r\n        <div class=\"elementor-widget-wrap elementor-element-populated\">\r\n                     \r\n        \t\t<div class=\"elementor-element elementor-element-a661988 elementor-widget elementor-widget-pxl_text_editor\" data-id=\"a661988\" data-element_type=\"widget\" data-widget_type=\"pxl_text_editor.default\">\n\t\t\t\t<div class=\"elementor-widget-container\">\n\t\t\t<div class=\"pxl-text-editor default\">\n\t<div class=\"pxl-item--inner\" data-wow-delay=\"ms\">\n\t\t<h4><strong>1. Giri\u015f<\/strong><\/h4><p>TRAIN Sa\u011fl\u0131k Bilinci Program\u0131na (\"biz\", \"bizim\" veya \"bize\") ho\u015f geldiniz. Web sitemizi kullanarak, bu H\u00fck\u00fcm ve Ko\u015fullara tabi olmay\u0131 kabul etmi\u015f olursunuz. E\u011fer kabul etmiyorsan\u0131z, l\u00fctfen web sitemizi kullanmay\u0131n\u0131z.<\/p>\t\t\n\t<\/div>\n<\/div>\t\t<\/div>\n\t\t\t\t<\/div>\n\t\t\t\t<div class=\"elementor-element elementor-element-4cb7975 elementor-widget elementor-widget-pxl_text_editor\" data-id=\"4cb7975\" data-element_type=\"widget\" data-widget_type=\"pxl_text_editor.default\">\n\t\t\t\t<div class=\"elementor-widget-container\">\n\t\t\t<div class=\"pxl-text-editor default\">\n\t<div class=\"pxl-item--inner\" data-wow-delay=\"ms\">\n\t\t<h4><strong>2. Sorumluluk Reddi<\/strong><\/h4><p>TRAIN Sa\u011fl\u0131k Bilinci Program\u0131 sadece e\u011fitim ama\u00e7l\u0131 genel sa\u011fl\u0131k, fitness, fark\u0131ndal\u0131k ve beslenme bilgileri sunmaktad\u0131r.<\/p><ol><li><strong>T\u0131bbi Tavsiye De\u011fildir:<\/strong> Web sitemizdeki i\u00e7erik, profesyonel t\u0131bbi tavsiye, te\u015fhis veya tedavi yerine ge\u00e7mez. Sa\u011fl\u0131kla ilgili herhangi bir karar vermeden \u00f6nce her zaman nitelikli bir sa\u011fl\u0131k hizmeti sa\u011flay\u0131c\u0131s\u0131ndan tavsiye al\u0131n.<\/li><li><strong>Fitness ve Egzersiz:<\/strong> Web sitemizde sunulan t\u00fcm fitness programlar\u0131 veya egzersizleri kendi sorumlulu\u011funuzda ger\u00e7ekle\u015ftirilmelidir. Herhangi bir t\u0131bbi durumunuz veya yaralanman\u0131z varsa, herhangi bir fitness aktivitesine kat\u0131lmadan \u00f6nce bir doktora dan\u0131\u015f\u0131n.<\/li><li><strong>Beslenme K\u0131lavuzu:<\/strong> Beslenme bilgilerimiz genel niteliktedir ve herkes i\u00e7in uygun olmayabilir. \u00d6nemli diyet de\u011fi\u015fiklikleri yapmadan \u00f6nce daima kay\u0131tl\u0131 bir diyetisyene veya sa\u011fl\u0131k uzman\u0131na dan\u0131\u015f\u0131n.<\/li><li><strong>Fark\u0131ndal\u0131k ve Refah:<\/strong> Fark\u0131ndal\u0131k ve stres y\u00f6netimi teknikleri faydal\u0131 olsa da, profesyonel ruh sa\u011fl\u0131\u011f\u0131 tedavisinin yerini tutmaz. \u015eiddetli stres, anksiyete veya depresyon ya\u015f\u0131yorsan\u0131z uygun bak\u0131m\u0131 al\u0131n.<\/li><\/ol><p>Web sitemizi kullanarak, bu feragatnameyi anlad\u0131\u011f\u0131n\u0131z\u0131 ve kabul etti\u011finizi onaylam\u0131\u015f olursunuz. Kabul etmiyorsan\u0131z, l\u00fctfen web sitesini kullanmay\u0131 b\u0131rak\u0131n.<\/p>\t\t\n\t<\/div>\n<\/div>\t\t<\/div>\n\t\t\t\t<\/div>\n\t\t\t\t<div class=\"elementor-element elementor-element-b3f1a0e elementor-widget elementor-widget-pxl_text_editor\" data-id=\"b3f1a0e\" data-element_type=\"widget\" data-widget_type=\"pxl_text_editor.default\">\n\t\t\t\t<div class=\"elementor-widget-container\">\n\t\t\t<div class=\"pxl-text-editor default\">\n\t<div class=\"pxl-item--inner\" data-wow-delay=\"ms\">\n\t\t<h4><strong>3. Web Sitesinin Kullan\u0131m\u0131<\/strong><\/h4><ul><li>Web sitemizi kullanmak i\u00e7in en az 18 ya\u015f\u0131nda olman\u0131z gerekmektedir.<\/li><li>Web sitemizdeki i\u00e7erik yaln\u0131zca bilgilendirme ama\u00e7l\u0131d\u0131r ve t\u0131bbi tavsiye olarak de\u011ferlendirilmemelidir.<\/li><li>Web sitesini k\u00f6t\u00fcye kullanmamay\u0131 veya yetkisiz eri\u015fim elde etmeye \u00e7al\u0131\u015fmamay\u0131 kabul edersiniz.<\/li><\/ul>\t\t\n\t<\/div>\n<\/div>\t\t<\/div>\n\t\t\t\t<\/div>\n\t\t\t\t<div class=\"elementor-element elementor-element-4b97879 elementor-widget elementor-widget-pxl_text_editor\" data-id=\"4b97879\" data-element_type=\"widget\" data-widget_type=\"pxl_text_editor.default\">\n\t\t\t\t<div class=\"elementor-widget-container\">\n\t\t\t<div class=\"pxl-text-editor default\">\n\t<div class=\"pxl-item--inner\" data-wow-delay=\"ms\">\n\t\t<h4><strong>4. Fikri M\u00fclkiyet<\/strong><\/h4><ul><li>Bu web sitesindeki t\u00fcm i\u00e7erik, logolar ve materyaller TRAIN Health Awareness Programme'\u0131n m\u00fclkiyetindedir ve telif hakk\u0131 yasalar\u0131yla korunmaktad\u0131r.<\/li><li>Yaz\u0131l\u0131 iznimiz olmadan i\u00e7eri\u011fimizi kopyalayamaz, da\u011f\u0131tamaz veya de\u011fi\u015ftiremezsiniz.<\/li><\/ul>\t\t\n\t<\/div>\n<\/div>\t\t<\/div>\n\t\t\t\t<\/div>\n\t\t\t\t<div class=\"elementor-element elementor-element-b480cd9 elementor-widget elementor-widget-pxl_text_editor\" data-id=\"b480cd9\" data-element_type=\"widget\" data-widget_type=\"pxl_text_editor.default\">\n\t\t\t\t<div class=\"elementor-widget-container\">\n\t\t\t<div class=\"pxl-text-editor default\">\n\t<div class=\"pxl-item--inner\" data-wow-delay=\"ms\">\n\t\t<h4><strong>5. Gizlilik<\/strong><\/h4><ul><li>Gizlili\u011finize sayg\u0131 duyuyoruz. Verilerinizi nas\u0131l toplad\u0131\u011f\u0131m\u0131z ve kulland\u0131\u011f\u0131m\u0131z hakk\u0131nda ayr\u0131nt\u0131l\u0131 bilgi i\u00e7in l\u00fctfen Gizlilik Politikam\u0131za bak\u0131n.<\/li><\/ul>\t\t\n\t<\/div>\n<\/div>\t\t<\/div>\n\t\t\t\t<\/div>\n\t\t\t\t<div class=\"elementor-element elementor-element-28fcf0c elementor-widget elementor-widget-pxl_text_editor\" data-id=\"28fcf0c\" data-element_type=\"widget\" data-widget_type=\"pxl_text_editor.default\">\n\t\t\t\t<div class=\"elementor-widget-container\">\n\t\t\t<div class=\"pxl-text-editor default\">\n\t<div class=\"pxl-item--inner\" data-wow-delay=\"ms\">\n\t\t<h4><strong>6. Sorumlulu\u011fun S\u0131n\u0131rland\u0131r\u0131lmas\u0131<\/strong><\/h4><ul><li>Web sitemizde sa\u011flanan sa\u011fl\u0131kla ilgili bilgilerin do\u011frulu\u011funu, eksiksizli\u011fini veya g\u00fcvenilirli\u011fini garanti etmiyoruz.<\/li><li>Web sitemizin kullan\u0131m\u0131ndan veya i\u00e7eri\u011fimize g\u00fcvenilmesinden kaynaklanan herhangi bir zarar veya hasardan sorumlu de\u011filiz.<\/li><\/ul>\t\t\n\t<\/div>\n<\/div>\t\t<\/div>\n\t\t\t\t<\/div>\n\t\t\t\t<div class=\"elementor-element elementor-element-9585701 elementor-widget elementor-widget-pxl_text_editor\" data-id=\"9585701\" data-element_type=\"widget\" data-widget_type=\"pxl_text_editor.default\">\n\t\t\t\t<div class=\"elementor-widget-container\">\n\t\t\t<div class=\"pxl-text-editor default\">\n\t<div class=\"pxl-item--inner\" data-wow-delay=\"ms\">\n\t\t<h4><strong>7. Harici Ba\u011flant\u0131lar<\/strong><\/h4>\n<ul>\n \t<li>Web sitemiz \u00fc\u00e7\u00fcnc\u00fc taraf web sitelerine ba\u011flant\u0131lar i\u00e7erebilir. Bunlar\u0131n i\u00e7eriklerinden veya uygulamalar\u0131ndan sorumlu de\u011filiz.<\/li>\n<\/ul>\t\t\n\t<\/div>\n<\/div>\t\t<\/div>\n\t\t\t\t<\/div>\n\t\t\t\t<div class=\"elementor-element elementor-element-8f6c747 elementor-widget elementor-widget-pxl_text_editor\" data-id=\"8f6c747\" data-element_type=\"widget\" data-widget_type=\"pxl_text_editor.default\">\n\t\t\t\t<div class=\"elementor-widget-container\">\n\t\t\t<div class=\"pxl-text-editor default\">\n\t<div class=\"pxl-item--inner\" data-wow-delay=\"ms\">\n\t\t<h4><strong>8. \u015eartlarda Yap\u0131lan De\u011fi\u015fiklikler<\/strong><\/h4>\n<ul>\n \t<li>Bu H\u00fck\u00fcm ve Ko\u015fullar\u0131 zaman zaman g\u00fcncelleyebiliriz. Web sitesini kullanmaya devam etmeniz, t\u00fcm g\u00fcncellemeleri kabul etti\u011finiz anlam\u0131na gelir.<\/li>\n<\/ul>\t\t\n\t<\/div>\n<\/div>\t\t<\/div>\n\t\t\t\t<\/div>\n\t\t\t\t<div class=\"elementor-element elementor-element-ce7c858 elementor-widget elementor-widget-pxl_text_editor\" data-id=\"ce7c858\" data-element_type=\"widget\" data-widget_type=\"pxl_text_editor.default\">\n\t\t\t\t<div class=\"elementor-widget-container\">\n\t\t\t<div class=\"pxl-text-editor default\">\n\t<div class=\"pxl-item--inner\" data-wow-delay=\"ms\">\n\t\t<h4><strong>9. Bize Ula\u015f\u0131n<\/strong><\/h4><ul><li>Herhangi bir sorunuz varsa, ileti\u015fim sayfam\u0131z \u00fczerinden bizimle ileti\u015fime ge\u00e7ebilirsiniz.<\/li><\/ul>\t\t\n\t<\/div>\n<\/div>\t\t<\/div>\n\t\t\t\t<\/div>\n\t\t            <\/div>\r\n        <\/div>\r\n        \t\t\t<\/div>\n\t\t<\/section>\n\t\t\t\t<\/div>","protected":false},"excerpt":{"rendered":"<p>Terms and Conditions Home 1. Introduction Welcome to TRAIN Health Awareness Programme (\u201cwe,\u201d \u201cour,\u201d or \u201cus\u201d). By using our website, you agree to be bound by these Terms and Conditions. If you do not agree, please do not use our website. 2. Disclaimer The TRAIN Health Awareness Programme provides general health, fitness, mindfulness, and nutrition [&hellip;]<\/p>","protected":false},"author":1,"featured_media":0,"parent":0,"menu_order":0,"comment_status":"closed","ping_status":"closed","template":"","meta":{"footnotes":""},"class_list":["post-53","page","type-page","status-publish","hentry"],"yoast_head":"<!-- This site is optimized with the Yoast SEO plugin v24.9 - https:\/\/yoast.com\/wordpress\/plugins\/seo\/ -->\n<title>Terms and Conditions - TRAIN Health Awareness<\/title>\n<meta name=\"robots\" content=\"index, follow, max-snippet:-1, max-image-preview:large, max-video-preview:-1\" \/>\n<link rel=\"canonical\" href=\"https:\/\/trainhealthawareness.com\/tr\/terms\/\" \/>\n<meta property=\"og:locale\" content=\"tr_TR\" \/>\n<meta property=\"og:type\" content=\"article\" \/>\n<meta property=\"og:title\" content=\"Terms and Conditions - TRAIN Health Awareness\" \/>\n<meta property=\"og:description\" content=\"Terms and Conditions Home 1. Introduction Welcome to TRAIN Health Awareness Programme (\u201cwe,\u201d \u201cour,\u201d or \u201cus\u201d). By using our website, you agree to be bound by these Terms and Conditions. If you do not agree, please do not use our website. 2. Disclaimer The TRAIN Health Awareness Programme provides general health, fitness, mindfulness, and nutrition [&hellip;]\" \/>\n<meta property=\"og:url\" content=\"https:\/\/trainhealthawareness.com\/tr\/terms\/\" \/>\n<meta property=\"og:site_name\" content=\"TRAIN Health Awareness\" \/>\n<meta property=\"article:modified_time\" content=\"2026-01-08T07:53:50+00:00\" \/>\n<meta name=\"twitter:card\" content=\"summary_large_image\" \/>\n<meta name=\"twitter:label1\" content=\"Tahmini okuma s\u00fcresi\" \/>\n\t<meta name=\"twitter:data1\" content=\"2 dakika\" \/>\n<script type=\"application\/ld+json\" class=\"yoast-schema-graph\">{\"@context\":\"https:\/\/schema.org\",\"@graph\":[{\"@type\":\"WebPage\",\"@id\":\"https:\/\/trainhealthawareness.com\/terms\/\",\"url\":\"https:\/\/trainhealthawareness.com\/terms\/\",\"name\":\"Terms and Conditions - TRAIN Health Awareness\",\"isPartOf\":{\"@id\":\"https:\/\/trainhealthawareness.com\/nl\/#website\"},\"datePublished\":\"2024-07-18T16:06:05+00:00\",\"dateModified\":\"2026-01-08T07:53:50+00:00\",\"breadcrumb\":{\"@id\":\"https:\/\/trainhealthawareness.com\/terms\/#breadcrumb\"},\"inLanguage\":\"tr\",\"potentialAction\":[{\"@type\":\"ReadAction\",\"target\":[\"https:\/\/trainhealthawareness.com\/terms\/\"]}]},{\"@type\":\"BreadcrumbList\",\"@id\":\"https:\/\/trainhealthawareness.com\/terms\/#breadcrumb\",\"itemListElement\":[{\"@type\":\"ListItem\",\"position\":1,\"name\":\"Home\",\"item\":\"https:\/\/trainhealthawareness.com\/\"},{\"@type\":\"ListItem\",\"position\":2,\"name\":\"Terms and Conditions\"}]},{\"@type\":\"WebSite\",\"@id\":\"https:\/\/trainhealthawareness.com\/nl\/#website\",\"url\":\"https:\/\/trainhealthawareness.com\/nl\/\",\"name\":\"TRAIN Health Awareness\",\"description\":\"Targeted Cardiovascular Risk Reduction\",\"publisher\":{\"@id\":\"https:\/\/trainhealthawareness.com\/nl\/#organization\"},\"potentialAction\":[{\"@type\":\"SearchAction\",\"target\":{\"@type\":\"EntryPoint\",\"urlTemplate\":\"https:\/\/trainhealthawareness.com\/nl\/?s={search_term_string}\"},\"query-input\":{\"@type\":\"PropertyValueSpecification\",\"valueRequired\":true,\"valueName\":\"search_term_string\"}}],\"inLanguage\":\"tr\"},{\"@type\":\"Organization\",\"@id\":\"https:\/\/trainhealthawareness.com\/nl\/#organization\",\"name\":\"TRAIN Health Awareness\",\"url\":\"https:\/\/trainhealthawareness.com\/nl\/\",\"logo\":{\"@type\":\"ImageObject\",\"inLanguage\":\"tr\",\"@id\":\"https:\/\/trainhealthawareness.com\/nl\/#\/schema\/logo\/image\/\",\"url\":\"https:\/\/trainhealthawareness.com\/wp-content\/uploads\/2025\/01\/logo-inverted.png\",\"contentUrl\":\"https:\/\/trainhealthawareness.com\/wp-content\/uploads\/2025\/01\/logo-inverted.png\",\"width\":640,\"height\":136,\"caption\":\"TRAIN Health Awareness\"},\"image\":{\"@id\":\"https:\/\/trainhealthawareness.com\/nl\/#\/schema\/logo\/image\/\"},\"sameAs\":[\"https:\/\/www.linkedin.com\/in\/nimratgrewal\/\"]}]}<\/script>\n<!-- \/ Yoast SEO plugin. -->","yoast_head_json":{"title":"Terms and Conditions - TRAIN Health Awareness","robots":{"index":"index","follow":"follow","max-snippet":"max-snippet:-1","max-image-preview":"max-image-preview:large","max-video-preview":"max-video-preview:-1"},"canonical":"https:\/\/trainhealthawareness.com\/tr\/terms\/","og_locale":"tr_TR","og_type":"article","og_title":"Terms and Conditions - TRAIN Health Awareness","og_description":"Terms and Conditions Home 1. Introduction Welcome to TRAIN Health Awareness Programme (\u201cwe,\u201d \u201cour,\u201d or \u201cus\u201d). By using our website, you agree to be bound by these Terms and Conditions. If you do not agree, please do not use our website. 2. Disclaimer The TRAIN Health Awareness Programme provides general health, fitness, mindfulness, and nutrition [&hellip;]","og_url":"https:\/\/trainhealthawareness.com\/tr\/terms\/","og_site_name":"TRAIN Health Awareness","article_modified_time":"2026-01-08T07:53:50+00:00","twitter_card":"summary_large_image","twitter_misc":{"Tahmini okuma s\u00fcresi":"2 dakika"},"schema":{"@context":"https:\/\/schema.org","@graph":[{"@type":"WebPage","@id":"https:\/\/trainhealthawareness.com\/terms\/","url":"https:\/\/trainhealthawareness.com\/terms\/","name":"Terms and Conditions - TRAIN Health Awareness","isPartOf":{"@id":"https:\/\/trainhealthawareness.com\/nl\/#website"},"datePublished":"2024-07-18T16:06:05+00:00","dateModified":"2026-01-08T07:53:50+00:00","breadcrumb":{"@id":"https:\/\/trainhealthawareness.com\/terms\/#breadcrumb"},"inLanguage":"tr","potentialAction":[{"@type":"ReadAction","target":["https:\/\/trainhealthawareness.com\/terms\/"]}]},{"@type":"BreadcrumbList","@id":"https:\/\/trainhealthawareness.com\/terms\/#breadcrumb","itemListElement":[{"@type":"ListItem","position":1,"name":"Home","item":"https:\/\/trainhealthawareness.com\/"},{"@type":"ListItem","position":2,"name":"Terms and Conditions"}]},{"@type":"WebSite","@id":"https:\/\/trainhealthawareness.com\/nl\/#website","url":"https:\/\/trainhealthawareness.com\/nl\/","name":"TRAIN Health Awareness","description":"Targeted Cardiovascular Risk Reduction","publisher":{"@id":"https:\/\/trainhealthawareness.com\/nl\/#organization"},"potentialAction":[{"@type":"SearchAction","target":{"@type":"EntryPoint","urlTemplate":"https:\/\/trainhealthawareness.com\/nl\/?s={search_term_string}"},"query-input":{"@type":"PropertyValueSpecification","valueRequired":true,"valueName":"search_term_string"}}],"inLanguage":"tr"},{"@type":"Organization","@id":"https:\/\/trainhealthawareness.com\/nl\/#organization","name":"TRAIN Health Awareness","url":"https:\/\/trainhealthawareness.com\/nl\/","logo":{"@type":"ImageObject","inLanguage":"tr","@id":"https:\/\/trainhealthawareness.com\/nl\/#\/schema\/logo\/image\/","url":"https:\/\/trainhealthawareness.com\/wp-content\/uploads\/2025\/01\/logo-inverted.png","contentUrl":"https:\/\/trainhealthawareness.com\/wp-content\/uploads\/2025\/01\/logo-inverted.png","width":640,"height":136,"caption":"TRAIN Health Awareness"},"image":{"@id":"https:\/\/trainhealthawareness.com\/nl\/#\/schema\/logo\/image\/"},"sameAs":["https:\/\/www.linkedin.com\/in\/nimratgrewal\/"]}]}},"_links":{"self":[{"href":"https:\/\/trainhealthawareness.com\/tr\/wp-json\/wp\/v2\/pages\/53","targetHints":{"allow":["GET"]}}],"collection":[{"href":"https:\/\/trainhealthawareness.com\/tr\/wp-json\/wp\/v2\/pages"}],"about":[{"href":"https:\/\/trainhealthawareness.com\/tr\/wp-json\/wp\/v2\/types\/page"}],"author":[{"embeddable":true,"href":"https:\/\/trainhealthawareness.com\/tr\/wp-json\/wp\/v2\/users\/1"}],"replies":[{"embeddable":true,"href":"https:\/\/trainhealthawareness.com\/tr\/wp-json\/wp\/v2\/comments?post=53"}],"version-history":[{"count":3,"href":"https:\/\/trainhealthawareness.com\/tr\/wp-json\/wp\/v2\/pages\/53\/revisions"}],"predecessor-version":[{"id":13764,"href":"https:\/\/trainhealthawareness.com\/tr\/wp-json\/wp\/v2\/pages\/53\/revisions\/13764"}],"wp:attachment":[{"href":"https:\/\/trainhealthawareness.com\/tr\/wp-json\/wp\/v2\/media?parent=53"}],"curies":[{"name":"wp","href":"https:\/\/api.w.org\/{rel}","templated":true}]}}