{"id":39,"date":"2024-07-18T16:05:04","date_gmt":"2024-07-18T16:05:04","guid":{"rendered":"https:\/\/demo.casethemes.net\/medicross\/?page_id=39"},"modified":"2026-01-08T07:53:11","modified_gmt":"2026-01-08T07:53:11","slug":"contact","status":"publish","type":"page","link":"https:\/\/trainhealthawareness.com\/tr\/contact\/","title":{"rendered":"\u0130leti\u015fim"},"content":{"rendered":"<div data-elementor-type=\"wp-page\" data-elementor-id=\"39\" class=\"elementor elementor-39\">\n\t\t\t\t        <section class=\"elementor-section elementor-top-section elementor-element elementor-element-e38d6e8 elementor-section-stretched elementor-section-boxed elementor-section-height-default elementor-section-height-default pxl-row-scroll-none pxl-zoom-point-false pxl-section-overflow-visible pxl-section-fix-none pxl-bg-color-none pxl-section-overlay-none\" data-id=\"e38d6e8\" data-element_type=\"section\" data-settings=\"{&quot;stretch_section&quot;:&quot;section-stretched&quot;}\">\n\n                \n                <div class=\"elementor-container elementor-column-gap-extended\">\n                <div class=\"elementor-column elementor-col-100 elementor-top-column elementor-element elementor-element-23a8516 pxl-column-none\" data-id=\"23a8516\" data-element_type=\"column\" data-settings=\"{&quot;background_background&quot;:&quot;classic&quot;}\">\r\n        <div class=\"elementor-widget-wrap elementor-element-populated\">\r\n                                <div class=\"elementor-background-overlay\"><\/div>\r\n         \r\n                <section class=\"elementor-section elementor-inner-section elementor-element elementor-element-737da16 elementor-section-content-bottom elementor-section-boxed elementor-section-height-default elementor-section-height-default pxl-row-scroll-none pxl-zoom-point-false pxl-section-overflow-visible pxl-section-fix-none pxl-bg-color-none pxl-section-overlay-none\" data-id=\"737da16\" data-element_type=\"section\">\n\n                \n                <div class=\"elementor-container elementor-column-gap-extended\">\n                <div class=\"elementor-column elementor-col-50 elementor-inner-column elementor-element elementor-element-8f3959b pxl-column-none pxl-column-overflow-hidden-no\" data-id=\"8f3959b\" data-element_type=\"column\">\r\n        <div class=\"elementor-widget-wrap elementor-element-populated\">\r\n                     \r\n        \t\t<div class=\"elementor-element elementor-element-bfcda48 elementor-widget__width-auto elementor-widget elementor-widget-pxl_heading\" data-id=\"bfcda48\" data-element_type=\"widget\" data-widget_type=\"pxl_heading.default\">\n\t\t\t\t<div class=\"elementor-widget-container\">\n\t\t\t\n<div id=\"pxl-pxl_heading-bfcda48-5747\" class=\"pxl-heading px-sub-title-default-style\">\n\t<div class=\"pxl-heading--inner\">\n\t\t\n\t\t<h3 class=\"pxl-item--title style-default  highlight-default\" data-wow-delay=\"ms\">\n\t\t\t\t\t\u0130leti\u015fim\t\n\t\t\t\n\t\t<\/h3>\n\t\t\n\t<\/div>\n<\/div>\t\t<\/div>\n\t\t\t\t<\/div>\n\t\t            <\/div>\r\n        <\/div>\r\n                <div class=\"elementor-column elementor-col-50 elementor-inner-column elementor-element elementor-element-adab693 pxl-column-none pxl-column-overflow-hidden-no\" data-id=\"adab693\" data-element_type=\"column\">\r\n        <div class=\"elementor-widget-wrap elementor-element-populated\">\r\n                     \r\n        \t\t<div class=\"elementor-element elementor-element-63a46ee elementor-widget__width-auto elementor-widget elementor-widget-pxl_breadcrumb\" data-id=\"63a46ee\" data-element_type=\"widget\" data-widget_type=\"pxl_breadcrumb.default\">\n\t\t\t\t<div class=\"elementor-widget-container\">\n\t\t\t<div class=\"pxl-breadcrumb-wrap\">\n\t<ul class=\"pxl-breadcrumb\"><li><span class=\"breadcrumb-entry\">Ev<\/span><\/li><\/ul><\/div>\t\t<\/div>\n\t\t\t\t<\/div>\n\t\t            <\/div>\r\n        <\/div>\r\n        \t\t\t<\/div>\n\t\t<\/section>\n\t\t            <\/div>\r\n        <\/div>\r\n        \t\t\t<\/div>\n\t\t<\/section>\n\t\t        <section class=\"elementor-section elementor-top-section elementor-element elementor-element-ca42e8f elementor-section-stretched elementor-section-boxed elementor-section-height-default elementor-section-height-default pxl-row-scroll-none pxl-zoom-point-false pxl-section-overflow-visible pxl-section-fix-none pxl-bg-color-none pxl-section-overlay-none\" data-id=\"ca42e8f\" data-element_type=\"section\" data-settings=\"{&quot;stretch_section&quot;:&quot;section-stretched&quot;}\">\n\n                \n                <div class=\"elementor-container elementor-column-gap-extended\">\n                <div class=\"elementor-column elementor-col-100 elementor-top-column elementor-element elementor-element-9b1b611 pxl-column-none pxl-column-overflow-hidden-no\" data-id=\"9b1b611\" data-element_type=\"column\">\r\n        <div class=\"elementor-widget-wrap elementor-element-populated\">\r\n                     \r\n                <section class=\"elementor-section elementor-inner-section elementor-element elementor-element-0e5e940 elementor-section-boxed elementor-section-height-default elementor-section-height-default pxl-row-scroll-none pxl-zoom-point-false pxl-section-overflow-visible pxl-section-fix-none pxl-bg-color-none pxl-section-overlay-none\" data-id=\"0e5e940\" data-element_type=\"section\">\n\n                \n                <div class=\"elementor-container elementor-column-gap-default\">\n                <div class=\"elementor-column elementor-col-50 elementor-inner-column elementor-element elementor-element-6057df9 pxl-column-none pxl-column-overflow-hidden-no\" data-id=\"6057df9\" data-element_type=\"column\">\r\n        <div class=\"elementor-widget-wrap elementor-element-populated\">\r\n                     \r\n        \t\t<div class=\"elementor-element elementor-element-bc54fa6 elementor-widget elementor-widget-pxl_heading\" data-id=\"bc54fa6\" data-element_type=\"widget\" data-widget_type=\"pxl_heading.default\">\n\t\t\t\t<div class=\"elementor-widget-container\">\n\t\t\t\n<div id=\"pxl-pxl_heading-bc54fa6-5831\" class=\"pxl-heading px-sub-title-default-style\">\n\t<div class=\"pxl-heading--inner\">\n\t\t\n\t\t<h3 class=\"pxl-item--title style-default ft-gt highlight-default pxl-split-text split-in-fade\" data-wow-delay=\"ms\">\n\t\t\t\t\tBize Ula\u015f\u0131n\t\n\t\t\t\n\t\t<\/h3>\n\t\t\n\t<\/div>\n<\/div>\t\t<\/div>\n\t\t\t\t<\/div>\n\t\t\t\t<div class=\"elementor-element elementor-element-8b9acd4 elementor-widget elementor-widget-pxl_text_editor\" data-id=\"8b9acd4\" data-element_type=\"widget\" data-widget_type=\"pxl_text_editor.default\">\n\t\t\t\t<div class=\"elementor-widget-container\">\n\t\t\t<div class=\"pxl-text-editor default\">\n\t<div class=\"pxl-item--inner\" data-wow-delay=\"ms\">\n\t\t<p>Bize bir mesaj g\u00f6nderin.<\/p>\t\t\n\t<\/div>\n<\/div>\t\t<\/div>\n\t\t\t\t<\/div>\n\t\t\t\t<div class=\"elementor-element elementor-element-3c79e83 elementor-widget__width-initial elementor-widget-mobile__width-inherit elementor-widget elementor-widget-pxl_icon_box\" data-id=\"3c79e83\" data-element_type=\"widget\" data-widget_type=\"pxl_icon_box.default\">\n\t\t\t\t<div class=\"elementor-widget-container\">\n\t\t\t<div class=\"pxl-icon-box pxl-icon-box1 style-2 ani3\" data-wow-delay=\"ms\">\r\n    <div class=\"pxl-item--inner\">\r\n        \r\n                            <div class=\"pxl-item--icon\">\r\n                                                                    <\/div>\r\n                        <div class=\"pxl-item--meta\">\r\n            <h5 class=\"pxl-item--title el-empty\">\r\n                                                <\/h5>\r\n            <div class=\"pxl-item--description el-empty\"><\/div>\r\n        <\/div>\r\n    <\/div>\r\n<\/div>\t\t<\/div>\n\t\t\t\t<\/div>\n\t\t\t\t<div class=\"elementor-element elementor-element-39187fc elementor-widget__width-initial elementor-widget-mobile__width-inherit elementor-widget elementor-widget-pxl_icon_box\" data-id=\"39187fc\" data-element_type=\"widget\" data-widget_type=\"pxl_icon_box.default\">\n\t\t\t\t<div class=\"elementor-widget-container\">\n\t\t\t<div class=\"pxl-icon-box pxl-icon-box1 style-2 ani3\" data-wow-delay=\"ms\">\r\n    <div class=\"pxl-item--inner\">\r\n        \r\n                            <div class=\"pxl-item--icon\">\r\n                                                                    <\/div>\r\n                        <div class=\"pxl-item--meta\">\r\n            <h5 class=\"pxl-item--title el-empty\">\r\n                                                <\/h5>\r\n            <div class=\"pxl-item--description el-empty\"><\/div>\r\n        <\/div>\r\n    <\/div>\r\n<\/div>\t\t<\/div>\n\t\t\t\t<\/div>\n\t\t\t\t<div class=\"elementor-element elementor-element-20733a9 elementor-widget__width-auto elementor-widget elementor-widget-pxl_text_editor\" data-id=\"20733a9\" data-element_type=\"widget\" data-widget_type=\"pxl_text_editor.default\">\n\t\t\t\t<div class=\"elementor-widget-container\">\n\t\t\t<div class=\"pxl-text-editor default\">\n\t<div class=\"pxl-item--inner  ft-gt\" data-wow-delay=\"ms\">\n\t\t<p>Bizi Takip Edin:<\/p>\t\t\n\t<\/div>\n<\/div>\t\t<\/div>\n\t\t\t\t<\/div>\n\t\t\t\t<div class=\"elementor-element elementor-element-f0b0d26 elementor-widget__width-auto elementor-widget elementor-widget-pxl_icon\" data-id=\"f0b0d26\" data-element_type=\"widget\" data-widget_type=\"pxl_icon.default\">\n\t\t\t\t<div class=\"elementor-widget-container\">\n\t\t\t    <div class=\"pxl-icon-list pxl-icon1  style-3\" data-wow-delay=\"ms\">\r\n                                    <a class=\"elementor-repeater-item-280076d\" href=\"https:\/\/www.linkedin.com\/company\/train-health-awareness\/\" target=\"_blank\">\r\n                                        <i aria-hidden=\"true\" class=\"fab fa-linkedin-in\"><\/i>                                            <span>LinkedIn<\/span>\r\n                                                        <\/a>\r\n                        <\/div>\r\n    \t\t<\/div>\n\t\t\t\t<\/div>\n\t\t            <\/div>\r\n        <\/div>\r\n                <div class=\"elementor-column elementor-col-50 elementor-inner-column elementor-element elementor-element-3b8fa84 pxl-column-none pxl-column-overflow-hidden-no\" data-id=\"3b8fa84\" data-element_type=\"column\">\r\n        <div class=\"elementor-widget-wrap elementor-element-populated\">\r\n                     \r\n        \t\t<div class=\"elementor-element elementor-element-955c713 elementor-widget elementor-widget-pxl_contact_form\" data-id=\"955c713\" data-element_type=\"widget\" data-widget_type=\"pxl_contact_form.default\">\n\t\t\t\t<div class=\"elementor-widget-container\">\n\t\t\t    <div class=\"pxl-contact-form pxl-contact-form1 btn-w-auto\" data-wow-delay=\"ms\">\r\n        \n<div class=\"wpcf7 no-js\" id=\"wpcf7-f581-o1\" lang=\"en-US\" dir=\"ltr\">\n<div class=\"screen-reader-response\"><p role=\"status\" aria-live=\"polite\" aria-atomic=\"true\"><\/p> <ul><\/ul><\/div>\n<form action=\"\/wp-json\/wp\/v2\/pages\/39\" method=\"post\" class=\"wpcf7-form init\" aria-label=\"Contact form\" novalidate=\"novalidate\" data-status=\"init\" data-trp-original-action=\"\/tr\/wp-json\/wp\/v2\/pages\/39#wpcf7-f581-o1\">\n<div style=\"display: none;\">\n<input type=\"hidden\" name=\"_wpcf7\" value=\"581\" \/>\n<input type=\"hidden\" name=\"_wpcf7_version\" value=\"5.9.8\" \/>\n<input type=\"hidden\" name=\"_wpcf7_locale\" value=\"en_US\" \/>\n<input type=\"hidden\" name=\"_wpcf7_unit_tag\" value=\"wpcf7-f581-o1\" \/>\n<input type=\"hidden\" name=\"_wpcf7_container_post\" value=\"0\" \/>\n<input type=\"hidden\" name=\"_wpcf7_posted_data_hash\" value=\"\" \/>\n<\/div>\n<div class=\"uacf7-form-581\"><div class=\"wrap-ctf-page wrap-form\">\n\t<div class=\"containter\">\n\t\t<div class=\"row\">\n\t\t\t<div class=\"input-filled col-xl-6 col-lg-6 col-md-6 col-sm-6 col-xs-12\">\n\t\t\t\t<span class=\"wpcf7-form-control-wrap your-name\">\n\t\t\t\t\t<span class=\"wpcf7-form-control-wrap\" data-name=\"your-name\"><input size=\"40\" maxlength=\"400\" class=\"wpcf7-form-control wpcf7-text wpcf7-validates-as-required\" aria-required=\"true\" aria-invalid=\"false\" placeholder=\"*Tam Ad\u0131\" value=\"\" type=\"text\" name=\"your-name\" \/><\/span>\n\t\t\t\t<\/span>\n\t\t\t<\/div>   \n\t\t\t<div class=\"input-filled col-xl-6 col-lg-6 col-md-6 col-sm-6 col-xs-12\">\n\t\t\t\t<span class=\"wpcf7-form-control-wrap your-email\">\n\t\t\t\t\t<span class=\"wpcf7-form-control-wrap\" data-name=\"your-email\"><input size=\"40\" maxlength=\"400\" class=\"wpcf7-form-control wpcf7-email wpcf7-validates-as-required wpcf7-text wpcf7-validates-as-email\" aria-required=\"true\" aria-invalid=\"false\" placeholder=\"*E-posta Adresi\" value=\"\" type=\"email\" name=\"your-email\" \/><\/span>\n\t\t\t\t<\/span>\n\t\t\t<\/div> \t\t\n\t\t\t<div class=\"input-filled col-xl-6 col-lg-6 col-md-12 col-sm-12 col-xs-12\">\n\t\t\t\t<span class=\"wpcf7-form-control-wrap your-phone\">\n\t\t\t\t\t<span class=\"wpcf7-form-control-wrap\" data-name=\"your-phone\"><input size=\"40\" maxlength=\"400\" class=\"wpcf7-form-control wpcf7-tel wpcf7-validates-as-required wpcf7-text wpcf7-validates-as-tel\" aria-required=\"true\" aria-invalid=\"false\" placeholder=\"*Telefon Numaras\u0131\" value=\"\" type=\"tel\" name=\"your-phone\" \/><\/span>\n\t\t\t\t<\/span>\n\t\t\t<\/div>\n\t\t\t<div class=\"input-filled col-xl-6 col-lg-6 col-md-12 col-sm-12 col-xs-12\">\n\t\t\t\t<span class=\"wpcf7-form-control-wrap your-service\">\n\t\t\t\t\t<span class=\"wpcf7-form-control-wrap\" data-name=\"message-type\"><select class=\"wpcf7-form-control wpcf7-select\" aria-invalid=\"false\" name=\"message-type\"><option value=\"What are your needs?\">\u0130htiya\u00e7lar\u0131n\u0131z nelerdir?<\/option><option value=\"Cardiovascular Diseases\">Kardiyovask\u00fcler Hastal\u0131klar<\/option><option value=\"Musculoskeletal Diseases\">Kas-\u0130skelet Hastal\u0131klar\u0131<\/option><option value=\"Join TRAIN as a Doctor\">TRAIN'e Doktor Olarak Kat\u0131l\u0131n<\/option><option value=\"Join TRAIN as a Hospital\">TRAIN'e Hastane Olarak Kat\u0131l\u0131n<\/option><option value=\"Other\">Di\u011fer<\/option><\/select><\/span>\n\t\t\t\t<\/span>\n\t\t\t<\/div>  \n\t\t\t<div class=\"input-filled col-xl-12\">\n\t\t\t\t<span class=\"wpcf7-form-control-wrap message-detail\">\n\t\t\t\t\t<span class=\"wpcf7-form-control-wrap\" data-name=\"message-detail\"><textarea cols=\"40\" rows=\"10\" maxlength=\"2000\" class=\"wpcf7-form-control wpcf7-textarea wpcf7-validates-as-required\" aria-required=\"true\" aria-invalid=\"false\" placeholder=\"Mesaj....\" name=\"message-detail\"><\/textarea><\/span>\n\t\t\t\t<\/span>\n\t\t\t<\/div>\n\t\t\t<div class=\"input-filled col-xl-12 d-flex\"> \n\t\t\t\t<button type=\"submit\" class=\"wpcf7-submit wpcf7-btn-abs\" > G\u00f6nder <svg fill=\"none\" height=\"15\" viewbox=\"0 0 24 24\" width=\"17\" xmlns=\"http:\/\/www.w3.org\/2000\/svg\" id=\"fi_10322482\"><path d=\"m22.1012 10.5616-19.34831-9.43824c-.1664-.08117-.34912-.12336-.53427-.12336-.67302 0-1.21862.5456-1.21862 1.21862v.03517c0 .16352.02005.32643.05971.48507l1.85597 7.42384c.05069.2028.22214.3526.42986.3757l8.15756.9064c.2829.0314.4969.2705.4969.5552s-.214.5238-.4969.5552l-8.15756.9064c-.20772.0231-.37917.1729-.42986.3757l-1.85597 7.4238c-.03966.1587-.05971.3216-.05971.4851v.0352c0 .673.5456 1.2186 1.21862 1.2186.18515 0 .36787-.0422.53427-.1234l19.34831-9.4382c.5499-.2682.8988-.8265.8988-1.4384s-.3489-1.1702-.8988-1.4384z\" fill=\"rgb(0,0,0)\"><\/path><\/svg> <\/button>\n\t\t\t<\/div>\n\t\t<\/div>\n\t<\/div>\n<\/div><\/div><div class=\"wpcf7-response-output\" aria-hidden=\"true\"><\/div>\n<input type=\"hidden\" name=\"trp-form-language\" value=\"tr\"\/><\/form>\n<\/div>\n        <div id=\"qrcode\" class=\"hide-qr\"><\/div>\r\n    <\/div>\r\n\t\t<\/div>\n\t\t\t\t<\/div>\n\t\t            <\/div>\r\n        <\/div>\r\n        \t\t\t<\/div>\n\t\t<\/section>\n\t\t\t\t<div class=\"elementor-element elementor-element-28a297a elementor-widget elementor-widget-google_maps\" data-id=\"28a297a\" data-element_type=\"widget\" data-widget_type=\"google_maps.default\">\n\t\t\t\t<div class=\"elementor-widget-container\">\n\t\t\t\t\t<div class=\"elementor-custom-embed\">\n\t\t\t<iframe loading=\"lazy\"\n\t\t\t\t\tsrc=\"https:\/\/maps.google.com\/maps?q=Amsterdam&#038;t=m&#038;z=10&#038;output=embed&#038;iwloc=near\"\n\t\t\t\t\ttitle=\"Amsterdam\"\n\t\t\t\t\taria-label=\"Amsterdam\"\n\t\t\t><\/iframe>\n\t\t<\/div>\n\t\t\t\t<\/div>\n\t\t\t\t<\/div>\n\t\t            <\/div>\r\n        <\/div>\r\n        \t\t\t<\/div>\n\t\t<\/section>\n\t\t\t\t<\/div>","protected":false},"excerpt":{"rendered":"<p>Contact Home Contact Us Send us a message. Follow Us: LinkedIn What are your needs?Cardiovascular DiseasesMusculoskeletal DiseasesJoin TRAIN as a DoctorJoin TRAIN as a HospitalOther Submit<\/p>","protected":false},"author":1,"featured_media":0,"parent":0,"menu_order":0,"comment_status":"closed","ping_status":"closed","template":"","meta":{"footnotes":""},"class_list":["post-39","page","type-page","status-publish","hentry"],"yoast_head":"<!-- This site is optimized with the Yoast SEO plugin v24.9 - https:\/\/yoast.com\/wordpress\/plugins\/seo\/ -->\n<title>Contact - TRAIN Health Awareness<\/title>\n<meta name=\"robots\" content=\"index, follow, max-snippet:-1, max-image-preview:large, max-video-preview:-1\" \/>\n<link rel=\"canonical\" href=\"https:\/\/trainhealthawareness.com\/tr\/contact\/\" \/>\n<meta property=\"og:locale\" content=\"tr_TR\" \/>\n<meta property=\"og:type\" content=\"article\" \/>\n<meta property=\"og:title\" content=\"Contact - TRAIN Health Awareness\" \/>\n<meta property=\"og:description\" content=\"Contact Home Contact Us Send us a message. Follow Us: LinkedIn What are your needs?Cardiovascular DiseasesMusculoskeletal DiseasesJoin TRAIN as a DoctorJoin TRAIN as a HospitalOther Submit\" \/>\n<meta property=\"og:url\" content=\"https:\/\/trainhealthawareness.com\/tr\/contact\/\" \/>\n<meta property=\"og:site_name\" content=\"TRAIN Health Awareness\" \/>\n<meta property=\"article:modified_time\" content=\"2026-01-08T07:53:11+00:00\" \/>\n<meta name=\"twitter:card\" content=\"summary_large_image\" \/>\n<meta name=\"twitter:label1\" content=\"Tahmini okuma s\u00fcresi\" \/>\n\t<meta name=\"twitter:data1\" content=\"1 dakika\" \/>\n<script type=\"application\/ld+json\" class=\"yoast-schema-graph\">{\"@context\":\"https:\/\/schema.org\",\"@graph\":[{\"@type\":\"WebPage\",\"@id\":\"https:\/\/trainhealthawareness.com\/contact\/\",\"url\":\"https:\/\/trainhealthawareness.com\/contact\/\",\"name\":\"Contact - TRAIN Health Awareness\",\"isPartOf\":{\"@id\":\"https:\/\/trainhealthawareness.com\/nl\/#website\"},\"datePublished\":\"2024-07-18T16:05:04+00:00\",\"dateModified\":\"2026-01-08T07:53:11+00:00\",\"breadcrumb\":{\"@id\":\"https:\/\/trainhealthawareness.com\/contact\/#breadcrumb\"},\"inLanguage\":\"tr\",\"potentialAction\":[{\"@type\":\"ReadAction\",\"target\":[\"https:\/\/trainhealthawareness.com\/contact\/\"]}]},{\"@type\":\"BreadcrumbList\",\"@id\":\"https:\/\/trainhealthawareness.com\/contact\/#breadcrumb\",\"itemListElement\":[{\"@type\":\"ListItem\",\"position\":1,\"name\":\"Home\",\"item\":\"https:\/\/trainhealthawareness.com\/\"},{\"@type\":\"ListItem\",\"position\":2,\"name\":\"Contact\"}]},{\"@type\":\"WebSite\",\"@id\":\"https:\/\/trainhealthawareness.com\/nl\/#website\",\"url\":\"https:\/\/trainhealthawareness.com\/nl\/\",\"name\":\"TRAIN Health Awareness\",\"description\":\"Targeted Cardiovascular Risk Reduction\",\"publisher\":{\"@id\":\"https:\/\/trainhealthawareness.com\/nl\/#organization\"},\"potentialAction\":[{\"@type\":\"SearchAction\",\"target\":{\"@type\":\"EntryPoint\",\"urlTemplate\":\"https:\/\/trainhealthawareness.com\/nl\/?s={search_term_string}\"},\"query-input\":{\"@type\":\"PropertyValueSpecification\",\"valueRequired\":true,\"valueName\":\"search_term_string\"}}],\"inLanguage\":\"tr\"},{\"@type\":\"Organization\",\"@id\":\"https:\/\/trainhealthawareness.com\/nl\/#organization\",\"name\":\"TRAIN Health Awareness\",\"url\":\"https:\/\/trainhealthawareness.com\/nl\/\",\"logo\":{\"@type\":\"ImageObject\",\"inLanguage\":\"tr\",\"@id\":\"https:\/\/trainhealthawareness.com\/nl\/#\/schema\/logo\/image\/\",\"url\":\"https:\/\/trainhealthawareness.com\/wp-content\/uploads\/2025\/01\/logo-inverted.png\",\"contentUrl\":\"https:\/\/trainhealthawareness.com\/wp-content\/uploads\/2025\/01\/logo-inverted.png\",\"width\":640,\"height\":136,\"caption\":\"TRAIN Health Awareness\"},\"image\":{\"@id\":\"https:\/\/trainhealthawareness.com\/nl\/#\/schema\/logo\/image\/\"},\"sameAs\":[\"https:\/\/www.linkedin.com\/in\/nimratgrewal\/\"]}]}<\/script>\n<!-- \/ Yoast SEO plugin. -->","yoast_head_json":{"title":"Contact - TRAIN Health Awareness","robots":{"index":"index","follow":"follow","max-snippet":"max-snippet:-1","max-image-preview":"max-image-preview:large","max-video-preview":"max-video-preview:-1"},"canonical":"https:\/\/trainhealthawareness.com\/tr\/contact\/","og_locale":"tr_TR","og_type":"article","og_title":"Contact - TRAIN Health Awareness","og_description":"Contact Home Contact Us Send us a message. Follow Us: LinkedIn What are your needs?Cardiovascular DiseasesMusculoskeletal DiseasesJoin TRAIN as a DoctorJoin TRAIN as a HospitalOther Submit","og_url":"https:\/\/trainhealthawareness.com\/tr\/contact\/","og_site_name":"TRAIN Health Awareness","article_modified_time":"2026-01-08T07:53:11+00:00","twitter_card":"summary_large_image","twitter_misc":{"Tahmini okuma s\u00fcresi":"1 dakika"},"schema":{"@context":"https:\/\/schema.org","@graph":[{"@type":"WebPage","@id":"https:\/\/trainhealthawareness.com\/contact\/","url":"https:\/\/trainhealthawareness.com\/contact\/","name":"Contact - TRAIN Health Awareness","isPartOf":{"@id":"https:\/\/trainhealthawareness.com\/nl\/#website"},"datePublished":"2024-07-18T16:05:04+00:00","dateModified":"2026-01-08T07:53:11+00:00","breadcrumb":{"@id":"https:\/\/trainhealthawareness.com\/contact\/#breadcrumb"},"inLanguage":"tr","potentialAction":[{"@type":"ReadAction","target":["https:\/\/trainhealthawareness.com\/contact\/"]}]},{"@type":"BreadcrumbList","@id":"https:\/\/trainhealthawareness.com\/contact\/#breadcrumb","itemListElement":[{"@type":"ListItem","position":1,"name":"Home","item":"https:\/\/trainhealthawareness.com\/"},{"@type":"ListItem","position":2,"name":"Contact"}]},{"@type":"WebSite","@id":"https:\/\/trainhealthawareness.com\/nl\/#website","url":"https:\/\/trainhealthawareness.com\/nl\/","name":"TRAIN Health Awareness","description":"Targeted Cardiovascular Risk Reduction","publisher":{"@id":"https:\/\/trainhealthawareness.com\/nl\/#organization"},"potentialAction":[{"@type":"SearchAction","target":{"@type":"EntryPoint","urlTemplate":"https:\/\/trainhealthawareness.com\/nl\/?s={search_term_string}"},"query-input":{"@type":"PropertyValueSpecification","valueRequired":true,"valueName":"search_term_string"}}],"inLanguage":"tr"},{"@type":"Organization","@id":"https:\/\/trainhealthawareness.com\/nl\/#organization","name":"TRAIN Health Awareness","url":"https:\/\/trainhealthawareness.com\/nl\/","logo":{"@type":"ImageObject","inLanguage":"tr","@id":"https:\/\/trainhealthawareness.com\/nl\/#\/schema\/logo\/image\/","url":"https:\/\/trainhealthawareness.com\/wp-content\/uploads\/2025\/01\/logo-inverted.png","contentUrl":"https:\/\/trainhealthawareness.com\/wp-content\/uploads\/2025\/01\/logo-inverted.png","width":640,"height":136,"caption":"TRAIN Health Awareness"},"image":{"@id":"https:\/\/trainhealthawareness.com\/nl\/#\/schema\/logo\/image\/"},"sameAs":["https:\/\/www.linkedin.com\/in\/nimratgrewal\/"]}]}},"_links":{"self":[{"href":"https:\/\/trainhealthawareness.com\/tr\/wp-json\/wp\/v2\/pages\/39","targetHints":{"allow":["GET"]}}],"collection":[{"href":"https:\/\/trainhealthawareness.com\/tr\/wp-json\/wp\/v2\/pages"}],"about":[{"href":"https:\/\/trainhealthawareness.com\/tr\/wp-json\/wp\/v2\/types\/page"}],"author":[{"embeddable":true,"href":"https:\/\/trainhealthawareness.com\/tr\/wp-json\/wp\/v2\/users\/1"}],"replies":[{"embeddable":true,"href":"https:\/\/trainhealthawareness.com\/tr\/wp-json\/wp\/v2\/comments?post=39"}],"version-history":[{"count":6,"href":"https:\/\/trainhealthawareness.com\/tr\/wp-json\/wp\/v2\/pages\/39\/revisions"}],"predecessor-version":[{"id":13761,"href":"https:\/\/trainhealthawareness.com\/tr\/wp-json\/wp\/v2\/pages\/39\/revisions\/13761"}],"wp:attachment":[{"href":"https:\/\/trainhealthawareness.com\/tr\/wp-json\/wp\/v2\/media?parent=39"}],"curies":[{"name":"wp","href":"https:\/\/api.w.org\/{rel}","templated":true}]}}