{"id":53,"date":"2024-07-18T16:06:05","date_gmt":"2024-07-18T16:06:05","guid":{"rendered":"https:\/\/demo.casethemes.net\/medicross\/?page_id=53"},"modified":"2026-01-08T07:53:50","modified_gmt":"2026-01-08T07:53:50","slug":"terms","status":"publish","type":"page","link":"https:\/\/trainhealthawareness.com\/es\/terms\/","title":{"rendered":"Condiciones generales"},"content":{"rendered":"<div data-elementor-type=\"wp-page\" data-elementor-id=\"53\" class=\"elementor elementor-53\">\n\t\t\t\t        <section class=\"elementor-section elementor-top-section elementor-element elementor-element-2736a61 elementor-section-stretched elementor-section-boxed elementor-section-height-default elementor-section-height-default pxl-row-scroll-none pxl-zoom-point-false pxl-section-overflow-visible pxl-section-fix-none pxl-bg-color-none pxl-section-overlay-none\" data-id=\"2736a61\" data-element_type=\"section\" data-settings=\"{&quot;stretch_section&quot;:&quot;section-stretched&quot;}\">\n\n                \n                <div class=\"elementor-container elementor-column-gap-extended\">\n                <div class=\"elementor-column elementor-col-100 elementor-top-column elementor-element elementor-element-56d9aa9 pxl-column-none\" data-id=\"56d9aa9\" data-element_type=\"column\" data-settings=\"{&quot;background_background&quot;:&quot;classic&quot;}\">\r\n        <div class=\"elementor-widget-wrap elementor-element-populated\">\r\n                                <div class=\"elementor-background-overlay\"><\/div>\r\n         \r\n                <section class=\"elementor-section elementor-inner-section elementor-element elementor-element-0bab06f elementor-section-content-bottom elementor-section-boxed elementor-section-height-default elementor-section-height-default pxl-row-scroll-none pxl-zoom-point-false pxl-section-overflow-visible pxl-section-fix-none pxl-bg-color-none pxl-section-overlay-none\" data-id=\"0bab06f\" data-element_type=\"section\">\n\n                \n                <div class=\"elementor-container elementor-column-gap-extended\">\n                <div class=\"elementor-column elementor-col-50 elementor-inner-column elementor-element elementor-element-9997538 pxl-column-none pxl-column-overflow-hidden-no\" data-id=\"9997538\" data-element_type=\"column\">\r\n        <div class=\"elementor-widget-wrap elementor-element-populated\">\r\n                     \r\n        \t\t<div class=\"elementor-element elementor-element-cd0604b elementor-widget__width-auto elementor-widget elementor-widget-pxl_heading\" data-id=\"cd0604b\" data-element_type=\"widget\" data-widget_type=\"pxl_heading.default\">\n\t\t\t\t<div class=\"elementor-widget-container\">\n\t\t\t\n<div id=\"pxl-pxl_heading-cd0604b-2548\" class=\"pxl-heading px-sub-title-default-style\">\n\t<div class=\"pxl-heading--inner\">\n\t\t\n\t\t<h3 class=\"pxl-item--title style-default  highlight-default\" data-wow-delay=\"ms\">\n\t\t\t\t\tCondiciones generales\t\n\t\t\t\n\t\t<\/h3>\n\t\t\n\t<\/div>\n<\/div>\t\t<\/div>\n\t\t\t\t<\/div>\n\t\t            <\/div>\r\n        <\/div>\r\n                <div class=\"elementor-column elementor-col-50 elementor-inner-column elementor-element elementor-element-e364276 pxl-column-none pxl-column-overflow-hidden-no\" data-id=\"e364276\" data-element_type=\"column\">\r\n        <div class=\"elementor-widget-wrap elementor-element-populated\">\r\n                     \r\n        \t\t<div class=\"elementor-element elementor-element-537544f elementor-widget__width-auto elementor-widget elementor-widget-pxl_breadcrumb\" data-id=\"537544f\" data-element_type=\"widget\" data-widget_type=\"pxl_breadcrumb.default\">\n\t\t\t\t<div class=\"elementor-widget-container\">\n\t\t\t<div class=\"pxl-breadcrumb-wrap\">\n\t<ul class=\"pxl-breadcrumb\"><li><span class=\"breadcrumb-entry\">Inicio<\/span><\/li><\/ul><\/div>\t\t<\/div>\n\t\t\t\t<\/div>\n\t\t            <\/div>\r\n        <\/div>\r\n        \t\t\t<\/div>\n\t\t<\/section>\n\t\t            <\/div>\r\n        <\/div>\r\n        \t\t\t<\/div>\n\t\t<\/section>\n\t\t        <section class=\"elementor-section elementor-top-section elementor-element elementor-element-9f28064 elementor-section-stretched elementor-section-boxed elementor-section-height-default elementor-section-height-default pxl-row-scroll-none pxl-zoom-point-false pxl-section-overflow-visible pxl-section-fix-none pxl-bg-color-none pxl-section-overlay-none\" data-id=\"9f28064\" data-element_type=\"section\" data-settings=\"{&quot;stretch_section&quot;:&quot;section-stretched&quot;}\">\n\n                \n                <div class=\"elementor-container elementor-column-gap-extended\">\n                <div class=\"elementor-column elementor-col-100 elementor-top-column elementor-element elementor-element-419605c pxl-column-none pxl-column-overflow-hidden-no\" data-id=\"419605c\" data-element_type=\"column\">\r\n        <div class=\"elementor-widget-wrap elementor-element-populated\">\r\n                     \r\n        \t\t<div class=\"elementor-element elementor-element-a661988 elementor-widget elementor-widget-pxl_text_editor\" data-id=\"a661988\" data-element_type=\"widget\" data-widget_type=\"pxl_text_editor.default\">\n\t\t\t\t<div class=\"elementor-widget-container\">\n\t\t\t<div class=\"pxl-text-editor default\">\n\t<div class=\"pxl-item--inner\" data-wow-delay=\"ms\">\n\t\t<h4><strong>1. Introducci\u00f3n<\/strong><\/h4><p>Bienvenido a TRAIN Health Awareness Programme (\"nosotros\", \"nuestro\" o \"nos\"). Al utilizar nuestro sitio web, usted acepta quedar vinculado por estos T\u00e9rminos y Condiciones. Si no est\u00e1 de acuerdo, no utilice nuestro sitio web.<\/p>\t\t\n\t<\/div>\n<\/div>\t\t<\/div>\n\t\t\t\t<\/div>\n\t\t\t\t<div class=\"elementor-element elementor-element-4cb7975 elementor-widget elementor-widget-pxl_text_editor\" data-id=\"4cb7975\" data-element_type=\"widget\" data-widget_type=\"pxl_text_editor.default\">\n\t\t\t\t<div class=\"elementor-widget-container\">\n\t\t\t<div class=\"pxl-text-editor default\">\n\t<div class=\"pxl-item--inner\" data-wow-delay=\"ms\">\n\t\t<h4><strong>2. Descargo de responsabilidad<\/strong><\/h4><p>El Programa TRAIN de Concienciaci\u00f3n sobre la Salud proporciona informaci\u00f3n general sobre salud, forma f\u00edsica, atenci\u00f3n plena y nutrici\u00f3n con fines exclusivamente educativos.<\/p><ol><li><strong>No es un consejo m\u00e9dico:<\/strong> El contenido de nuestro sitio web no sustituye el asesoramiento, diagn\u00f3stico o tratamiento m\u00e9dico profesional. Consulte siempre a un profesional sanitario cualificado antes de tomar cualquier decisi\u00f3n relacionada con su salud.<\/li><li><strong>Fitness y ejercicio:<\/strong> Cualquier programa o ejercicio de fitness proporcionado en nuestro sitio web debe realizarse bajo su propia responsabilidad. Si padece alguna enfermedad o lesi\u00f3n, consulte a un m\u00e9dico antes de participar en cualquier actividad de fitness.<\/li><li><strong>Orientaci\u00f3n nutricional:<\/strong> Nuestra informaci\u00f3n nutricional es de car\u00e1cter general y puede no ser adecuada para todo el mundo. Consulte siempre a un dietista titulado o a un profesional sanitario antes de hacer cambios importantes en su dieta.<\/li><li><strong>Atenci\u00f3n plena y bienestar:<\/strong> Aunque la atenci\u00f3n plena y las t\u00e9cnicas de gesti\u00f3n del estr\u00e9s pueden ser beneficiosas, no sustituyen al tratamiento profesional de la salud mental. Busque la atenci\u00f3n adecuada si sufre estr\u00e9s grave, ansiedad o depresi\u00f3n.<\/li><\/ol><p>Al utilizar nuestro sitio web, usted reconoce que comprende y acepta esta cl\u00e1usula de exenci\u00f3n de responsabilidad. Si no est\u00e1 de acuerdo, le rogamos que deje de utilizar el sitio web.<\/p>\t\t\n\t<\/div>\n<\/div>\t\t<\/div>\n\t\t\t\t<\/div>\n\t\t\t\t<div class=\"elementor-element elementor-element-b3f1a0e elementor-widget elementor-widget-pxl_text_editor\" data-id=\"b3f1a0e\" data-element_type=\"widget\" data-widget_type=\"pxl_text_editor.default\">\n\t\t\t\t<div class=\"elementor-widget-container\">\n\t\t\t<div class=\"pxl-text-editor default\">\n\t<div class=\"pxl-item--inner\" data-wow-delay=\"ms\">\n\t\t<h4><strong>3. Uso del sitio web<\/strong><\/h4><ul><li>Debe tener al menos 18 a\u00f1os para utilizar nuestro sitio web.<\/li><li>El contenido de nuestro sitio web es meramente informativo y no debe considerarse asesoramiento m\u00e9dico.<\/li><li>Usted se compromete a no hacer un uso indebido del sitio web ni a intentar obtener un acceso no autorizado.<\/li><\/ul>\t\t\n\t<\/div>\n<\/div>\t\t<\/div>\n\t\t\t\t<\/div>\n\t\t\t\t<div class=\"elementor-element elementor-element-4b97879 elementor-widget elementor-widget-pxl_text_editor\" data-id=\"4b97879\" data-element_type=\"widget\" data-widget_type=\"pxl_text_editor.default\">\n\t\t\t\t<div class=\"elementor-widget-container\">\n\t\t\t<div class=\"pxl-text-editor default\">\n\t<div class=\"pxl-item--inner\" data-wow-delay=\"ms\">\n\t\t<h4><strong>4. 4. Propiedad intelectual<\/strong><\/h4><ul><li>Todos los contenidos, logotipos y materiales de este sitio web son propiedad de TRAIN Health Awareness Programme y est\u00e1n protegidos por las leyes de propiedad intelectual.<\/li><li>No puede copiar, distribuir ni modificar nuestro contenido sin nuestro consentimiento por escrito.<\/li><\/ul>\t\t\n\t<\/div>\n<\/div>\t\t<\/div>\n\t\t\t\t<\/div>\n\t\t\t\t<div class=\"elementor-element elementor-element-b480cd9 elementor-widget elementor-widget-pxl_text_editor\" data-id=\"b480cd9\" data-element_type=\"widget\" data-widget_type=\"pxl_text_editor.default\">\n\t\t\t\t<div class=\"elementor-widget-container\">\n\t\t\t<div class=\"pxl-text-editor default\">\n\t<div class=\"pxl-item--inner\" data-wow-delay=\"ms\">\n\t\t<h4><strong>5. Privacidad<\/strong><\/h4><ul><li>Respetamos su privacidad. Consulte nuestra Pol\u00edtica de privacidad para saber c\u00f3mo recopilamos y utilizamos sus datos.<\/li><\/ul>\t\t\n\t<\/div>\n<\/div>\t\t<\/div>\n\t\t\t\t<\/div>\n\t\t\t\t<div class=\"elementor-element elementor-element-28fcf0c elementor-widget elementor-widget-pxl_text_editor\" data-id=\"28fcf0c\" data-element_type=\"widget\" data-widget_type=\"pxl_text_editor.default\">\n\t\t\t\t<div class=\"elementor-widget-container\">\n\t\t\t<div class=\"pxl-text-editor default\">\n\t<div class=\"pxl-item--inner\" data-wow-delay=\"ms\">\n\t\t<h4><strong>6. Limitaci\u00f3n de responsabilidad<\/strong><\/h4><ul><li>No garantizamos la exactitud, integridad o fiabilidad de ninguna informaci\u00f3n relacionada con la salud que se facilite en nuestro sitio web.<\/li><li>No nos hacemos responsables de ning\u00fan da\u00f1o o perjuicio derivado del uso de nuestro sitio web o de la confianza depositada en nuestros contenidos.<\/li><\/ul>\t\t\n\t<\/div>\n<\/div>\t\t<\/div>\n\t\t\t\t<\/div>\n\t\t\t\t<div class=\"elementor-element elementor-element-9585701 elementor-widget elementor-widget-pxl_text_editor\" data-id=\"9585701\" data-element_type=\"widget\" data-widget_type=\"pxl_text_editor.default\">\n\t\t\t\t<div class=\"elementor-widget-container\">\n\t\t\t<div class=\"pxl-text-editor default\">\n\t<div class=\"pxl-item--inner\" data-wow-delay=\"ms\">\n\t\t<h4><strong>7. Enlaces externos<\/strong><\/h4>\n<ul>\n \t<li>Nuestro sitio web puede contener enlaces a sitios web de terceros. No somos responsables de su contenido ni de sus pr\u00e1cticas.<\/li>\n<\/ul>\t\t\n\t<\/div>\n<\/div>\t\t<\/div>\n\t\t\t\t<\/div>\n\t\t\t\t<div class=\"elementor-element elementor-element-8f6c747 elementor-widget elementor-widget-pxl_text_editor\" data-id=\"8f6c747\" data-element_type=\"widget\" data-widget_type=\"pxl_text_editor.default\">\n\t\t\t\t<div class=\"elementor-widget-container\">\n\t\t\t<div class=\"pxl-text-editor default\">\n\t<div class=\"pxl-item--inner\" data-wow-delay=\"ms\">\n\t\t<h4><strong>8. 8. Modificaci\u00f3n de las condiciones<\/strong><\/h4>\n<ul>\n \t<li>Podemos actualizar estos T\u00e9rminos y Condiciones de vez en cuando. El uso continuado del sitio web implica la aceptaci\u00f3n de cualquier actualizaci\u00f3n.<\/li>\n<\/ul>\t\t\n\t<\/div>\n<\/div>\t\t<\/div>\n\t\t\t\t<\/div>\n\t\t\t\t<div class=\"elementor-element elementor-element-ce7c858 elementor-widget elementor-widget-pxl_text_editor\" data-id=\"ce7c858\" data-element_type=\"widget\" data-widget_type=\"pxl_text_editor.default\">\n\t\t\t\t<div class=\"elementor-widget-container\">\n\t\t\t<div class=\"pxl-text-editor default\">\n\t<div class=\"pxl-item--inner\" data-wow-delay=\"ms\">\n\t\t<h4><strong>9. Contacto<\/strong><\/h4><ul><li>Si tiene alguna pregunta, puede ponerse en contacto con nosotros a trav\u00e9s de nuestra p\u00e1gina de contacto.<\/li><\/ul>\t\t\n\t<\/div>\n<\/div>\t\t<\/div>\n\t\t\t\t<\/div>\n\t\t            <\/div>\r\n        <\/div>\r\n        \t\t\t<\/div>\n\t\t<\/section>\n\t\t\t\t<\/div>","protected":false},"excerpt":{"rendered":"<p>Terms and Conditions Home 1. Introduction Welcome to TRAIN Health Awareness Programme (\u201cwe,\u201d \u201cour,\u201d or \u201cus\u201d). By using our website, you agree to be bound by these Terms and Conditions. If you do not agree, please do not use our website. 2. Disclaimer The TRAIN Health Awareness Programme provides general health, fitness, mindfulness, and nutrition [&hellip;]<\/p>","protected":false},"author":1,"featured_media":0,"parent":0,"menu_order":0,"comment_status":"closed","ping_status":"closed","template":"","meta":{"footnotes":""},"class_list":["post-53","page","type-page","status-publish","hentry"],"yoast_head":"<!-- This site is optimized with the Yoast SEO plugin v24.9 - https:\/\/yoast.com\/wordpress\/plugins\/seo\/ -->\n<title>Terms and Conditions - TRAIN Health Awareness<\/title>\n<meta name=\"robots\" content=\"index, follow, max-snippet:-1, max-image-preview:large, max-video-preview:-1\" \/>\n<link rel=\"canonical\" href=\"https:\/\/trainhealthawareness.com\/es\/terms\/\" \/>\n<meta property=\"og:locale\" content=\"es_ES\" \/>\n<meta property=\"og:type\" content=\"article\" \/>\n<meta property=\"og:title\" content=\"Terms and Conditions - TRAIN Health Awareness\" \/>\n<meta property=\"og:description\" content=\"Terms and Conditions Home 1. Introduction Welcome to TRAIN Health Awareness Programme (\u201cwe,\u201d \u201cour,\u201d or \u201cus\u201d). By using our website, you agree to be bound by these Terms and Conditions. If you do not agree, please do not use our website. 2. Disclaimer The TRAIN Health Awareness Programme provides general health, fitness, mindfulness, and nutrition [&hellip;]\" \/>\n<meta property=\"og:url\" content=\"https:\/\/trainhealthawareness.com\/es\/terms\/\" \/>\n<meta property=\"og:site_name\" content=\"TRAIN Health Awareness\" \/>\n<meta property=\"article:modified_time\" content=\"2026-01-08T07:53:50+00:00\" \/>\n<meta name=\"twitter:card\" content=\"summary_large_image\" \/>\n<meta name=\"twitter:label1\" content=\"Tiempo de lectura\" \/>\n\t<meta name=\"twitter:data1\" content=\"2 minutos\" \/>\n<script type=\"application\/ld+json\" class=\"yoast-schema-graph\">{\"@context\":\"https:\/\/schema.org\",\"@graph\":[{\"@type\":\"WebPage\",\"@id\":\"https:\/\/trainhealthawareness.com\/terms\/\",\"url\":\"https:\/\/trainhealthawareness.com\/terms\/\",\"name\":\"Terms and Conditions - TRAIN Health Awareness\",\"isPartOf\":{\"@id\":\"https:\/\/trainhealthawareness.com\/nl\/#website\"},\"datePublished\":\"2024-07-18T16:06:05+00:00\",\"dateModified\":\"2026-01-08T07:53:50+00:00\",\"breadcrumb\":{\"@id\":\"https:\/\/trainhealthawareness.com\/terms\/#breadcrumb\"},\"inLanguage\":\"es\",\"potentialAction\":[{\"@type\":\"ReadAction\",\"target\":[\"https:\/\/trainhealthawareness.com\/terms\/\"]}]},{\"@type\":\"BreadcrumbList\",\"@id\":\"https:\/\/trainhealthawareness.com\/terms\/#breadcrumb\",\"itemListElement\":[{\"@type\":\"ListItem\",\"position\":1,\"name\":\"Home\",\"item\":\"https:\/\/trainhealthawareness.com\/\"},{\"@type\":\"ListItem\",\"position\":2,\"name\":\"Terms and Conditions\"}]},{\"@type\":\"WebSite\",\"@id\":\"https:\/\/trainhealthawareness.com\/nl\/#website\",\"url\":\"https:\/\/trainhealthawareness.com\/nl\/\",\"name\":\"TRAIN Health Awareness\",\"description\":\"Targeted Cardiovascular Risk Reduction\",\"publisher\":{\"@id\":\"https:\/\/trainhealthawareness.com\/nl\/#organization\"},\"potentialAction\":[{\"@type\":\"SearchAction\",\"target\":{\"@type\":\"EntryPoint\",\"urlTemplate\":\"https:\/\/trainhealthawareness.com\/nl\/?s={search_term_string}\"},\"query-input\":{\"@type\":\"PropertyValueSpecification\",\"valueRequired\":true,\"valueName\":\"search_term_string\"}}],\"inLanguage\":\"es\"},{\"@type\":\"Organization\",\"@id\":\"https:\/\/trainhealthawareness.com\/nl\/#organization\",\"name\":\"TRAIN Health Awareness\",\"url\":\"https:\/\/trainhealthawareness.com\/nl\/\",\"logo\":{\"@type\":\"ImageObject\",\"inLanguage\":\"es\",\"@id\":\"https:\/\/trainhealthawareness.com\/nl\/#\/schema\/logo\/image\/\",\"url\":\"https:\/\/trainhealthawareness.com\/wp-content\/uploads\/2025\/01\/logo-inverted.png\",\"contentUrl\":\"https:\/\/trainhealthawareness.com\/wp-content\/uploads\/2025\/01\/logo-inverted.png\",\"width\":640,\"height\":136,\"caption\":\"TRAIN Health Awareness\"},\"image\":{\"@id\":\"https:\/\/trainhealthawareness.com\/nl\/#\/schema\/logo\/image\/\"},\"sameAs\":[\"https:\/\/www.linkedin.com\/in\/nimratgrewal\/\"]}]}<\/script>\n<!-- \/ Yoast SEO plugin. -->","yoast_head_json":{"title":"Terms and Conditions - TRAIN Health Awareness","robots":{"index":"index","follow":"follow","max-snippet":"max-snippet:-1","max-image-preview":"max-image-preview:large","max-video-preview":"max-video-preview:-1"},"canonical":"https:\/\/trainhealthawareness.com\/es\/terms\/","og_locale":"es_ES","og_type":"article","og_title":"Terms and Conditions - TRAIN Health Awareness","og_description":"Terms and Conditions Home 1. Introduction Welcome to TRAIN Health Awareness Programme (\u201cwe,\u201d \u201cour,\u201d or \u201cus\u201d). By using our website, you agree to be bound by these Terms and Conditions. If you do not agree, please do not use our website. 2. Disclaimer The TRAIN Health Awareness Programme provides general health, fitness, mindfulness, and nutrition [&hellip;]","og_url":"https:\/\/trainhealthawareness.com\/es\/terms\/","og_site_name":"TRAIN Health Awareness","article_modified_time":"2026-01-08T07:53:50+00:00","twitter_card":"summary_large_image","twitter_misc":{"Tiempo de lectura":"2 minutos"},"schema":{"@context":"https:\/\/schema.org","@graph":[{"@type":"WebPage","@id":"https:\/\/trainhealthawareness.com\/terms\/","url":"https:\/\/trainhealthawareness.com\/terms\/","name":"Terms and Conditions - TRAIN Health Awareness","isPartOf":{"@id":"https:\/\/trainhealthawareness.com\/nl\/#website"},"datePublished":"2024-07-18T16:06:05+00:00","dateModified":"2026-01-08T07:53:50+00:00","breadcrumb":{"@id":"https:\/\/trainhealthawareness.com\/terms\/#breadcrumb"},"inLanguage":"es","potentialAction":[{"@type":"ReadAction","target":["https:\/\/trainhealthawareness.com\/terms\/"]}]},{"@type":"BreadcrumbList","@id":"https:\/\/trainhealthawareness.com\/terms\/#breadcrumb","itemListElement":[{"@type":"ListItem","position":1,"name":"Home","item":"https:\/\/trainhealthawareness.com\/"},{"@type":"ListItem","position":2,"name":"Terms and Conditions"}]},{"@type":"WebSite","@id":"https:\/\/trainhealthawareness.com\/nl\/#website","url":"https:\/\/trainhealthawareness.com\/nl\/","name":"TRAIN Health Awareness","description":"Targeted Cardiovascular Risk Reduction","publisher":{"@id":"https:\/\/trainhealthawareness.com\/nl\/#organization"},"potentialAction":[{"@type":"SearchAction","target":{"@type":"EntryPoint","urlTemplate":"https:\/\/trainhealthawareness.com\/nl\/?s={search_term_string}"},"query-input":{"@type":"PropertyValueSpecification","valueRequired":true,"valueName":"search_term_string"}}],"inLanguage":"es"},{"@type":"Organization","@id":"https:\/\/trainhealthawareness.com\/nl\/#organization","name":"TRAIN Health Awareness","url":"https:\/\/trainhealthawareness.com\/nl\/","logo":{"@type":"ImageObject","inLanguage":"es","@id":"https:\/\/trainhealthawareness.com\/nl\/#\/schema\/logo\/image\/","url":"https:\/\/trainhealthawareness.com\/wp-content\/uploads\/2025\/01\/logo-inverted.png","contentUrl":"https:\/\/trainhealthawareness.com\/wp-content\/uploads\/2025\/01\/logo-inverted.png","width":640,"height":136,"caption":"TRAIN Health Awareness"},"image":{"@id":"https:\/\/trainhealthawareness.com\/nl\/#\/schema\/logo\/image\/"},"sameAs":["https:\/\/www.linkedin.com\/in\/nimratgrewal\/"]}]}},"_links":{"self":[{"href":"https:\/\/trainhealthawareness.com\/es\/wp-json\/wp\/v2\/pages\/53","targetHints":{"allow":["GET"]}}],"collection":[{"href":"https:\/\/trainhealthawareness.com\/es\/wp-json\/wp\/v2\/pages"}],"about":[{"href":"https:\/\/trainhealthawareness.com\/es\/wp-json\/wp\/v2\/types\/page"}],"author":[{"embeddable":true,"href":"https:\/\/trainhealthawareness.com\/es\/wp-json\/wp\/v2\/users\/1"}],"replies":[{"embeddable":true,"href":"https:\/\/trainhealthawareness.com\/es\/wp-json\/wp\/v2\/comments?post=53"}],"version-history":[{"count":3,"href":"https:\/\/trainhealthawareness.com\/es\/wp-json\/wp\/v2\/pages\/53\/revisions"}],"predecessor-version":[{"id":13764,"href":"https:\/\/trainhealthawareness.com\/es\/wp-json\/wp\/v2\/pages\/53\/revisions\/13764"}],"wp:attachment":[{"href":"https:\/\/trainhealthawareness.com\/es\/wp-json\/wp\/v2\/media?parent=53"}],"curies":[{"name":"wp","href":"https:\/\/api.w.org\/{rel}","templated":true}]}}