{"id":12363,"date":"2025-02-04T13:50:52","date_gmt":"2025-02-04T13:50:52","guid":{"rendered":"https:\/\/trainhealthawareness.com\/?page_id=12363"},"modified":"2026-01-08T07:54:52","modified_gmt":"2026-01-08T07:54:52","slug":"privacy","status":"publish","type":"page","link":"https:\/\/trainhealthawareness.com\/es\/privacy\/","title":{"rendered":"Pol\u00edtica de privacidad"},"content":{"rendered":"<div data-elementor-type=\"wp-page\" data-elementor-id=\"12363\" class=\"elementor elementor-12363\">\n\t\t\t\t        <section class=\"elementor-section elementor-top-section elementor-element elementor-element-2736a61 elementor-section-stretched elementor-section-boxed elementor-section-height-default elementor-section-height-default pxl-row-scroll-none pxl-zoom-point-false pxl-section-overflow-visible pxl-section-fix-none pxl-bg-color-none pxl-section-overlay-none\" data-id=\"2736a61\" data-element_type=\"section\" data-settings=\"{&quot;stretch_section&quot;:&quot;section-stretched&quot;}\">\n\n                \n                <div class=\"elementor-container elementor-column-gap-extended\">\n                <div class=\"elementor-column elementor-col-100 elementor-top-column elementor-element elementor-element-56d9aa9 pxl-column-none\" data-id=\"56d9aa9\" data-element_type=\"column\" data-settings=\"{&quot;background_background&quot;:&quot;classic&quot;}\">\r\n        <div class=\"elementor-widget-wrap elementor-element-populated\">\r\n                                <div class=\"elementor-background-overlay\"><\/div>\r\n         \r\n                <section class=\"elementor-section elementor-inner-section elementor-element elementor-element-0bab06f elementor-section-content-bottom elementor-section-boxed elementor-section-height-default elementor-section-height-default pxl-row-scroll-none pxl-zoom-point-false pxl-section-overflow-visible pxl-section-fix-none pxl-bg-color-none pxl-section-overlay-none\" data-id=\"0bab06f\" data-element_type=\"section\">\n\n                \n                <div class=\"elementor-container elementor-column-gap-extended\">\n                <div class=\"elementor-column elementor-col-50 elementor-inner-column elementor-element elementor-element-9997538 pxl-column-none pxl-column-overflow-hidden-no\" data-id=\"9997538\" data-element_type=\"column\">\r\n        <div class=\"elementor-widget-wrap elementor-element-populated\">\r\n                     \r\n        \t\t<div class=\"elementor-element elementor-element-cd0604b elementor-widget__width-auto elementor-widget elementor-widget-pxl_heading\" data-id=\"cd0604b\" data-element_type=\"widget\" data-widget_type=\"pxl_heading.default\">\n\t\t\t\t<div class=\"elementor-widget-container\">\n\t\t\t\n<div id=\"pxl-pxl_heading-cd0604b-8066\" class=\"pxl-heading px-sub-title-default-style\">\n\t<div class=\"pxl-heading--inner\">\n\t\t\n\t\t<h3 class=\"pxl-item--title style-default  highlight-default\" data-wow-delay=\"ms\">\n\t\t\t\t\tPol\u00edtica de privacidad\t\n\t\t\t\n\t\t<\/h3>\n\t\t\n\t<\/div>\n<\/div>\t\t<\/div>\n\t\t\t\t<\/div>\n\t\t            <\/div>\r\n        <\/div>\r\n                <div class=\"elementor-column elementor-col-50 elementor-inner-column elementor-element elementor-element-e364276 pxl-column-none pxl-column-overflow-hidden-no\" data-id=\"e364276\" data-element_type=\"column\">\r\n        <div class=\"elementor-widget-wrap elementor-element-populated\">\r\n                     \r\n        \t\t<div class=\"elementor-element elementor-element-537544f elementor-widget__width-auto elementor-widget elementor-widget-pxl_breadcrumb\" data-id=\"537544f\" data-element_type=\"widget\" data-widget_type=\"pxl_breadcrumb.default\">\n\t\t\t\t<div class=\"elementor-widget-container\">\n\t\t\t<div class=\"pxl-breadcrumb-wrap\">\n\t<ul class=\"pxl-breadcrumb\"><li><span class=\"breadcrumb-entry\">Inicio<\/span><\/li><\/ul><\/div>\t\t<\/div>\n\t\t\t\t<\/div>\n\t\t            <\/div>\r\n        <\/div>\r\n        \t\t\t<\/div>\n\t\t<\/section>\n\t\t            <\/div>\r\n        <\/div>\r\n        \t\t\t<\/div>\n\t\t<\/section>\n\t\t        <section class=\"elementor-section elementor-top-section elementor-element elementor-element-9f28064 elementor-section-stretched elementor-section-boxed elementor-section-height-default elementor-section-height-default pxl-row-scroll-none pxl-zoom-point-false pxl-section-overflow-visible pxl-section-fix-none pxl-bg-color-none pxl-section-overlay-none\" data-id=\"9f28064\" data-element_type=\"section\" data-settings=\"{&quot;stretch_section&quot;:&quot;section-stretched&quot;}\">\n\n                \n                <div class=\"elementor-container elementor-column-gap-extended\">\n                <div class=\"elementor-column elementor-col-100 elementor-top-column elementor-element elementor-element-419605c pxl-column-none pxl-column-overflow-hidden-no\" data-id=\"419605c\" data-element_type=\"column\">\r\n        <div class=\"elementor-widget-wrap elementor-element-populated\">\r\n                     \r\n        \t\t<div class=\"elementor-element elementor-element-a661988 elementor-widget elementor-widget-pxl_text_editor\" data-id=\"a661988\" data-element_type=\"widget\" data-widget_type=\"pxl_text_editor.default\">\n\t\t\t\t<div class=\"elementor-widget-container\">\n\t\t\t<div class=\"pxl-text-editor default\">\n\t<div class=\"pxl-item--inner\" data-wow-delay=\"ms\">\n\t\t<h4><strong>1. Introducci\u00f3n<\/strong><\/h4><p>Bienvenido a TRAIN Health Awareness Programme (\"nosotros\", \"nuestro\" o \"nos\"). Nos comprometemos a proteger su privacidad y a garantizar un tratamiento seguro de sus datos personales. Esta pol\u00edtica de privacidad explica c\u00f3mo recogemos, utilizamos y protegemos sus datos cuando visita nuestro sitio web.<\/p><p>Al utilizar nuestro sitio web, usted acepta los t\u00e9rminos descritos en esta Pol\u00edtica de privacidad. Si no est\u00e1 de acuerdo, no utilice nuestro sitio web.<\/p>\t\t\n\t<\/div>\n<\/div>\t\t<\/div>\n\t\t\t\t<\/div>\n\t\t\t\t<div class=\"elementor-element elementor-element-4cb7975 elementor-widget elementor-widget-pxl_text_editor\" data-id=\"4cb7975\" data-element_type=\"widget\" data-widget_type=\"pxl_text_editor.default\">\n\t\t\t\t<div class=\"elementor-widget-container\">\n\t\t\t<div class=\"pxl-text-editor default\">\n\t<div class=\"pxl-item--inner\" data-wow-delay=\"ms\">\n\t\t<h4><strong>2. Informaci\u00f3n que recopilamos<\/strong><\/h4><p>Podemos recopilar los siguientes tipos de informaci\u00f3n:<\/p><ol><li><strong>Informaci\u00f3n personal - Cuando utiliza nuestro sitio web, podemos recopilar informaci\u00f3n personal como:<\/strong><ol><li>Nombre<\/li><li>Direcci\u00f3n de correo electr\u00f3nico<\/li><li>Datos de contacto<\/li><li>Cualquier informaci\u00f3n que nos facilite a trav\u00e9s de formularios o cuando se ponga en contacto con nosotros<\/li><\/ol><\/li><li><strong>Datos no personales: podemos recopilar datos no personales, entre los que se incluyen:<br \/><\/strong><ol><li>Tipo y versi\u00f3n de navegador<\/li><li>Informaci\u00f3n sobre el dispositivo<\/li><li>P\u00e1ginas visitadas y tiempo pasado en nuestro sitio web<\/li><li>Cookies y tecnolog\u00edas de seguimiento (v\u00e9ase la secci\u00f3n 6)<\/li><\/ol><\/li><\/ol>\t\t\n\t<\/div>\n<\/div>\t\t<\/div>\n\t\t\t\t<\/div>\n\t\t\t\t<div class=\"elementor-element elementor-element-b3f1a0e elementor-widget elementor-widget-pxl_text_editor\" data-id=\"b3f1a0e\" data-element_type=\"widget\" data-widget_type=\"pxl_text_editor.default\">\n\t\t\t\t<div class=\"elementor-widget-container\">\n\t\t\t<div class=\"pxl-text-editor default\">\n\t<div class=\"pxl-item--inner\" data-wow-delay=\"ms\">\n\t\t<h4><strong>3. C\u00f3mo utilizamos su informaci\u00f3n<\/strong><\/h4><p>Utilizamos su informaci\u00f3n para los siguientes fines:<\/p><ul><li>Para proporcionar, operar y mejorar nuestro sitio web y nuestros servicios<\/li><li>Responder a las consultas y prestar asistencia al cliente<\/li><li>Para enviar actualizaciones, boletines o material promocional (puede darse de baja en cualquier momento)<\/li><li>Para analizar el tr\u00e1fico del sitio web y mejorar la experiencia del usuario<\/li><li>Para cumplir las obligaciones legales y hacer cumplir nuestras condiciones<\/li><\/ul>\t\t\n\t<\/div>\n<\/div>\t\t<\/div>\n\t\t\t\t<\/div>\n\t\t\t\t<div class=\"elementor-element elementor-element-4b97879 elementor-widget elementor-widget-pxl_text_editor\" data-id=\"4b97879\" data-element_type=\"widget\" data-widget_type=\"pxl_text_editor.default\">\n\t\t\t\t<div class=\"elementor-widget-container\">\n\t\t\t<div class=\"pxl-text-editor default\">\n\t<div class=\"pxl-item--inner\" data-wow-delay=\"ms\">\n\t\t<h4><strong>4. C\u00f3mo protegemos su informaci\u00f3n<\/strong><\/h4><p>Tomamos las medidas de seguridad adecuadas para proteger sus datos personales contra el acceso no autorizado, la p\u00e9rdida, el uso indebido o la alteraci\u00f3n. No obstante, ning\u00fan m\u00e9todo de transmisi\u00f3n por Internet es completamente seguro, por lo que no podemos garantizar una seguridad absoluta.<\/p>\t\t\n\t<\/div>\n<\/div>\t\t<\/div>\n\t\t\t\t<\/div>\n\t\t\t\t<div class=\"elementor-element elementor-element-b480cd9 elementor-widget elementor-widget-pxl_text_editor\" data-id=\"b480cd9\" data-element_type=\"widget\" data-widget_type=\"pxl_text_editor.default\">\n\t\t\t\t<div class=\"elementor-widget-container\">\n\t\t\t<div class=\"pxl-text-editor default\">\n\t<div class=\"pxl-item--inner\" data-wow-delay=\"ms\">\n\t\t<h4><strong>5. Compartir su informaci\u00f3n<\/strong><\/h4><p>No vendemos, comerciamos ni alquilamos sus datos personales. Sin embargo, podemos compartir sus datos en las siguientes situaciones:<\/p><ul><li><strong>Con proveedores de servicios:<\/strong> Podemos utilizar servicios de terceros para an\u00e1lisis, marketing por correo electr\u00f3nico o alojamiento de sitios web. Estos proveedores est\u00e1n obligados a mantener la confidencialidad de su informaci\u00f3n.<\/li><li><strong>Por cumplimiento legal:<\/strong> Podemos revelar su informaci\u00f3n si as\u00ed lo exige la ley o para proteger nuestros derechos, seguridad o a los usuarios.<\/li><\/ul>\t\t\n\t<\/div>\n<\/div>\t\t<\/div>\n\t\t\t\t<\/div>\n\t\t\t\t<div class=\"elementor-element elementor-element-28fcf0c elementor-widget elementor-widget-pxl_text_editor\" data-id=\"28fcf0c\" data-element_type=\"widget\" data-widget_type=\"pxl_text_editor.default\">\n\t\t\t\t<div class=\"elementor-widget-container\">\n\t\t\t<div class=\"pxl-text-editor default\">\n\t<div class=\"pxl-item--inner\" data-wow-delay=\"ms\">\n\t\t<h4><strong>6. Cookies y tecnolog\u00edas de seguimiento<\/strong><\/h4><p>Utilizamos cookies y tecnolog\u00edas similares para mejorar su experiencia de navegaci\u00f3n y analizar el tr\u00e1fico del sitio web. Puede controlar o desactivar las cookies a trav\u00e9s de la configuraci\u00f3n de su navegador.<\/p><p><strong>Tipos de cookies que utilizamos:<\/strong><\/p><ul><li><strong>Cookies esenciales:<\/strong> Necesario para el funcionamiento del sitio web<\/li><li><strong>Cookies anal\u00edticas:<\/strong> Nos ayudan a comprender c\u00f3mo interact\u00faan los usuarios con nuestro sitio web<\/li><li><strong>Cookies de marketing:<\/strong> Se utiliza para publicidad dirigida y contenidos promocionales<\/li><\/ul><p>Si contin\u00faa navegando, consideramos que acepta su uso.<\/p>\t\t\n\t<\/div>\n<\/div>\t\t<\/div>\n\t\t\t\t<\/div>\n\t\t\t\t<div class=\"elementor-element elementor-element-9585701 elementor-widget elementor-widget-pxl_text_editor\" data-id=\"9585701\" data-element_type=\"widget\" data-widget_type=\"pxl_text_editor.default\">\n\t\t\t\t<div class=\"elementor-widget-container\">\n\t\t\t<div class=\"pxl-text-editor default\">\n\t<div class=\"pxl-item--inner\" data-wow-delay=\"ms\">\n\t\t<h4><strong>7. Enlaces de terceros<\/strong><\/h4><p>Nuestro sitio web puede contener enlaces a sitios web de terceros. No somos responsables de sus pol\u00edticas de privacidad ni de su contenido. Por favor, revise sus pol\u00edticas antes de proporcionar cualquier dato personal.<\/p>\t\t\n\t<\/div>\n<\/div>\t\t<\/div>\n\t\t\t\t<\/div>\n\t\t\t\t<div class=\"elementor-element elementor-element-8f6c747 elementor-widget elementor-widget-pxl_text_editor\" data-id=\"8f6c747\" data-element_type=\"widget\" data-widget_type=\"pxl_text_editor.default\">\n\t\t\t\t<div class=\"elementor-widget-container\">\n\t\t\t<div class=\"pxl-text-editor default\">\n\t<div class=\"pxl-item--inner\" data-wow-delay=\"ms\">\n\t\t<h4><strong>8. Sus derechos y opciones<\/strong><\/h4><p>Usted tiene los siguientes derechos en relaci\u00f3n con sus datos personales:<\/p><ul><li><strong>Acceso:<\/strong> Solicitar una copia de los datos personales que tenemos sobre usted<\/li><li><strong>Correcci\u00f3n:<\/strong> Solicitar correcciones de informaci\u00f3n inexacta o incompleta<\/li><li><strong>Supresi\u00f3n:<\/strong> Solicitar la supresi\u00f3n de sus datos personales (con sujeci\u00f3n a los requisitos legales)<\/li><li><strong>Exclusi\u00f3n voluntaria:<\/strong> Darse de baja de los correos electr\u00f3nicos de marketing haciendo clic en el enlace \"darse de baja\".<\/li><\/ul><p>Para ejercer sus derechos, p\u00f3ngase en contacto con nosotros a trav\u00e9s de nuestra p\u00e1gina de contacto.<\/p>\t\t\n\t<\/div>\n<\/div>\t\t<\/div>\n\t\t\t\t<\/div>\n\t\t\t\t<div class=\"elementor-element elementor-element-ce7c858 elementor-widget elementor-widget-pxl_text_editor\" data-id=\"ce7c858\" data-element_type=\"widget\" data-widget_type=\"pxl_text_editor.default\">\n\t\t\t\t<div class=\"elementor-widget-container\">\n\t\t\t<div class=\"pxl-text-editor default\">\n\t<div class=\"pxl-item--inner\" data-wow-delay=\"ms\">\n\t\t<h4><strong>9. 9. Conservaci\u00f3n de datos<\/strong><\/h4><p>Conservamos su informaci\u00f3n personal s\u00f3lo durante el tiempo necesario para cumplir los fines descritos en esta pol\u00edtica o seg\u00fan lo exija la ley.<\/p>\t\t\n\t<\/div>\n<\/div>\t\t<\/div>\n\t\t\t\t<\/div>\n\t\t\t\t<div class=\"elementor-element elementor-element-2059f5b elementor-widget elementor-widget-pxl_text_editor\" data-id=\"2059f5b\" data-element_type=\"widget\" data-widget_type=\"pxl_text_editor.default\">\n\t\t\t\t<div class=\"elementor-widget-container\">\n\t\t\t<div class=\"pxl-text-editor default\">\n\t<div class=\"pxl-item--inner\" data-wow-delay=\"ms\">\n\t\t<h4><strong>10. Cambios en esta pol\u00edtica de privacidad<\/strong><\/h4><p>Podemos actualizar esta Pol\u00edtica de Privacidad de vez en cuando. Los cambios se publicar\u00e1n en esta p\u00e1gina con una fecha de revisi\u00f3n actualizada. El uso continuado de nuestro sitio web significa que usted acepta la pol\u00edtica actualizada.<\/p>\t\t\n\t<\/div>\n<\/div>\t\t<\/div>\n\t\t\t\t<\/div>\n\t\t\t\t<div class=\"elementor-element elementor-element-6e2c119 elementor-widget elementor-widget-pxl_text_editor\" data-id=\"6e2c119\" data-element_type=\"widget\" data-widget_type=\"pxl_text_editor.default\">\n\t\t\t\t<div class=\"elementor-widget-container\">\n\t\t\t<div class=\"pxl-text-editor default\">\n\t<div class=\"pxl-item--inner\" data-wow-delay=\"ms\">\n\t\t<h4><strong>9. Contacto<\/strong><\/h4><p>Si tiene alguna pregunta sobre esta Pol\u00edtica de privacidad, puede ponerse en contacto con nosotros a trav\u00e9s de nuestra p\u00e1gina de contacto.<\/p>\t\t\n\t<\/div>\n<\/div>\t\t<\/div>\n\t\t\t\t<\/div>\n\t\t            <\/div>\r\n        <\/div>\r\n        \t\t\t<\/div>\n\t\t<\/section>\n\t\t\t\t<\/div>","protected":false},"excerpt":{"rendered":"<p>Privacy Policy Home 1. Introduction Welcome to TRAIN Health Awareness Programme (\u201cwe,\u201d \u201cour,\u201d or \u201cus\u201d). We are committed to protecting your privacy and ensuring that your personal information is handled securely. This Privacy Policy explains how we collect, use, and protect your data when you visit our website. By using our website, you agree to [&hellip;]<\/p>","protected":false},"author":1,"featured_media":0,"parent":0,"menu_order":0,"comment_status":"closed","ping_status":"closed","template":"","meta":{"footnotes":""},"class_list":["post-12363","page","type-page","status-publish","hentry"],"yoast_head":"<!-- This site is optimized with the Yoast SEO plugin v24.9 - https:\/\/yoast.com\/wordpress\/plugins\/seo\/ -->\n<title>Privacy Policy - TRAIN Health Awareness<\/title>\n<meta name=\"robots\" content=\"index, follow, max-snippet:-1, max-image-preview:large, max-video-preview:-1\" \/>\n<link rel=\"canonical\" href=\"https:\/\/trainhealthawareness.com\/es\/privacy\/\" \/>\n<meta property=\"og:locale\" content=\"es_ES\" \/>\n<meta property=\"og:type\" content=\"article\" \/>\n<meta property=\"og:title\" content=\"Privacy Policy - TRAIN Health Awareness\" \/>\n<meta property=\"og:description\" content=\"Privacy Policy Home 1. Introduction Welcome to TRAIN Health Awareness Programme (\u201cwe,\u201d \u201cour,\u201d or \u201cus\u201d). We are committed to protecting your privacy and ensuring that your personal information is handled securely. This Privacy Policy explains how we collect, use, and protect your data when you visit our website. By using our website, you agree to [&hellip;]\" \/>\n<meta property=\"og:url\" content=\"https:\/\/trainhealthawareness.com\/es\/privacy\/\" \/>\n<meta property=\"og:site_name\" content=\"TRAIN Health Awareness\" \/>\n<meta property=\"article:modified_time\" content=\"2026-01-08T07:54:52+00:00\" \/>\n<meta name=\"twitter:card\" content=\"summary_large_image\" \/>\n<meta name=\"twitter:label1\" content=\"Tiempo de lectura\" \/>\n\t<meta name=\"twitter:data1\" content=\"3 minutos\" \/>\n<script type=\"application\/ld+json\" class=\"yoast-schema-graph\">{\"@context\":\"https:\/\/schema.org\",\"@graph\":[{\"@type\":\"WebPage\",\"@id\":\"https:\/\/trainhealthawareness.com\/privacy\/\",\"url\":\"https:\/\/trainhealthawareness.com\/privacy\/\",\"name\":\"Privacy Policy - TRAIN Health Awareness\",\"isPartOf\":{\"@id\":\"https:\/\/trainhealthawareness.com\/nl\/#website\"},\"datePublished\":\"2025-02-04T13:50:52+00:00\",\"dateModified\":\"2026-01-08T07:54:52+00:00\",\"breadcrumb\":{\"@id\":\"https:\/\/trainhealthawareness.com\/privacy\/#breadcrumb\"},\"inLanguage\":\"es\",\"potentialAction\":[{\"@type\":\"ReadAction\",\"target\":[\"https:\/\/trainhealthawareness.com\/privacy\/\"]}]},{\"@type\":\"BreadcrumbList\",\"@id\":\"https:\/\/trainhealthawareness.com\/privacy\/#breadcrumb\",\"itemListElement\":[{\"@type\":\"ListItem\",\"position\":1,\"name\":\"Home\",\"item\":\"https:\/\/trainhealthawareness.com\/\"},{\"@type\":\"ListItem\",\"position\":2,\"name\":\"Privacy Policy\"}]},{\"@type\":\"WebSite\",\"@id\":\"https:\/\/trainhealthawareness.com\/nl\/#website\",\"url\":\"https:\/\/trainhealthawareness.com\/nl\/\",\"name\":\"TRAIN Health Awareness\",\"description\":\"Targeted Cardiovascular Risk Reduction\",\"publisher\":{\"@id\":\"https:\/\/trainhealthawareness.com\/nl\/#organization\"},\"potentialAction\":[{\"@type\":\"SearchAction\",\"target\":{\"@type\":\"EntryPoint\",\"urlTemplate\":\"https:\/\/trainhealthawareness.com\/nl\/?s={search_term_string}\"},\"query-input\":{\"@type\":\"PropertyValueSpecification\",\"valueRequired\":true,\"valueName\":\"search_term_string\"}}],\"inLanguage\":\"es\"},{\"@type\":\"Organization\",\"@id\":\"https:\/\/trainhealthawareness.com\/nl\/#organization\",\"name\":\"TRAIN Health Awareness\",\"url\":\"https:\/\/trainhealthawareness.com\/nl\/\",\"logo\":{\"@type\":\"ImageObject\",\"inLanguage\":\"es\",\"@id\":\"https:\/\/trainhealthawareness.com\/nl\/#\/schema\/logo\/image\/\",\"url\":\"https:\/\/trainhealthawareness.com\/wp-content\/uploads\/2025\/01\/logo-inverted.png\",\"contentUrl\":\"https:\/\/trainhealthawareness.com\/wp-content\/uploads\/2025\/01\/logo-inverted.png\",\"width\":640,\"height\":136,\"caption\":\"TRAIN Health Awareness\"},\"image\":{\"@id\":\"https:\/\/trainhealthawareness.com\/nl\/#\/schema\/logo\/image\/\"},\"sameAs\":[\"https:\/\/www.linkedin.com\/in\/nimratgrewal\/\"]}]}<\/script>\n<!-- \/ Yoast SEO plugin. -->","yoast_head_json":{"title":"Privacy Policy - TRAIN Health Awareness","robots":{"index":"index","follow":"follow","max-snippet":"max-snippet:-1","max-image-preview":"max-image-preview:large","max-video-preview":"max-video-preview:-1"},"canonical":"https:\/\/trainhealthawareness.com\/es\/privacy\/","og_locale":"es_ES","og_type":"article","og_title":"Privacy Policy - TRAIN Health Awareness","og_description":"Privacy Policy Home 1. Introduction Welcome to TRAIN Health Awareness Programme (\u201cwe,\u201d \u201cour,\u201d or \u201cus\u201d). We are committed to protecting your privacy and ensuring that your personal information is handled securely. This Privacy Policy explains how we collect, use, and protect your data when you visit our website. By using our website, you agree to [&hellip;]","og_url":"https:\/\/trainhealthawareness.com\/es\/privacy\/","og_site_name":"TRAIN Health Awareness","article_modified_time":"2026-01-08T07:54:52+00:00","twitter_card":"summary_large_image","twitter_misc":{"Tiempo de lectura":"3 minutos"},"schema":{"@context":"https:\/\/schema.org","@graph":[{"@type":"WebPage","@id":"https:\/\/trainhealthawareness.com\/privacy\/","url":"https:\/\/trainhealthawareness.com\/privacy\/","name":"Privacy Policy - TRAIN Health Awareness","isPartOf":{"@id":"https:\/\/trainhealthawareness.com\/nl\/#website"},"datePublished":"2025-02-04T13:50:52+00:00","dateModified":"2026-01-08T07:54:52+00:00","breadcrumb":{"@id":"https:\/\/trainhealthawareness.com\/privacy\/#breadcrumb"},"inLanguage":"es","potentialAction":[{"@type":"ReadAction","target":["https:\/\/trainhealthawareness.com\/privacy\/"]}]},{"@type":"BreadcrumbList","@id":"https:\/\/trainhealthawareness.com\/privacy\/#breadcrumb","itemListElement":[{"@type":"ListItem","position":1,"name":"Home","item":"https:\/\/trainhealthawareness.com\/"},{"@type":"ListItem","position":2,"name":"Privacy Policy"}]},{"@type":"WebSite","@id":"https:\/\/trainhealthawareness.com\/nl\/#website","url":"https:\/\/trainhealthawareness.com\/nl\/","name":"TRAIN Health Awareness","description":"Targeted Cardiovascular Risk Reduction","publisher":{"@id":"https:\/\/trainhealthawareness.com\/nl\/#organization"},"potentialAction":[{"@type":"SearchAction","target":{"@type":"EntryPoint","urlTemplate":"https:\/\/trainhealthawareness.com\/nl\/?s={search_term_string}"},"query-input":{"@type":"PropertyValueSpecification","valueRequired":true,"valueName":"search_term_string"}}],"inLanguage":"es"},{"@type":"Organization","@id":"https:\/\/trainhealthawareness.com\/nl\/#organization","name":"TRAIN Health Awareness","url":"https:\/\/trainhealthawareness.com\/nl\/","logo":{"@type":"ImageObject","inLanguage":"es","@id":"https:\/\/trainhealthawareness.com\/nl\/#\/schema\/logo\/image\/","url":"https:\/\/trainhealthawareness.com\/wp-content\/uploads\/2025\/01\/logo-inverted.png","contentUrl":"https:\/\/trainhealthawareness.com\/wp-content\/uploads\/2025\/01\/logo-inverted.png","width":640,"height":136,"caption":"TRAIN Health Awareness"},"image":{"@id":"https:\/\/trainhealthawareness.com\/nl\/#\/schema\/logo\/image\/"},"sameAs":["https:\/\/www.linkedin.com\/in\/nimratgrewal\/"]}]}},"_links":{"self":[{"href":"https:\/\/trainhealthawareness.com\/es\/wp-json\/wp\/v2\/pages\/12363","targetHints":{"allow":["GET"]}}],"collection":[{"href":"https:\/\/trainhealthawareness.com\/es\/wp-json\/wp\/v2\/pages"}],"about":[{"href":"https:\/\/trainhealthawareness.com\/es\/wp-json\/wp\/v2\/types\/page"}],"author":[{"embeddable":true,"href":"https:\/\/trainhealthawareness.com\/es\/wp-json\/wp\/v2\/users\/1"}],"replies":[{"embeddable":true,"href":"https:\/\/trainhealthawareness.com\/es\/wp-json\/wp\/v2\/comments?post=12363"}],"version-history":[{"count":6,"href":"https:\/\/trainhealthawareness.com\/es\/wp-json\/wp\/v2\/pages\/12363\/revisions"}],"predecessor-version":[{"id":13770,"href":"https:\/\/trainhealthawareness.com\/es\/wp-json\/wp\/v2\/pages\/12363\/revisions\/13770"}],"wp:attachment":[{"href":"https:\/\/trainhealthawareness.com\/es\/wp-json\/wp\/v2\/media?parent=12363"}],"curies":[{"name":"wp","href":"https:\/\/api.w.org\/{rel}","templated":true}]}}