{"id":10905,"date":"2024-10-29T13:55:25","date_gmt":"2024-10-29T13:55:25","guid":{"rendered":"https:\/\/trainhealthawareness.com\/?page_id=10905"},"modified":"2025-01-23T09:24:03","modified_gmt":"2025-01-23T09:24:03","slug":"musculoskeletal-diseases","status":"publish","type":"page","link":"https:\/\/trainhealthawareness.com\/es\/musculoskeletal-diseases\/","title":{"rendered":"Enfermedades musculoesquel\u00e9ticas"},"content":{"rendered":"<div data-elementor-type=\"wp-page\" data-elementor-id=\"10905\" class=\"elementor elementor-10905\">\n\t\t\t\t        <section class=\"elementor-section elementor-top-section elementor-element elementor-element-b155669 elementor-section-stretched elementor-section-boxed elementor-section-height-default elementor-section-height-default pxl-row-scroll-none pxl-zoom-point-false pxl-section-overflow-visible pxl-section-fix-none pxl-bg-color-none pxl-section-overlay-none\" data-id=\"b155669\" data-element_type=\"section\" data-settings=\"{&quot;stretch_section&quot;:&quot;section-stretched&quot;}\">\n\n                \n                <div class=\"elementor-container elementor-column-gap-extended\">\n                <div class=\"elementor-column elementor-col-100 elementor-top-column elementor-element elementor-element-e845b5a pxl-column-none\" data-id=\"e845b5a\" data-element_type=\"column\" data-settings=\"{&quot;background_background&quot;:&quot;classic&quot;}\">\r\n        <div class=\"elementor-widget-wrap elementor-element-populated\">\r\n                                <div class=\"elementor-background-overlay\"><\/div>\r\n         \r\n                <section class=\"elementor-section elementor-inner-section elementor-element elementor-element-65c2c47 elementor-section-content-bottom elementor-section-boxed elementor-section-height-default elementor-section-height-default pxl-row-scroll-none pxl-zoom-point-false pxl-section-overflow-visible pxl-section-fix-none pxl-bg-color-none pxl-section-overlay-none\" data-id=\"65c2c47\" data-element_type=\"section\">\n\n                \n                <div class=\"elementor-container elementor-column-gap-extended\">\n                <div class=\"elementor-column elementor-col-50 elementor-inner-column elementor-element elementor-element-9f6b182 pxl-column-none pxl-column-overflow-hidden-no\" data-id=\"9f6b182\" data-element_type=\"column\">\r\n        <div class=\"elementor-widget-wrap elementor-element-populated\">\r\n                     \r\n        \t\t<div class=\"elementor-element elementor-element-69dedd2 elementor-widget__width-auto elementor-widget elementor-widget-pxl_heading\" data-id=\"69dedd2\" data-element_type=\"widget\" data-widget_type=\"pxl_heading.default\">\n\t\t\t\t<div class=\"elementor-widget-container\">\n\t\t\t\n<div id=\"pxl-pxl_heading-69dedd2-3288\" class=\"pxl-heading px-sub-title-default-style\">\n\t<div class=\"pxl-heading--inner\">\n\t\t\n\t\t<h3 class=\"pxl-item--title style-default  highlight-default\" data-wow-delay=\"ms\">\n\t\t\t\t\tEnfermedades musculoesquel\u00e9ticas\t\n\t\t\t\n\t\t<\/h3>\n\t\t\n\t<\/div>\n<\/div>\t\t<\/div>\n\t\t\t\t<\/div>\n\t\t            <\/div>\r\n        <\/div>\r\n                <div class=\"elementor-column elementor-col-50 elementor-inner-column elementor-element elementor-element-e06a662 pxl-column-none pxl-column-overflow-hidden-no\" data-id=\"e06a662\" data-element_type=\"column\">\r\n        <div class=\"elementor-widget-wrap elementor-element-populated\">\r\n                     \r\n        \t\t<div class=\"elementor-element elementor-element-0aad2d0 elementor-widget__width-auto elementor-widget elementor-widget-pxl_breadcrumb\" data-id=\"0aad2d0\" data-element_type=\"widget\" data-widget_type=\"pxl_breadcrumb.default\">\n\t\t\t\t<div class=\"elementor-widget-container\">\n\t\t\t<div class=\"pxl-breadcrumb-wrap\">\n\t<ul class=\"pxl-breadcrumb\"><li><span class=\"breadcrumb-entry\">Inicio<\/span><\/li><\/ul><\/div>\t\t<\/div>\n\t\t\t\t<\/div>\n\t\t            <\/div>\r\n        <\/div>\r\n        \t\t\t<\/div>\n\t\t<\/section>\n\t\t            <\/div>\r\n        <\/div>\r\n        \t\t\t<\/div>\n\t\t<\/section>\n\t\t        <section class=\"elementor-section elementor-top-section elementor-element elementor-element-bee53fc elementor-section-stretched elementor-section-boxed elementor-section-height-default elementor-section-height-default pxl-row-scroll-none pxl-zoom-point-false pxl-section-overflow-visible pxl-section-fix-none pxl-bg-color-none pxl-section-overlay-none\" data-id=\"bee53fc\" data-element_type=\"section\" data-settings=\"{&quot;stretch_section&quot;:&quot;section-stretched&quot;}\">\n\n                \n                <div class=\"elementor-container elementor-column-gap-extended\">\n                <div class=\"elementor-column elementor-col-100 elementor-top-column elementor-element elementor-element-8328b1b pxl-column-none pxl-column-overflow-hidden-no\" data-id=\"8328b1b\" data-element_type=\"column\" data-settings=\"{&quot;background_background&quot;:&quot;gradient&quot;}\">\r\n        <div class=\"elementor-widget-wrap elementor-element-populated\">\r\n                     \r\n        \t\t<div class=\"elementor-element elementor-element-e76ab7a elementor-widget elementor-widget-pxl_heading\" data-id=\"e76ab7a\" data-element_type=\"widget\" data-widget_type=\"pxl_heading.default\">\n\t\t\t\t<div class=\"elementor-widget-container\">\n\t\t\t\n<div id=\"pxl-pxl_heading-e76ab7a-7756\" class=\"pxl-heading px-sub-title-default-style\">\n\t<div class=\"pxl-heading--inner\">\n\t\t\n\t\t<h3 class=\"pxl-item--title style-default  highlight-default pxl-split-text split-in-fade\" data-wow-delay=\"ms\">\n\t\t\t\t\tSalud y trastornos musculoesquel\u00e9ticos\t\n\t\t\t\n\t\t<\/h3>\n\t\t\n\t<\/div>\n<\/div>\t\t<\/div>\n\t\t\t\t<\/div>\n\t\t\t\t<div class=\"elementor-element elementor-element-8614351 elementor-widget elementor-widget-pxl_text_editor\" data-id=\"8614351\" data-element_type=\"widget\" data-widget_type=\"pxl_text_editor.default\">\n\t\t\t\t<div class=\"elementor-widget-container\">\n\t\t\t<div class=\"pxl-text-editor default\">\n\t<div class=\"pxl-item--inner\" data-wow-delay=\"ms\">\n\t\t<p style=\"font-weight: 400\">La salud musculoesquel\u00e9tica se refiere a la fuerza y el funcionamiento de los m\u00fasculos, huesos, articulaciones y tejidos que favorecen el movimiento y la actividad f\u00edsica. Los trastornos que afectan a este sistema pueden causar dolor, restringir la movilidad y reducir significativamente la calidad de vida. Estas afecciones abarcan una amplia gama de m\u00e1s de 150 enfermedades que afectan a personas de todo el mundo.<\/p><p style=\"font-weight: 400\">Las afecciones musculoesquel\u00e9ticas, que suelen caracterizarse por molestias persistentes y problemas de movilidad, son una de las principales causas de dolor cr\u00f3nico no relacionado con el c\u00e1ncer en todo el mundo. Afectan a las actividades cotidianas y dificultan la participaci\u00f3n laboral y social de muchas personas.<\/p>\t\t\n\t<\/div>\n<\/div>\t\t<\/div>\n\t\t\t\t<\/div>\n\t\t            <\/div>\r\n        <\/div>\r\n        \t\t\t<\/div>\n\t\t<\/section>\n\t\t        <section class=\"elementor-section elementor-top-section elementor-element elementor-element-ed7ff58 elementor-section-stretched elementor-section-boxed elementor-section-height-default elementor-section-height-default pxl-row-scroll-none pxl-zoom-point-false pxl-section-overflow-visible pxl-section-fix-none pxl-bg-color-none pxl-section-overlay-none\" data-id=\"ed7ff58\" data-element_type=\"section\" data-settings=\"{&quot;stretch_section&quot;:&quot;section-stretched&quot;}\">\n\n                \n                <div class=\"elementor-container elementor-column-gap-extended\">\n                <div class=\"elementor-column elementor-col-100 elementor-top-column elementor-element elementor-element-23eb60f pxl-column-none pxl-column-overflow-hidden-no\" data-id=\"23eb60f\" data-element_type=\"column\">\r\n        <div class=\"elementor-widget-wrap elementor-element-populated\">\r\n                     \r\n                <section class=\"elementor-section elementor-inner-section elementor-element elementor-element-2f96de7 elementor-section-boxed elementor-section-height-default elementor-section-height-default pxl-row-scroll-none pxl-zoom-point-false pxl-section-overflow-visible pxl-section-fix-none pxl-bg-color-none pxl-section-overlay-none\" data-id=\"2f96de7\" data-element_type=\"section\" data-settings=\"{&quot;background_background&quot;:&quot;classic&quot;}\">\n\n                \n                <div class=\"elementor-container elementor-column-gap-extended\">\n                <div class=\"elementor-column elementor-col-50 elementor-inner-column elementor-element elementor-element-6f4c497 pxl-column-none pxl-column-overflow-hidden-no\" data-id=\"6f4c497\" data-element_type=\"column\">\r\n        <div class=\"elementor-widget-wrap elementor-element-populated\">\r\n                     \r\n        \t\t<div class=\"elementor-element elementor-element-0090a65 elementor-widget elementor-widget-pxl_heading\" data-id=\"0090a65\" data-element_type=\"widget\" data-widget_type=\"pxl_heading.default\">\n\t\t\t\t<div class=\"elementor-widget-container\">\n\t\t\t\n<div id=\"pxl-pxl_heading-0090a65-7906\" class=\"pxl-heading px-sub-title-default-style\">\n\t<div class=\"pxl-heading--inner\">\n\t\t\n\t\t<h3 class=\"pxl-item--title style-default  highlight-default\" data-wow-delay=\"ms\">\n\t\t\t\t\tImpacto para toda la vida\t\n\t\t\t\n\t\t<\/h3>\n\t\t\n\t<\/div>\n<\/div>\t\t<\/div>\n\t\t\t\t<\/div>\n\t\t\t\t<div class=\"elementor-element elementor-element-0dc4e89 elementor-widget elementor-widget-pxl_text_editor\" data-id=\"0dc4e89\" data-element_type=\"widget\" data-widget_type=\"pxl_text_editor.default\">\n\t\t\t\t<div class=\"elementor-widget-container\">\n\t\t\t<div class=\"pxl-text-editor default\">\n\t<div class=\"pxl-item--inner\" data-wow-delay=\"ms\">\n\t\t<p style=\"font-weight: 400\"><span style=\"color: #ffffff\">Los trastornos musculoesquel\u00e9ticos pueden afectar a las personas en cualquier etapa de la vida, desde la infancia hasta la vejez. Aunque algunas de estas afecciones son pasajeras, otras pueden convertirse en problemas cr\u00f3nicos que requieren tratamiento y cuidados a largo plazo.<\/span><\/p><p style=\"font-weight: 400\"><span style=\"color: #ffffff\">Estas afecciones son tambi\u00e9n la raz\u00f3n principal de la creciente necesidad de servicios de rehabilitaci\u00f3n en todo el mundo. Adem\u00e1s, a menudo coexisten con otras enfermedades no transmisibles (ENT), como las cardiovasculares, y pueden aumentar el riesgo de desarrollar problemas de salud mental como la ansiedad y la depresi\u00f3n.<\/span><\/p>\t\t\n\t<\/div>\n<\/div>\t\t<\/div>\n\t\t\t\t<\/div>\n\t\t            <\/div>\r\n        <\/div>\r\n                <div class=\"elementor-column elementor-col-50 elementor-inner-column elementor-element elementor-element-bed71f7 pxl-column-none pxl-column-overflow-hidden-no\" data-id=\"bed71f7\" data-element_type=\"column\">\r\n        <div class=\"elementor-widget-wrap elementor-element-populated\">\r\n                     \r\n        \t\t<div class=\"elementor-element elementor-element-9e28217 elementor-widget elementor-widget-pxl_image\" data-id=\"9e28217\" data-element_type=\"widget\" data-widget_type=\"pxl_image.default\">\n\t\t\t\t<div class=\"elementor-widget-container\">\n\t\t\t<div id=\"pxl_image-9e28217-2699\" class=\"pxl-image-single  pxl-disable-parallax-sm pxl-hide-sr-lg\" data-wow-delay=\"ms\"  >\r\n    <div class=\"pxl-item--inner\" data-wow-delay=\"120ms\">\r\n        \r\n                    <div class=\"pxl-item--image\" data-parallax-value=\"\">\r\n                                <img fetchpriority=\"high\" decoding=\"async\" width=\"630\" height=\"468\" src=\"https:\/\/trainhealthawareness.com\/wp-content\/uploads\/2025\/01\/lifelong-impact.jpg\" class=\"no-lazyload attachment-full\" alt=\"\" \/>                            <\/div>\r\n                \r\n    <\/div>\r\n<\/div>\t\t<\/div>\n\t\t\t\t<\/div>\n\t\t            <\/div>\r\n        <\/div>\r\n        \t\t\t<\/div>\n\t\t<\/section>\n\t\t            <\/div>\r\n        <\/div>\r\n        \t\t\t<\/div>\n\t\t<\/section>\n\t\t        <section class=\"elementor-section elementor-top-section elementor-element elementor-element-7aecf77 elementor-section-stretched elementor-section-boxed elementor-section-height-default elementor-section-height-default pxl-row-scroll-none pxl-zoom-point-false pxl-section-overflow-visible pxl-section-fix-none pxl-bg-color-none pxl-section-overlay-none\" data-id=\"7aecf77\" data-element_type=\"section\" data-settings=\"{&quot;stretch_section&quot;:&quot;section-stretched&quot;}\">\n\n                \n                <div class=\"elementor-container elementor-column-gap-extended\">\n                <div class=\"elementor-column elementor-col-100 elementor-top-column elementor-element elementor-element-a3e4d07 pxl-column-none pxl-column-overflow-hidden-no\" data-id=\"a3e4d07\" data-element_type=\"column\">\r\n        <div class=\"elementor-widget-wrap elementor-element-populated\">\r\n                     \r\n                <section class=\"elementor-section elementor-inner-section elementor-element elementor-element-e35a261 elementor-section-boxed elementor-section-height-default elementor-section-height-default pxl-row-scroll-none pxl-zoom-point-false pxl-section-overflow-visible pxl-section-fix-none pxl-bg-color-none pxl-section-overlay-none\" data-id=\"e35a261\" data-element_type=\"section\" data-settings=\"{&quot;background_background&quot;:&quot;classic&quot;}\">\n\n                \n                <div class=\"elementor-container elementor-column-gap-extended\">\n                <div class=\"elementor-column elementor-col-50 elementor-inner-column elementor-element elementor-element-ebf2436 pxl-column-none pxl-column-overflow-hidden-no\" data-id=\"ebf2436\" data-element_type=\"column\">\r\n        <div class=\"elementor-widget-wrap elementor-element-populated\">\r\n                     \r\n        \t\t<div class=\"elementor-element elementor-element-2763e39 elementor-widget elementor-widget-pxl_heading\" data-id=\"2763e39\" data-element_type=\"widget\" data-widget_type=\"pxl_heading.default\">\n\t\t\t\t<div class=\"elementor-widget-container\">\n\t\t\t\n<div id=\"pxl-pxl_heading-2763e39-1532\" class=\"pxl-heading px-sub-title-default-style\">\n\t<div class=\"pxl-heading--inner\">\n\t\t\n\t\t<h3 class=\"pxl-item--title style-default  highlight-default\" data-wow-delay=\"ms\">\n\t\t\t\t\tPrevenci\u00f3n mediante estilos de vida saludables\t\n\t\t\t\n\t\t<\/h3>\n\t\t\n\t<\/div>\n<\/div>\t\t<\/div>\n\t\t\t\t<\/div>\n\t\t\t\t<div class=\"elementor-element elementor-element-16074bd elementor-widget elementor-widget-pxl_text_editor\" data-id=\"16074bd\" data-element_type=\"widget\" data-widget_type=\"pxl_text_editor.default\">\n\t\t\t\t<div class=\"elementor-widget-container\">\n\t\t\t<div class=\"pxl-text-editor default\">\n\t<div class=\"pxl-item--inner\" data-wow-delay=\"ms\">\n\t\t<p style=\"font-weight: 400\"><span style=\"color: #ffffff\">Mantener una buena salud musculoesquel\u00e9tica implica adoptar h\u00e1bitos saludables, como la actividad f\u00edsica regular, una nutrici\u00f3n adecuada y una buena postura. Estos h\u00e1bitos no s\u00f3lo reducen el riesgo de trastornos musculoesquel\u00e9ticos, sino que tambi\u00e9n favorecen el bienestar general.<\/span><\/p>\t\t\n\t<\/div>\n<\/div>\t\t<\/div>\n\t\t\t\t<\/div>\n\t\t            <\/div>\r\n        <\/div>\r\n                <div class=\"elementor-column elementor-col-50 elementor-inner-column elementor-element elementor-element-ed440bb pxl-column-none pxl-column-overflow-hidden-no\" data-id=\"ed440bb\" data-element_type=\"column\">\r\n        <div class=\"elementor-widget-wrap elementor-element-populated\">\r\n                     \r\n        \t\t<div class=\"elementor-element elementor-element-106331e elementor-widget elementor-widget-pxl_image\" data-id=\"106331e\" data-element_type=\"widget\" data-widget_type=\"pxl_image.default\">\n\t\t\t\t<div class=\"elementor-widget-container\">\n\t\t\t<div id=\"pxl_image-106331e-2098\" class=\"pxl-image-single  pxl-disable-parallax-sm pxl-hide-sr-lg\" data-wow-delay=\"ms\"  >\r\n    <div class=\"pxl-item--inner\" data-wow-delay=\"120ms\">\r\n        \r\n                    <div class=\"pxl-item--image\" data-parallax-value=\"\">\r\n                                <img decoding=\"async\" width=\"630\" height=\"468\" src=\"https:\/\/trainhealthawareness.com\/wp-content\/uploads\/2025\/01\/prevention-through-healthy-lifestyle-choices.jpg\" class=\"no-lazyload attachment-full\" alt=\"\" \/>                            <\/div>\r\n                \r\n    <\/div>\r\n<\/div>\t\t<\/div>\n\t\t\t\t<\/div>\n\t\t            <\/div>\r\n        <\/div>\r\n        \t\t\t<\/div>\n\t\t<\/section>\n\t\t            <\/div>\r\n        <\/div>\r\n        \t\t\t<\/div>\n\t\t<\/section>\n\t\t\t\t<\/div>","protected":false},"excerpt":{"rendered":"<p>Musculoskeletal Diseases Home Musculoskeletal Health and Disorders Musculoskeletal health involves the strength and function of the muscles, bones, joints, and tissues that support movement and physical activity. Disorders affecting this system can cause pain, restrict mobility, and significantly reduce quality of life. These conditions encompass a broad range of over 150 diseases, affecting people worldwide. [&hellip;]<\/p>","protected":false},"author":1,"featured_media":0,"parent":0,"menu_order":0,"comment_status":"closed","ping_status":"closed","template":"","meta":{"footnotes":""},"class_list":["post-10905","page","type-page","status-publish","hentry"],"yoast_head":"<!-- This site is optimized with the Yoast SEO plugin v24.9 - https:\/\/yoast.com\/wordpress\/plugins\/seo\/ -->\n<title>Musculoskeletal Diseases - TRAIN Health Awareness<\/title>\n<meta name=\"robots\" content=\"index, follow, max-snippet:-1, max-image-preview:large, max-video-preview:-1\" \/>\n<link rel=\"canonical\" href=\"https:\/\/trainhealthawareness.com\/es\/musculoskeletal-diseases\/\" \/>\n<meta property=\"og:locale\" content=\"es_ES\" \/>\n<meta property=\"og:type\" content=\"article\" \/>\n<meta property=\"og:title\" content=\"Musculoskeletal Diseases - TRAIN Health Awareness\" \/>\n<meta property=\"og:description\" content=\"Musculoskeletal Diseases Home Musculoskeletal Health and Disorders Musculoskeletal health involves the strength and function of the muscles, bones, joints, and tissues that support movement and physical activity. Disorders affecting this system can cause pain, restrict mobility, and significantly reduce quality of life. These conditions encompass a broad range of over 150 diseases, affecting people worldwide. [&hellip;]\" \/>\n<meta property=\"og:url\" content=\"https:\/\/trainhealthawareness.com\/es\/musculoskeletal-diseases\/\" \/>\n<meta property=\"og:site_name\" content=\"TRAIN Health Awareness\" \/>\n<meta property=\"article:modified_time\" content=\"2025-01-23T09:24:03+00:00\" \/>\n<meta property=\"og:image\" content=\"https:\/\/trainhealthawareness.com\/wp-content\/uploads\/2025\/01\/lifelong-impact.jpg\" \/>\n<meta name=\"twitter:card\" content=\"summary_large_image\" \/>\n<meta name=\"twitter:label1\" content=\"Tiempo de lectura\" \/>\n\t<meta name=\"twitter:data1\" content=\"1 minuto\" \/>\n<script type=\"application\/ld+json\" class=\"yoast-schema-graph\">{\"@context\":\"https:\/\/schema.org\",\"@graph\":[{\"@type\":\"WebPage\",\"@id\":\"https:\/\/trainhealthawareness.com\/es\/musculoskeletal-diseases\/\",\"url\":\"https:\/\/trainhealthawareness.com\/es\/musculoskeletal-diseases\/\",\"name\":\"Musculoskeletal Diseases - TRAIN Health Awareness\",\"isPartOf\":{\"@id\":\"https:\/\/trainhealthawareness.com\/nl\/#website\"},\"primaryImageOfPage\":{\"@id\":\"https:\/\/trainhealthawareness.com\/es\/musculoskeletal-diseases\/#primaryimage\"},\"image\":{\"@id\":\"https:\/\/trainhealthawareness.com\/es\/musculoskeletal-diseases\/#primaryimage\"},\"thumbnailUrl\":\"https:\/\/trainhealthawareness.com\/wp-content\/uploads\/2025\/01\/lifelong-impact.jpg\",\"datePublished\":\"2024-10-29T13:55:25+00:00\",\"dateModified\":\"2025-01-23T09:24:03+00:00\",\"breadcrumb\":{\"@id\":\"https:\/\/trainhealthawareness.com\/es\/musculoskeletal-diseases\/#breadcrumb\"},\"inLanguage\":\"es\",\"potentialAction\":[{\"@type\":\"ReadAction\",\"target\":[\"https:\/\/trainhealthawareness.com\/es\/musculoskeletal-diseases\/\"]}]},{\"@type\":\"ImageObject\",\"inLanguage\":\"es\",\"@id\":\"https:\/\/trainhealthawareness.com\/es\/musculoskeletal-diseases\/#primaryimage\",\"url\":\"https:\/\/trainhealthawareness.com\/wp-content\/uploads\/2025\/01\/lifelong-impact.jpg\",\"contentUrl\":\"https:\/\/trainhealthawareness.com\/wp-content\/uploads\/2025\/01\/lifelong-impact.jpg\"},{\"@type\":\"BreadcrumbList\",\"@id\":\"https:\/\/trainhealthawareness.com\/es\/musculoskeletal-diseases\/#breadcrumb\",\"itemListElement\":[{\"@type\":\"ListItem\",\"position\":1,\"name\":\"Home\",\"item\":\"https:\/\/trainhealthawareness.com\/\"},{\"@type\":\"ListItem\",\"position\":2,\"name\":\"Musculoskeletal Diseases\"}]},{\"@type\":\"WebSite\",\"@id\":\"https:\/\/trainhealthawareness.com\/nl\/#website\",\"url\":\"https:\/\/trainhealthawareness.com\/nl\/\",\"name\":\"TRAIN Health Awareness\",\"description\":\"Targeted Cardiovascular Risk Reduction\",\"publisher\":{\"@id\":\"https:\/\/trainhealthawareness.com\/nl\/#organization\"},\"potentialAction\":[{\"@type\":\"SearchAction\",\"target\":{\"@type\":\"EntryPoint\",\"urlTemplate\":\"https:\/\/trainhealthawareness.com\/nl\/?s={search_term_string}\"},\"query-input\":{\"@type\":\"PropertyValueSpecification\",\"valueRequired\":true,\"valueName\":\"search_term_string\"}}],\"inLanguage\":\"es\"},{\"@type\":\"Organization\",\"@id\":\"https:\/\/trainhealthawareness.com\/nl\/#organization\",\"name\":\"TRAIN Health Awareness\",\"url\":\"https:\/\/trainhealthawareness.com\/nl\/\",\"logo\":{\"@type\":\"ImageObject\",\"inLanguage\":\"es\",\"@id\":\"https:\/\/trainhealthawareness.com\/nl\/#\/schema\/logo\/image\/\",\"url\":\"https:\/\/trainhealthawareness.com\/wp-content\/uploads\/2025\/01\/logo-inverted.png\",\"contentUrl\":\"https:\/\/trainhealthawareness.com\/wp-content\/uploads\/2025\/01\/logo-inverted.png\",\"width\":640,\"height\":136,\"caption\":\"TRAIN Health Awareness\"},\"image\":{\"@id\":\"https:\/\/trainhealthawareness.com\/nl\/#\/schema\/logo\/image\/\"},\"sameAs\":[\"https:\/\/www.linkedin.com\/in\/nimratgrewal\/\"]}]}<\/script>\n<!-- \/ Yoast SEO plugin. -->","yoast_head_json":{"title":"Musculoskeletal Diseases - TRAIN Health Awareness","robots":{"index":"index","follow":"follow","max-snippet":"max-snippet:-1","max-image-preview":"max-image-preview:large","max-video-preview":"max-video-preview:-1"},"canonical":"https:\/\/trainhealthawareness.com\/es\/musculoskeletal-diseases\/","og_locale":"es_ES","og_type":"article","og_title":"Musculoskeletal Diseases - TRAIN Health Awareness","og_description":"Musculoskeletal Diseases Home Musculoskeletal Health and Disorders Musculoskeletal health involves the strength and function of the muscles, bones, joints, and tissues that support movement and physical activity. Disorders affecting this system can cause pain, restrict mobility, and significantly reduce quality of life. These conditions encompass a broad range of over 150 diseases, affecting people worldwide. [&hellip;]","og_url":"https:\/\/trainhealthawareness.com\/es\/musculoskeletal-diseases\/","og_site_name":"TRAIN Health Awareness","article_modified_time":"2025-01-23T09:24:03+00:00","og_image":[{"url":"https:\/\/trainhealthawareness.com\/wp-content\/uploads\/2025\/01\/lifelong-impact.jpg","type":"","width":"","height":""}],"twitter_card":"summary_large_image","twitter_misc":{"Tiempo de lectura":"1 minuto"},"schema":{"@context":"https:\/\/schema.org","@graph":[{"@type":"WebPage","@id":"https:\/\/trainhealthawareness.com\/es\/musculoskeletal-diseases\/","url":"https:\/\/trainhealthawareness.com\/es\/musculoskeletal-diseases\/","name":"Musculoskeletal Diseases - TRAIN Health Awareness","isPartOf":{"@id":"https:\/\/trainhealthawareness.com\/nl\/#website"},"primaryImageOfPage":{"@id":"https:\/\/trainhealthawareness.com\/es\/musculoskeletal-diseases\/#primaryimage"},"image":{"@id":"https:\/\/trainhealthawareness.com\/es\/musculoskeletal-diseases\/#primaryimage"},"thumbnailUrl":"https:\/\/trainhealthawareness.com\/wp-content\/uploads\/2025\/01\/lifelong-impact.jpg","datePublished":"2024-10-29T13:55:25+00:00","dateModified":"2025-01-23T09:24:03+00:00","breadcrumb":{"@id":"https:\/\/trainhealthawareness.com\/es\/musculoskeletal-diseases\/#breadcrumb"},"inLanguage":"es","potentialAction":[{"@type":"ReadAction","target":["https:\/\/trainhealthawareness.com\/es\/musculoskeletal-diseases\/"]}]},{"@type":"ImageObject","inLanguage":"es","@id":"https:\/\/trainhealthawareness.com\/es\/musculoskeletal-diseases\/#primaryimage","url":"https:\/\/trainhealthawareness.com\/wp-content\/uploads\/2025\/01\/lifelong-impact.jpg","contentUrl":"https:\/\/trainhealthawareness.com\/wp-content\/uploads\/2025\/01\/lifelong-impact.jpg"},{"@type":"BreadcrumbList","@id":"https:\/\/trainhealthawareness.com\/es\/musculoskeletal-diseases\/#breadcrumb","itemListElement":[{"@type":"ListItem","position":1,"name":"Home","item":"https:\/\/trainhealthawareness.com\/"},{"@type":"ListItem","position":2,"name":"Musculoskeletal Diseases"}]},{"@type":"WebSite","@id":"https:\/\/trainhealthawareness.com\/nl\/#website","url":"https:\/\/trainhealthawareness.com\/nl\/","name":"TRAIN Health Awareness","description":"Targeted Cardiovascular Risk Reduction","publisher":{"@id":"https:\/\/trainhealthawareness.com\/nl\/#organization"},"potentialAction":[{"@type":"SearchAction","target":{"@type":"EntryPoint","urlTemplate":"https:\/\/trainhealthawareness.com\/nl\/?s={search_term_string}"},"query-input":{"@type":"PropertyValueSpecification","valueRequired":true,"valueName":"search_term_string"}}],"inLanguage":"es"},{"@type":"Organization","@id":"https:\/\/trainhealthawareness.com\/nl\/#organization","name":"TRAIN Health Awareness","url":"https:\/\/trainhealthawareness.com\/nl\/","logo":{"@type":"ImageObject","inLanguage":"es","@id":"https:\/\/trainhealthawareness.com\/nl\/#\/schema\/logo\/image\/","url":"https:\/\/trainhealthawareness.com\/wp-content\/uploads\/2025\/01\/logo-inverted.png","contentUrl":"https:\/\/trainhealthawareness.com\/wp-content\/uploads\/2025\/01\/logo-inverted.png","width":640,"height":136,"caption":"TRAIN Health Awareness"},"image":{"@id":"https:\/\/trainhealthawareness.com\/nl\/#\/schema\/logo\/image\/"},"sameAs":["https:\/\/www.linkedin.com\/in\/nimratgrewal\/"]}]}},"_links":{"self":[{"href":"https:\/\/trainhealthawareness.com\/es\/wp-json\/wp\/v2\/pages\/10905","targetHints":{"allow":["GET"]}}],"collection":[{"href":"https:\/\/trainhealthawareness.com\/es\/wp-json\/wp\/v2\/pages"}],"about":[{"href":"https:\/\/trainhealthawareness.com\/es\/wp-json\/wp\/v2\/types\/page"}],"author":[{"embeddable":true,"href":"https:\/\/trainhealthawareness.com\/es\/wp-json\/wp\/v2\/users\/1"}],"replies":[{"embeddable":true,"href":"https:\/\/trainhealthawareness.com\/es\/wp-json\/wp\/v2\/comments?post=10905"}],"version-history":[{"count":0,"href":"https:\/\/trainhealthawareness.com\/es\/wp-json\/wp\/v2\/pages\/10905\/revisions"}],"wp:attachment":[{"href":"https:\/\/trainhealthawareness.com\/es\/wp-json\/wp\/v2\/media?parent=10905"}],"curies":[{"name":"wp","href":"https:\/\/api.w.org\/{rel}","templated":true}]}}