{"id":53,"date":"2024-07-18T16:06:05","date_gmt":"2024-07-18T16:06:05","guid":{"rendered":"https:\/\/demo.casethemes.net\/medicross\/?page_id=53"},"modified":"2026-01-08T07:53:50","modified_gmt":"2026-01-08T07:53:50","slug":"terms","status":"publish","type":"page","link":"https:\/\/trainhealthawareness.com\/de\/terms\/","title":{"rendered":"Bedingungen und Konditionen"},"content":{"rendered":"<div data-elementor-type=\"wp-page\" data-elementor-id=\"53\" class=\"elementor elementor-53\">\n\t\t\t\t        <section class=\"elementor-section elementor-top-section elementor-element elementor-element-2736a61 elementor-section-stretched elementor-section-boxed elementor-section-height-default elementor-section-height-default pxl-row-scroll-none pxl-zoom-point-false pxl-section-overflow-visible pxl-section-fix-none pxl-bg-color-none pxl-section-overlay-none\" data-id=\"2736a61\" data-element_type=\"section\" data-settings=\"{&quot;stretch_section&quot;:&quot;section-stretched&quot;}\">\n\n                \n                <div class=\"elementor-container elementor-column-gap-extended\">\n                <div class=\"elementor-column elementor-col-100 elementor-top-column elementor-element elementor-element-56d9aa9 pxl-column-none\" data-id=\"56d9aa9\" data-element_type=\"column\" data-settings=\"{&quot;background_background&quot;:&quot;classic&quot;}\">\r\n        <div class=\"elementor-widget-wrap elementor-element-populated\">\r\n                                <div class=\"elementor-background-overlay\"><\/div>\r\n         \r\n                <section class=\"elementor-section elementor-inner-section elementor-element elementor-element-0bab06f elementor-section-content-bottom elementor-section-boxed elementor-section-height-default elementor-section-height-default pxl-row-scroll-none pxl-zoom-point-false pxl-section-overflow-visible pxl-section-fix-none pxl-bg-color-none pxl-section-overlay-none\" data-id=\"0bab06f\" data-element_type=\"section\">\n\n                \n                <div class=\"elementor-container elementor-column-gap-extended\">\n                <div class=\"elementor-column elementor-col-50 elementor-inner-column elementor-element elementor-element-9997538 pxl-column-none pxl-column-overflow-hidden-no\" data-id=\"9997538\" data-element_type=\"column\">\r\n        <div class=\"elementor-widget-wrap elementor-element-populated\">\r\n                     \r\n        \t\t<div class=\"elementor-element elementor-element-cd0604b elementor-widget__width-auto elementor-widget elementor-widget-pxl_heading\" data-id=\"cd0604b\" data-element_type=\"widget\" data-widget_type=\"pxl_heading.default\">\n\t\t\t\t<div class=\"elementor-widget-container\">\n\t\t\t\n<div id=\"pxl-pxl_heading-cd0604b-6082\" class=\"pxl-heading px-sub-title-default-style\">\n\t<div class=\"pxl-heading--inner\">\n\t\t\n\t\t<h3 class=\"pxl-item--title style-default  highlight-default\" data-wow-delay=\"ms\">\n\t\t\t\t\tBedingungen und Konditionen\t\n\t\t\t\n\t\t<\/h3>\n\t\t\n\t<\/div>\n<\/div>\t\t<\/div>\n\t\t\t\t<\/div>\n\t\t            <\/div>\r\n        <\/div>\r\n                <div class=\"elementor-column elementor-col-50 elementor-inner-column elementor-element elementor-element-e364276 pxl-column-none pxl-column-overflow-hidden-no\" data-id=\"e364276\" data-element_type=\"column\">\r\n        <div class=\"elementor-widget-wrap elementor-element-populated\">\r\n                     \r\n        \t\t<div class=\"elementor-element elementor-element-537544f elementor-widget__width-auto elementor-widget elementor-widget-pxl_breadcrumb\" data-id=\"537544f\" data-element_type=\"widget\" data-widget_type=\"pxl_breadcrumb.default\">\n\t\t\t\t<div class=\"elementor-widget-container\">\n\t\t\t<div class=\"pxl-breadcrumb-wrap\">\n\t<ul class=\"pxl-breadcrumb\"><li><span class=\"breadcrumb-entry\">Startseite<\/span><\/li><\/ul><\/div>\t\t<\/div>\n\t\t\t\t<\/div>\n\t\t            <\/div>\r\n        <\/div>\r\n        \t\t\t<\/div>\n\t\t<\/section>\n\t\t            <\/div>\r\n        <\/div>\r\n        \t\t\t<\/div>\n\t\t<\/section>\n\t\t        <section class=\"elementor-section elementor-top-section elementor-element elementor-element-9f28064 elementor-section-stretched elementor-section-boxed elementor-section-height-default elementor-section-height-default pxl-row-scroll-none pxl-zoom-point-false pxl-section-overflow-visible pxl-section-fix-none pxl-bg-color-none pxl-section-overlay-none\" data-id=\"9f28064\" data-element_type=\"section\" data-settings=\"{&quot;stretch_section&quot;:&quot;section-stretched&quot;}\">\n\n                \n                <div class=\"elementor-container elementor-column-gap-extended\">\n                <div class=\"elementor-column elementor-col-100 elementor-top-column elementor-element elementor-element-419605c pxl-column-none pxl-column-overflow-hidden-no\" data-id=\"419605c\" data-element_type=\"column\">\r\n        <div class=\"elementor-widget-wrap elementor-element-populated\">\r\n                     \r\n        \t\t<div class=\"elementor-element elementor-element-a661988 elementor-widget elementor-widget-pxl_text_editor\" data-id=\"a661988\" data-element_type=\"widget\" data-widget_type=\"pxl_text_editor.default\">\n\t\t\t\t<div class=\"elementor-widget-container\">\n\t\t\t<div class=\"pxl-text-editor default\">\n\t<div class=\"pxl-item--inner\" data-wow-delay=\"ms\">\n\t\t<h4><strong>1. Einleitung<\/strong><\/h4><p>Willkommen bei TRAIN Health Awareness Programme (\"wir\", \"unser\" oder \"uns\"). Durch die Nutzung unserer Website erkl\u00e4ren Sie sich mit diesen Allgemeinen Gesch\u00e4ftsbedingungen einverstanden. Wenn Sie damit nicht einverstanden sind, nutzen Sie unsere Website bitte nicht.<\/p>\t\t\n\t<\/div>\n<\/div>\t\t<\/div>\n\t\t\t\t<\/div>\n\t\t\t\t<div class=\"elementor-element elementor-element-4cb7975 elementor-widget elementor-widget-pxl_text_editor\" data-id=\"4cb7975\" data-element_type=\"widget\" data-widget_type=\"pxl_text_editor.default\">\n\t\t\t\t<div class=\"elementor-widget-container\">\n\t\t\t<div class=\"pxl-text-editor default\">\n\t<div class=\"pxl-item--inner\" data-wow-delay=\"ms\">\n\t\t<h4><strong>2. Haftungsausschluss<\/strong><\/h4><p>Das TRAIN Health Awareness Programme bietet allgemeine Informationen zu Gesundheit, Fitness, Achtsamkeit und Ern\u00e4hrung, die ausschlie\u00dflich zu Bildungszwecken dienen.<\/p><ol><li><strong>Kein medizinischer Rat:<\/strong> Der Inhalt unserer Website stellt keinen Ersatz f\u00fcr professionelle medizinische Beratung, Diagnose oder Behandlung dar. Lassen Sie sich immer von einem qualifizierten Gesundheitsdienstleister beraten, bevor Sie gesundheitsbezogene Entscheidungen treffen.<\/li><li><strong>Fitness &amp; Bewegung:<\/strong> Alle Fitnessprogramme oder \u00dcbungen, die auf unserer Website angeboten werden, sollten auf eigene Gefahr durchgef\u00fchrt werden. Wenn Sie gesundheitliche Probleme oder Verletzungen haben, konsultieren Sie einen Arzt, bevor Sie an Fitnessaktivit\u00e4ten teilnehmen.<\/li><li><strong>Anleitung zur Ern\u00e4hrung:<\/strong> Unsere N\u00e4hrwertangaben sind allgemeiner Natur und m\u00f6glicherweise nicht f\u00fcr jeden geeignet. Konsultieren Sie immer einen registrierten Ern\u00e4hrungsberater oder Gesundheitsdienstleister, bevor Sie Ihre Ern\u00e4hrung grundlegend \u00e4ndern.<\/li><li><strong>Achtsamkeit und Wohlbefinden:<\/strong> Achtsamkeit und Stressbew\u00e4ltigungstechniken k\u00f6nnen zwar hilfreich sein, sind aber kein Ersatz f\u00fcr eine professionelle psychologische Behandlung. Suchen Sie eine geeignete Behandlung auf, wenn Sie unter schwerem Stress, Angstzust\u00e4nden oder Depressionen leiden.<\/li><\/ol><p>Durch die Nutzung unserer Website best\u00e4tigen Sie, dass Sie diesen Haftungsausschluss verstanden haben und damit einverstanden sind. Wenn Sie nicht einverstanden sind, stellen Sie bitte die Nutzung der Website ein.<\/p>\t\t\n\t<\/div>\n<\/div>\t\t<\/div>\n\t\t\t\t<\/div>\n\t\t\t\t<div class=\"elementor-element elementor-element-b3f1a0e elementor-widget elementor-widget-pxl_text_editor\" data-id=\"b3f1a0e\" data-element_type=\"widget\" data-widget_type=\"pxl_text_editor.default\">\n\t\t\t\t<div class=\"elementor-widget-container\">\n\t\t\t<div class=\"pxl-text-editor default\">\n\t<div class=\"pxl-item--inner\" data-wow-delay=\"ms\">\n\t\t<h4><strong>3. Nutzung der Website<\/strong><\/h4><ul><li>Sie m\u00fcssen mindestens 18 Jahre alt sein, um unsere Website nutzen zu k\u00f6nnen.<\/li><li>Der Inhalt unserer Website dient nur zu Informationszwecken und sollte nicht als medizinischer Rat angesehen werden.<\/li><li>Sie verpflichten sich, die Website nicht zu missbrauchen oder zu versuchen, sich unbefugten Zugang zu verschaffen.<\/li><\/ul>\t\t\n\t<\/div>\n<\/div>\t\t<\/div>\n\t\t\t\t<\/div>\n\t\t\t\t<div class=\"elementor-element elementor-element-4b97879 elementor-widget elementor-widget-pxl_text_editor\" data-id=\"4b97879\" data-element_type=\"widget\" data-widget_type=\"pxl_text_editor.default\">\n\t\t\t\t<div class=\"elementor-widget-container\">\n\t\t\t<div class=\"pxl-text-editor default\">\n\t<div class=\"pxl-item--inner\" data-wow-delay=\"ms\">\n\t\t<h4><strong>4. Geistiges Eigentum<\/strong><\/h4><ul><li>Alle Inhalte, Logos und Materialien auf dieser Website sind Eigentum von TRAIN Health Awareness Programme und durch das Urheberrecht gesch\u00fctzt.<\/li><li>Sie d\u00fcrfen unsere Inhalte nicht ohne unsere schriftliche Zustimmung kopieren, verbreiten oder ver\u00e4ndern.<\/li><\/ul>\t\t\n\t<\/div>\n<\/div>\t\t<\/div>\n\t\t\t\t<\/div>\n\t\t\t\t<div class=\"elementor-element elementor-element-b480cd9 elementor-widget elementor-widget-pxl_text_editor\" data-id=\"b480cd9\" data-element_type=\"widget\" data-widget_type=\"pxl_text_editor.default\">\n\t\t\t\t<div class=\"elementor-widget-container\">\n\t\t\t<div class=\"pxl-text-editor default\">\n\t<div class=\"pxl-item--inner\" data-wow-delay=\"ms\">\n\t\t<h4><strong>5. Datenschutz<\/strong><\/h4><ul><li>Wir respektieren Ihre Privatsph\u00e4re. Bitte lesen Sie unsere Datenschutzerkl\u00e4rung, um zu erfahren, wie wir Ihre Daten sammeln und verwenden.<\/li><\/ul>\t\t\n\t<\/div>\n<\/div>\t\t<\/div>\n\t\t\t\t<\/div>\n\t\t\t\t<div class=\"elementor-element elementor-element-28fcf0c elementor-widget elementor-widget-pxl_text_editor\" data-id=\"28fcf0c\" data-element_type=\"widget\" data-widget_type=\"pxl_text_editor.default\">\n\t\t\t\t<div class=\"elementor-widget-container\">\n\t\t\t<div class=\"pxl-text-editor default\">\n\t<div class=\"pxl-item--inner\" data-wow-delay=\"ms\">\n\t\t<h4><strong>6. Begrenzung der Haftung<\/strong><\/h4><ul><li>Wir \u00fcbernehmen keine Garantie f\u00fcr die Richtigkeit, Vollst\u00e4ndigkeit oder Zuverl\u00e4ssigkeit der auf unserer Website bereitgestellten gesundheitsbezogenen Informationen.<\/li><li>Wir sind nicht verantwortlich f\u00fcr Sch\u00e4den, die aus der Nutzung unserer Website oder dem Vertrauen auf unsere Inhalte entstehen.<\/li><\/ul>\t\t\n\t<\/div>\n<\/div>\t\t<\/div>\n\t\t\t\t<\/div>\n\t\t\t\t<div class=\"elementor-element elementor-element-9585701 elementor-widget elementor-widget-pxl_text_editor\" data-id=\"9585701\" data-element_type=\"widget\" data-widget_type=\"pxl_text_editor.default\">\n\t\t\t\t<div class=\"elementor-widget-container\">\n\t\t\t<div class=\"pxl-text-editor default\">\n\t<div class=\"pxl-item--inner\" data-wow-delay=\"ms\">\n\t\t<h4><strong>7. Externe Links<\/strong><\/h4>\n<ul>\n \t<li>Unsere Website kann Links zu Websites Dritter enthalten. Wir sind nicht verantwortlich f\u00fcr deren Inhalt oder Praktiken.<\/li>\n<\/ul>\t\t\n\t<\/div>\n<\/div>\t\t<\/div>\n\t\t\t\t<\/div>\n\t\t\t\t<div class=\"elementor-element elementor-element-8f6c747 elementor-widget elementor-widget-pxl_text_editor\" data-id=\"8f6c747\" data-element_type=\"widget\" data-widget_type=\"pxl_text_editor.default\">\n\t\t\t\t<div class=\"elementor-widget-container\">\n\t\t\t<div class=\"pxl-text-editor default\">\n\t<div class=\"pxl-item--inner\" data-wow-delay=\"ms\">\n\t\t<h4><strong>8. \u00c4nderungen der Bedingungen<\/strong><\/h4>\n<ul>\n \t<li>Wir k\u00f6nnen diese Allgemeinen Gesch\u00e4ftsbedingungen von Zeit zu Zeit aktualisieren. Die fortgesetzte Nutzung der Website bedeutet, dass Sie alle Aktualisierungen akzeptieren.<\/li>\n<\/ul>\t\t\n\t<\/div>\n<\/div>\t\t<\/div>\n\t\t\t\t<\/div>\n\t\t\t\t<div class=\"elementor-element elementor-element-ce7c858 elementor-widget elementor-widget-pxl_text_editor\" data-id=\"ce7c858\" data-element_type=\"widget\" data-widget_type=\"pxl_text_editor.default\">\n\t\t\t\t<div class=\"elementor-widget-container\">\n\t\t\t<div class=\"pxl-text-editor default\">\n\t<div class=\"pxl-item--inner\" data-wow-delay=\"ms\">\n\t\t<h4><strong>9. Kontakt<\/strong><\/h4><ul><li>Wenn Sie Fragen haben, k\u00f6nnen Sie uns \u00fcber unsere Kontaktseite kontaktieren.<\/li><\/ul>\t\t\n\t<\/div>\n<\/div>\t\t<\/div>\n\t\t\t\t<\/div>\n\t\t            <\/div>\r\n        <\/div>\r\n        \t\t\t<\/div>\n\t\t<\/section>\n\t\t\t\t<\/div>","protected":false},"excerpt":{"rendered":"<p>Terms and Conditions Home 1. Introduction Welcome to TRAIN Health Awareness Programme (\u201cwe,\u201d \u201cour,\u201d or \u201cus\u201d). By using our website, you agree to be bound by these Terms and Conditions. If you do not agree, please do not use our website. 2. Disclaimer The TRAIN Health Awareness Programme provides general health, fitness, mindfulness, and nutrition [&hellip;]<\/p>","protected":false},"author":1,"featured_media":0,"parent":0,"menu_order":0,"comment_status":"closed","ping_status":"closed","template":"","meta":{"footnotes":""},"class_list":["post-53","page","type-page","status-publish","hentry"],"yoast_head":"<!-- This site is optimized with the Yoast SEO plugin v24.9 - https:\/\/yoast.com\/wordpress\/plugins\/seo\/ -->\n<title>Terms and Conditions - TRAIN Health Awareness<\/title>\n<meta name=\"robots\" content=\"index, follow, max-snippet:-1, max-image-preview:large, max-video-preview:-1\" \/>\n<link rel=\"canonical\" href=\"https:\/\/trainhealthawareness.com\/de\/terms\/\" \/>\n<meta property=\"og:locale\" content=\"de_DE\" \/>\n<meta property=\"og:type\" content=\"article\" \/>\n<meta property=\"og:title\" content=\"Terms and Conditions - TRAIN Health Awareness\" \/>\n<meta property=\"og:description\" content=\"Terms and Conditions Home 1. Introduction Welcome to TRAIN Health Awareness Programme (\u201cwe,\u201d \u201cour,\u201d or \u201cus\u201d). By using our website, you agree to be bound by these Terms and Conditions. If you do not agree, please do not use our website. 2. Disclaimer The TRAIN Health Awareness Programme provides general health, fitness, mindfulness, and nutrition [&hellip;]\" \/>\n<meta property=\"og:url\" content=\"https:\/\/trainhealthawareness.com\/de\/terms\/\" \/>\n<meta property=\"og:site_name\" content=\"TRAIN Health Awareness\" \/>\n<meta property=\"article:modified_time\" content=\"2026-01-08T07:53:50+00:00\" \/>\n<meta name=\"twitter:card\" content=\"summary_large_image\" \/>\n<meta name=\"twitter:label1\" content=\"Gesch\u00e4tzte Lesezeit\" \/>\n\t<meta name=\"twitter:data1\" content=\"2\u00a0Minuten\" \/>\n<script type=\"application\/ld+json\" class=\"yoast-schema-graph\">{\"@context\":\"https:\/\/schema.org\",\"@graph\":[{\"@type\":\"WebPage\",\"@id\":\"https:\/\/trainhealthawareness.com\/terms\/\",\"url\":\"https:\/\/trainhealthawareness.com\/terms\/\",\"name\":\"Terms and Conditions - TRAIN Health Awareness\",\"isPartOf\":{\"@id\":\"https:\/\/trainhealthawareness.com\/nl\/#website\"},\"datePublished\":\"2024-07-18T16:06:05+00:00\",\"dateModified\":\"2026-01-08T07:53:50+00:00\",\"breadcrumb\":{\"@id\":\"https:\/\/trainhealthawareness.com\/terms\/#breadcrumb\"},\"inLanguage\":\"de\",\"potentialAction\":[{\"@type\":\"ReadAction\",\"target\":[\"https:\/\/trainhealthawareness.com\/terms\/\"]}]},{\"@type\":\"BreadcrumbList\",\"@id\":\"https:\/\/trainhealthawareness.com\/terms\/#breadcrumb\",\"itemListElement\":[{\"@type\":\"ListItem\",\"position\":1,\"name\":\"Home\",\"item\":\"https:\/\/trainhealthawareness.com\/\"},{\"@type\":\"ListItem\",\"position\":2,\"name\":\"Terms and Conditions\"}]},{\"@type\":\"WebSite\",\"@id\":\"https:\/\/trainhealthawareness.com\/nl\/#website\",\"url\":\"https:\/\/trainhealthawareness.com\/nl\/\",\"name\":\"TRAIN Health Awareness\",\"description\":\"Targeted Cardiovascular Risk Reduction\",\"publisher\":{\"@id\":\"https:\/\/trainhealthawareness.com\/nl\/#organization\"},\"potentialAction\":[{\"@type\":\"SearchAction\",\"target\":{\"@type\":\"EntryPoint\",\"urlTemplate\":\"https:\/\/trainhealthawareness.com\/nl\/?s={search_term_string}\"},\"query-input\":{\"@type\":\"PropertyValueSpecification\",\"valueRequired\":true,\"valueName\":\"search_term_string\"}}],\"inLanguage\":\"de\"},{\"@type\":\"Organization\",\"@id\":\"https:\/\/trainhealthawareness.com\/nl\/#organization\",\"name\":\"TRAIN Health Awareness\",\"url\":\"https:\/\/trainhealthawareness.com\/nl\/\",\"logo\":{\"@type\":\"ImageObject\",\"inLanguage\":\"de\",\"@id\":\"https:\/\/trainhealthawareness.com\/nl\/#\/schema\/logo\/image\/\",\"url\":\"https:\/\/trainhealthawareness.com\/wp-content\/uploads\/2025\/01\/logo-inverted.png\",\"contentUrl\":\"https:\/\/trainhealthawareness.com\/wp-content\/uploads\/2025\/01\/logo-inverted.png\",\"width\":640,\"height\":136,\"caption\":\"TRAIN Health Awareness\"},\"image\":{\"@id\":\"https:\/\/trainhealthawareness.com\/nl\/#\/schema\/logo\/image\/\"},\"sameAs\":[\"https:\/\/www.linkedin.com\/in\/nimratgrewal\/\"]}]}<\/script>\n<!-- \/ Yoast SEO plugin. -->","yoast_head_json":{"title":"Terms and Conditions - TRAIN Health Awareness","robots":{"index":"index","follow":"follow","max-snippet":"max-snippet:-1","max-image-preview":"max-image-preview:large","max-video-preview":"max-video-preview:-1"},"canonical":"https:\/\/trainhealthawareness.com\/de\/terms\/","og_locale":"de_DE","og_type":"article","og_title":"Terms and Conditions - TRAIN Health Awareness","og_description":"Terms and Conditions Home 1. Introduction Welcome to TRAIN Health Awareness Programme (\u201cwe,\u201d \u201cour,\u201d or \u201cus\u201d). By using our website, you agree to be bound by these Terms and Conditions. If you do not agree, please do not use our website. 2. Disclaimer The TRAIN Health Awareness Programme provides general health, fitness, mindfulness, and nutrition [&hellip;]","og_url":"https:\/\/trainhealthawareness.com\/de\/terms\/","og_site_name":"TRAIN Health Awareness","article_modified_time":"2026-01-08T07:53:50+00:00","twitter_card":"summary_large_image","twitter_misc":{"Gesch\u00e4tzte Lesezeit":"2\u00a0Minuten"},"schema":{"@context":"https:\/\/schema.org","@graph":[{"@type":"WebPage","@id":"https:\/\/trainhealthawareness.com\/terms\/","url":"https:\/\/trainhealthawareness.com\/terms\/","name":"Terms and Conditions - TRAIN Health Awareness","isPartOf":{"@id":"https:\/\/trainhealthawareness.com\/nl\/#website"},"datePublished":"2024-07-18T16:06:05+00:00","dateModified":"2026-01-08T07:53:50+00:00","breadcrumb":{"@id":"https:\/\/trainhealthawareness.com\/terms\/#breadcrumb"},"inLanguage":"de","potentialAction":[{"@type":"ReadAction","target":["https:\/\/trainhealthawareness.com\/terms\/"]}]},{"@type":"BreadcrumbList","@id":"https:\/\/trainhealthawareness.com\/terms\/#breadcrumb","itemListElement":[{"@type":"ListItem","position":1,"name":"Home","item":"https:\/\/trainhealthawareness.com\/"},{"@type":"ListItem","position":2,"name":"Terms and Conditions"}]},{"@type":"WebSite","@id":"https:\/\/trainhealthawareness.com\/nl\/#website","url":"https:\/\/trainhealthawareness.com\/nl\/","name":"TRAIN Health Awareness","description":"Targeted Cardiovascular Risk Reduction","publisher":{"@id":"https:\/\/trainhealthawareness.com\/nl\/#organization"},"potentialAction":[{"@type":"SearchAction","target":{"@type":"EntryPoint","urlTemplate":"https:\/\/trainhealthawareness.com\/nl\/?s={search_term_string}"},"query-input":{"@type":"PropertyValueSpecification","valueRequired":true,"valueName":"search_term_string"}}],"inLanguage":"de"},{"@type":"Organization","@id":"https:\/\/trainhealthawareness.com\/nl\/#organization","name":"TRAIN Health Awareness","url":"https:\/\/trainhealthawareness.com\/nl\/","logo":{"@type":"ImageObject","inLanguage":"de","@id":"https:\/\/trainhealthawareness.com\/nl\/#\/schema\/logo\/image\/","url":"https:\/\/trainhealthawareness.com\/wp-content\/uploads\/2025\/01\/logo-inverted.png","contentUrl":"https:\/\/trainhealthawareness.com\/wp-content\/uploads\/2025\/01\/logo-inverted.png","width":640,"height":136,"caption":"TRAIN Health Awareness"},"image":{"@id":"https:\/\/trainhealthawareness.com\/nl\/#\/schema\/logo\/image\/"},"sameAs":["https:\/\/www.linkedin.com\/in\/nimratgrewal\/"]}]}},"_links":{"self":[{"href":"https:\/\/trainhealthawareness.com\/de\/wp-json\/wp\/v2\/pages\/53","targetHints":{"allow":["GET"]}}],"collection":[{"href":"https:\/\/trainhealthawareness.com\/de\/wp-json\/wp\/v2\/pages"}],"about":[{"href":"https:\/\/trainhealthawareness.com\/de\/wp-json\/wp\/v2\/types\/page"}],"author":[{"embeddable":true,"href":"https:\/\/trainhealthawareness.com\/de\/wp-json\/wp\/v2\/users\/1"}],"replies":[{"embeddable":true,"href":"https:\/\/trainhealthawareness.com\/de\/wp-json\/wp\/v2\/comments?post=53"}],"version-history":[{"count":3,"href":"https:\/\/trainhealthawareness.com\/de\/wp-json\/wp\/v2\/pages\/53\/revisions"}],"predecessor-version":[{"id":13764,"href":"https:\/\/trainhealthawareness.com\/de\/wp-json\/wp\/v2\/pages\/53\/revisions\/13764"}],"wp:attachment":[{"href":"https:\/\/trainhealthawareness.com\/de\/wp-json\/wp\/v2\/media?parent=53"}],"curies":[{"name":"wp","href":"https:\/\/api.w.org\/{rel}","templated":true}]}}