{"id":12363,"date":"2025-02-04T13:50:52","date_gmt":"2025-02-04T13:50:52","guid":{"rendered":"https:\/\/trainhealthawareness.com\/?page_id=12363"},"modified":"2026-01-08T07:54:52","modified_gmt":"2026-01-08T07:54:52","slug":"privacy","status":"publish","type":"page","link":"https:\/\/trainhealthawareness.com\/de\/privacy\/","title":{"rendered":"Datenschutzbestimmungen"},"content":{"rendered":"<div data-elementor-type=\"wp-page\" data-elementor-id=\"12363\" class=\"elementor elementor-12363\">\n\t\t\t\t        <section class=\"elementor-section elementor-top-section elementor-element elementor-element-2736a61 elementor-section-stretched elementor-section-boxed elementor-section-height-default elementor-section-height-default pxl-row-scroll-none pxl-zoom-point-false pxl-section-overflow-visible pxl-section-fix-none pxl-bg-color-none pxl-section-overlay-none\" data-id=\"2736a61\" data-element_type=\"section\" data-settings=\"{&quot;stretch_section&quot;:&quot;section-stretched&quot;}\">\n\n                \n                <div class=\"elementor-container elementor-column-gap-extended\">\n                <div class=\"elementor-column elementor-col-100 elementor-top-column elementor-element elementor-element-56d9aa9 pxl-column-none\" data-id=\"56d9aa9\" data-element_type=\"column\" data-settings=\"{&quot;background_background&quot;:&quot;classic&quot;}\">\r\n        <div class=\"elementor-widget-wrap elementor-element-populated\">\r\n                                <div class=\"elementor-background-overlay\"><\/div>\r\n         \r\n                <section class=\"elementor-section elementor-inner-section elementor-element elementor-element-0bab06f elementor-section-content-bottom elementor-section-boxed elementor-section-height-default elementor-section-height-default pxl-row-scroll-none pxl-zoom-point-false pxl-section-overflow-visible pxl-section-fix-none pxl-bg-color-none pxl-section-overlay-none\" data-id=\"0bab06f\" data-element_type=\"section\">\n\n                \n                <div class=\"elementor-container elementor-column-gap-extended\">\n                <div class=\"elementor-column elementor-col-50 elementor-inner-column elementor-element elementor-element-9997538 pxl-column-none pxl-column-overflow-hidden-no\" data-id=\"9997538\" data-element_type=\"column\">\r\n        <div class=\"elementor-widget-wrap elementor-element-populated\">\r\n                     \r\n        \t\t<div class=\"elementor-element elementor-element-cd0604b elementor-widget__width-auto elementor-widget elementor-widget-pxl_heading\" data-id=\"cd0604b\" data-element_type=\"widget\" data-widget_type=\"pxl_heading.default\">\n\t\t\t\t<div class=\"elementor-widget-container\">\n\t\t\t\n<div id=\"pxl-pxl_heading-cd0604b-1256\" class=\"pxl-heading px-sub-title-default-style\">\n\t<div class=\"pxl-heading--inner\">\n\t\t\n\t\t<h3 class=\"pxl-item--title style-default  highlight-default\" data-wow-delay=\"ms\">\n\t\t\t\t\tDatenschutzbestimmungen\t\n\t\t\t\n\t\t<\/h3>\n\t\t\n\t<\/div>\n<\/div>\t\t<\/div>\n\t\t\t\t<\/div>\n\t\t            <\/div>\r\n        <\/div>\r\n                <div class=\"elementor-column elementor-col-50 elementor-inner-column elementor-element elementor-element-e364276 pxl-column-none pxl-column-overflow-hidden-no\" data-id=\"e364276\" data-element_type=\"column\">\r\n        <div class=\"elementor-widget-wrap elementor-element-populated\">\r\n                     \r\n        \t\t<div class=\"elementor-element elementor-element-537544f elementor-widget__width-auto elementor-widget elementor-widget-pxl_breadcrumb\" data-id=\"537544f\" data-element_type=\"widget\" data-widget_type=\"pxl_breadcrumb.default\">\n\t\t\t\t<div class=\"elementor-widget-container\">\n\t\t\t<div class=\"pxl-breadcrumb-wrap\">\n\t<ul class=\"pxl-breadcrumb\"><li><span class=\"breadcrumb-entry\">Startseite<\/span><\/li><\/ul><\/div>\t\t<\/div>\n\t\t\t\t<\/div>\n\t\t            <\/div>\r\n        <\/div>\r\n        \t\t\t<\/div>\n\t\t<\/section>\n\t\t            <\/div>\r\n        <\/div>\r\n        \t\t\t<\/div>\n\t\t<\/section>\n\t\t        <section class=\"elementor-section elementor-top-section elementor-element elementor-element-9f28064 elementor-section-stretched elementor-section-boxed elementor-section-height-default elementor-section-height-default pxl-row-scroll-none pxl-zoom-point-false pxl-section-overflow-visible pxl-section-fix-none pxl-bg-color-none pxl-section-overlay-none\" data-id=\"9f28064\" data-element_type=\"section\" data-settings=\"{&quot;stretch_section&quot;:&quot;section-stretched&quot;}\">\n\n                \n                <div class=\"elementor-container elementor-column-gap-extended\">\n                <div class=\"elementor-column elementor-col-100 elementor-top-column elementor-element elementor-element-419605c pxl-column-none pxl-column-overflow-hidden-no\" data-id=\"419605c\" data-element_type=\"column\">\r\n        <div class=\"elementor-widget-wrap elementor-element-populated\">\r\n                     \r\n        \t\t<div class=\"elementor-element elementor-element-a661988 elementor-widget elementor-widget-pxl_text_editor\" data-id=\"a661988\" data-element_type=\"widget\" data-widget_type=\"pxl_text_editor.default\">\n\t\t\t\t<div class=\"elementor-widget-container\">\n\t\t\t<div class=\"pxl-text-editor default\">\n\t<div class=\"pxl-item--inner\" data-wow-delay=\"ms\">\n\t\t<h4><strong>1. Einleitung<\/strong><\/h4><p>Willkommen bei TRAIN Health Awareness Programme (\"wir\", \"unser\" oder \"uns\"). Wir verpflichten uns, Ihre Privatsph\u00e4re zu sch\u00fctzen und sicherzustellen, dass Ihre pers\u00f6nlichen Daten sicher behandelt werden. In dieser Datenschutzerkl\u00e4rung wird erl\u00e4utert, wie wir Ihre Daten erfassen, verwenden und sch\u00fctzen, wenn Sie unsere Website besuchen.<\/p><p>Durch die Nutzung unserer Website erkl\u00e4ren Sie sich mit den in dieser Datenschutzrichtlinie aufgef\u00fchrten Bedingungen einverstanden. Wenn Sie nicht einverstanden sind, nutzen Sie unsere Website bitte nicht.<\/p>\t\t\n\t<\/div>\n<\/div>\t\t<\/div>\n\t\t\t\t<\/div>\n\t\t\t\t<div class=\"elementor-element elementor-element-4cb7975 elementor-widget elementor-widget-pxl_text_editor\" data-id=\"4cb7975\" data-element_type=\"widget\" data-widget_type=\"pxl_text_editor.default\">\n\t\t\t\t<div class=\"elementor-widget-container\">\n\t\t\t<div class=\"pxl-text-editor default\">\n\t<div class=\"pxl-item--inner\" data-wow-delay=\"ms\">\n\t\t<h4><strong>2. Informationen, die wir sammeln<\/strong><\/h4><p>Wir k\u00f6nnen die folgenden Arten von Informationen sammeln:<\/p><ol><li><strong>Pers\u00f6nliche Daten - Wenn Sie unsere Website nutzen, k\u00f6nnen wir pers\u00f6nliche Daten wie z. B. folgende erfassen:<\/strong><ol><li>Name<\/li><li>E-Mail Adresse<\/li><li>Kontaktangaben<\/li><li>Alle Informationen, die Sie in Formularen oder bei der Kontaktaufnahme mit uns angeben<\/li><\/ol><\/li><li><strong>Nicht-personenbezogene Daten - Wir k\u00f6nnen nicht-personenbezogene Daten sammeln, einschlie\u00dflich:<br \/><\/strong><ol><li>Browsertyp und -version<\/li><li>Informationen zum Ger\u00e4t<\/li><li>Besuchte Seiten und Verweildauer auf unserer Website<\/li><li>Cookies und Tracking-Technologien (siehe Abschnitt 6)<\/li><\/ol><\/li><\/ol>\t\t\n\t<\/div>\n<\/div>\t\t<\/div>\n\t\t\t\t<\/div>\n\t\t\t\t<div class=\"elementor-element elementor-element-b3f1a0e elementor-widget elementor-widget-pxl_text_editor\" data-id=\"b3f1a0e\" data-element_type=\"widget\" data-widget_type=\"pxl_text_editor.default\">\n\t\t\t\t<div class=\"elementor-widget-container\">\n\t\t\t<div class=\"pxl-text-editor default\">\n\t<div class=\"pxl-item--inner\" data-wow-delay=\"ms\">\n\t\t<h4><strong>3. Wie wir Ihre Informationen verwenden<\/strong><\/h4><p>Wir verwenden Ihre Daten f\u00fcr die folgenden Zwecke:<\/p><ul><li>Zur Bereitstellung, zum Betrieb und zur Verbesserung unserer Website und Dienstleistungen<\/li><li>Beantwortung von Anfragen und Bereitstellung von Kundensupport<\/li><li>Um relevante Updates, Newsletter oder Werbematerialien zu versenden (Sie k\u00f6nnen sich jederzeit abmelden)<\/li><li>Zur Analyse des Website-Verkehrs und zur Verbesserung der Benutzerfreundlichkeit<\/li><li>Zur Erf\u00fcllung rechtlicher Verpflichtungen und zur Durchsetzung unserer Bedingungen<\/li><\/ul>\t\t\n\t<\/div>\n<\/div>\t\t<\/div>\n\t\t\t\t<\/div>\n\t\t\t\t<div class=\"elementor-element elementor-element-4b97879 elementor-widget elementor-widget-pxl_text_editor\" data-id=\"4b97879\" data-element_type=\"widget\" data-widget_type=\"pxl_text_editor.default\">\n\t\t\t\t<div class=\"elementor-widget-container\">\n\t\t\t<div class=\"pxl-text-editor default\">\n\t<div class=\"pxl-item--inner\" data-wow-delay=\"ms\">\n\t\t<h4><strong>4. Wie wir Ihre Informationen sch\u00fctzen<\/strong><\/h4><p>Wir ergreifen angemessene Sicherheitsma\u00dfnahmen, um Ihre pers\u00f6nlichen Daten vor unbefugtem Zugriff, Verlust, Missbrauch oder Ver\u00e4nderung zu sch\u00fctzen. Allerdings ist keine Methode der \u00dcbertragung \u00fcber das Internet v\u00f6llig sicher, und wir k\u00f6nnen keine absolute Sicherheit garantieren.<\/p>\t\t\n\t<\/div>\n<\/div>\t\t<\/div>\n\t\t\t\t<\/div>\n\t\t\t\t<div class=\"elementor-element elementor-element-b480cd9 elementor-widget elementor-widget-pxl_text_editor\" data-id=\"b480cd9\" data-element_type=\"widget\" data-widget_type=\"pxl_text_editor.default\">\n\t\t\t\t<div class=\"elementor-widget-container\">\n\t\t\t<div class=\"pxl-text-editor default\">\n\t<div class=\"pxl-item--inner\" data-wow-delay=\"ms\">\n\t\t<h4><strong>5. Weitergabe Ihrer Informationen<\/strong><\/h4><p>Wir verkaufen, tauschen oder vermieten Ihre pers\u00f6nlichen Daten nicht. Allerdings k\u00f6nnen wir Ihre Daten in den folgenden Situationen weitergeben:<\/p><ul><li><strong>Mit Dienstleistern:<\/strong> Wir k\u00f6nnen Dienstleistungen Dritter f\u00fcr Analysen, E-Mail-Marketing oder Website-Hosting nutzen. Diese Anbieter sind verpflichtet, Ihre Daten vertraulich zu behandeln.<\/li><li><strong>Zur Einhaltung der Rechtsvorschriften:<\/strong> Wir k\u00f6nnen Ihre Daten offenlegen, wenn dies gesetzlich vorgeschrieben ist oder um unsere Rechte, Sicherheit oder Benutzer zu sch\u00fctzen.<\/li><\/ul>\t\t\n\t<\/div>\n<\/div>\t\t<\/div>\n\t\t\t\t<\/div>\n\t\t\t\t<div class=\"elementor-element elementor-element-28fcf0c elementor-widget elementor-widget-pxl_text_editor\" data-id=\"28fcf0c\" data-element_type=\"widget\" data-widget_type=\"pxl_text_editor.default\">\n\t\t\t\t<div class=\"elementor-widget-container\">\n\t\t\t<div class=\"pxl-text-editor default\">\n\t<div class=\"pxl-item--inner\" data-wow-delay=\"ms\">\n\t\t<h4><strong>6. Cookies und Tracking-Technologien<\/strong><\/h4><p>Wir verwenden Cookies und \u00e4hnliche Technologien, um Ihr Surferlebnis zu verbessern und den Websiteverkehr zu analysieren. Sie k\u00f6nnen Cookies \u00fcber Ihre Browsereinstellungen steuern oder deaktivieren.<\/p><p><strong>Arten von Cookies, die wir verwenden:<\/strong><\/p><ul><li><strong>Wesentliche Cookies:<\/strong> F\u00fcr die Funktionalit\u00e4t der Website erforderlich<\/li><li><strong>Analytische Cookies:<\/strong> Sie helfen uns zu verstehen, wie Nutzer mit unserer Website interagieren.<\/li><li><strong>Marketing-Cookies:<\/strong> Verwendung f\u00fcr gezielte Werbung und verkaufsf\u00f6rdernde Inhalte<\/li><\/ul><p>Wenn Sie unsere Website weiter nutzen, stimmen Sie der Verwendung von Cookies zu.<\/p>\t\t\n\t<\/div>\n<\/div>\t\t<\/div>\n\t\t\t\t<\/div>\n\t\t\t\t<div class=\"elementor-element elementor-element-9585701 elementor-widget elementor-widget-pxl_text_editor\" data-id=\"9585701\" data-element_type=\"widget\" data-widget_type=\"pxl_text_editor.default\">\n\t\t\t\t<div class=\"elementor-widget-container\">\n\t\t\t<div class=\"pxl-text-editor default\">\n\t<div class=\"pxl-item--inner\" data-wow-delay=\"ms\">\n\t\t<h4><strong>7. Links von Drittanbietern<\/strong><\/h4><p>Unsere Website kann Links zu Websites Dritter enthalten. Wir sind nicht verantwortlich f\u00fcr deren Datenschutzrichtlinien oder Inhalte. Bitte lesen Sie deren Richtlinien, bevor Sie pers\u00f6nliche Daten angeben.<\/p>\t\t\n\t<\/div>\n<\/div>\t\t<\/div>\n\t\t\t\t<\/div>\n\t\t\t\t<div class=\"elementor-element elementor-element-8f6c747 elementor-widget elementor-widget-pxl_text_editor\" data-id=\"8f6c747\" data-element_type=\"widget\" data-widget_type=\"pxl_text_editor.default\">\n\t\t\t\t<div class=\"elementor-widget-container\">\n\t\t\t<div class=\"pxl-text-editor default\">\n\t<div class=\"pxl-item--inner\" data-wow-delay=\"ms\">\n\t\t<h4><strong>8. Ihre Rechte und Wahlm\u00f6glichkeiten<\/strong><\/h4><p>Sie haben die folgenden Rechte in Bezug auf Ihre personenbezogenen Daten:<\/p><ul><li><strong>Zugang:<\/strong> eine Kopie der pers\u00f6nlichen Daten, die wir \u00fcber Sie gespeichert haben, anfordern<\/li><li><strong>Berichtigung:<\/strong> Korrekturen von ungenauen oder unvollst\u00e4ndigen Informationen anfordern<\/li><li><strong>L\u00f6schung:<\/strong> die L\u00f6schung Ihrer personenbezogenen Daten zu verlangen (vorbehaltlich der gesetzlichen Bestimmungen)<\/li><li><strong>Opt-out:<\/strong> Abmeldung von Marketing-E-Mails durch Klicken auf den Link \"Abmelden\".<\/li><\/ul><p>Um Ihre Rechte auszu\u00fcben, kontaktieren Sie uns bitte \u00fcber unsere Kontaktseite.<\/p>\t\t\n\t<\/div>\n<\/div>\t\t<\/div>\n\t\t\t\t<\/div>\n\t\t\t\t<div class=\"elementor-element elementor-element-ce7c858 elementor-widget elementor-widget-pxl_text_editor\" data-id=\"ce7c858\" data-element_type=\"widget\" data-widget_type=\"pxl_text_editor.default\">\n\t\t\t\t<div class=\"elementor-widget-container\">\n\t\t\t<div class=\"pxl-text-editor default\">\n\t<div class=\"pxl-item--inner\" data-wow-delay=\"ms\">\n\t\t<h4><strong>9. Vorratsdatenspeicherung<\/strong><\/h4><p>Wir bewahren Ihre pers\u00f6nlichen Daten nur so lange auf, wie es f\u00fcr die Erf\u00fcllung der in dieser Richtlinie genannten Zwecke erforderlich ist oder wie es das Gesetz verlangt.<\/p>\t\t\n\t<\/div>\n<\/div>\t\t<\/div>\n\t\t\t\t<\/div>\n\t\t\t\t<div class=\"elementor-element elementor-element-2059f5b elementor-widget elementor-widget-pxl_text_editor\" data-id=\"2059f5b\" data-element_type=\"widget\" data-widget_type=\"pxl_text_editor.default\">\n\t\t\t\t<div class=\"elementor-widget-container\">\n\t\t\t<div class=\"pxl-text-editor default\">\n\t<div class=\"pxl-item--inner\" data-wow-delay=\"ms\">\n\t\t<h4><strong>10. \u00c4nderungen an dieser Datenschutzrichtlinie<\/strong><\/h4><p>Wir k\u00f6nnen diese Datenschutzrichtlinie von Zeit zu Zeit aktualisieren. \u00c4nderungen werden auf dieser Seite mit einem aktualisierten \u00c4nderungsdatum ver\u00f6ffentlicht. Die fortgesetzte Nutzung unserer Website bedeutet, dass Sie die aktualisierte Richtlinie akzeptieren.<\/p>\t\t\n\t<\/div>\n<\/div>\t\t<\/div>\n\t\t\t\t<\/div>\n\t\t\t\t<div class=\"elementor-element elementor-element-6e2c119 elementor-widget elementor-widget-pxl_text_editor\" data-id=\"6e2c119\" data-element_type=\"widget\" data-widget_type=\"pxl_text_editor.default\">\n\t\t\t\t<div class=\"elementor-widget-container\">\n\t\t\t<div class=\"pxl-text-editor default\">\n\t<div class=\"pxl-item--inner\" data-wow-delay=\"ms\">\n\t\t<h4><strong>9. Kontakt<\/strong><\/h4><p>Wenn Sie Fragen zu dieser Datenschutzrichtlinie haben, k\u00f6nnen Sie uns \u00fcber unsere Kontaktseite kontaktieren.<\/p>\t\t\n\t<\/div>\n<\/div>\t\t<\/div>\n\t\t\t\t<\/div>\n\t\t            <\/div>\r\n        <\/div>\r\n        \t\t\t<\/div>\n\t\t<\/section>\n\t\t\t\t<\/div>","protected":false},"excerpt":{"rendered":"<p>Privacy Policy Home 1. Introduction Welcome to TRAIN Health Awareness Programme (\u201cwe,\u201d \u201cour,\u201d or \u201cus\u201d). We are committed to protecting your privacy and ensuring that your personal information is handled securely. This Privacy Policy explains how we collect, use, and protect your data when you visit our website. By using our website, you agree to [&hellip;]<\/p>","protected":false},"author":1,"featured_media":0,"parent":0,"menu_order":0,"comment_status":"closed","ping_status":"closed","template":"","meta":{"footnotes":""},"class_list":["post-12363","page","type-page","status-publish","hentry"],"yoast_head":"<!-- This site is optimized with the Yoast SEO plugin v24.9 - https:\/\/yoast.com\/wordpress\/plugins\/seo\/ -->\n<title>Privacy Policy - TRAIN Health Awareness<\/title>\n<meta name=\"robots\" content=\"index, follow, max-snippet:-1, max-image-preview:large, max-video-preview:-1\" \/>\n<link rel=\"canonical\" href=\"https:\/\/trainhealthawareness.com\/de\/privacy\/\" \/>\n<meta property=\"og:locale\" content=\"de_DE\" \/>\n<meta property=\"og:type\" content=\"article\" \/>\n<meta property=\"og:title\" content=\"Privacy Policy - TRAIN Health Awareness\" \/>\n<meta property=\"og:description\" content=\"Privacy Policy Home 1. Introduction Welcome to TRAIN Health Awareness Programme (\u201cwe,\u201d \u201cour,\u201d or \u201cus\u201d). We are committed to protecting your privacy and ensuring that your personal information is handled securely. This Privacy Policy explains how we collect, use, and protect your data when you visit our website. By using our website, you agree to [&hellip;]\" \/>\n<meta property=\"og:url\" content=\"https:\/\/trainhealthawareness.com\/de\/privacy\/\" \/>\n<meta property=\"og:site_name\" content=\"TRAIN Health Awareness\" \/>\n<meta property=\"article:modified_time\" content=\"2026-01-08T07:54:52+00:00\" \/>\n<meta name=\"twitter:card\" content=\"summary_large_image\" \/>\n<meta name=\"twitter:label1\" content=\"Gesch\u00e4tzte Lesezeit\" \/>\n\t<meta name=\"twitter:data1\" content=\"3\u00a0Minuten\" \/>\n<script type=\"application\/ld+json\" class=\"yoast-schema-graph\">{\"@context\":\"https:\/\/schema.org\",\"@graph\":[{\"@type\":\"WebPage\",\"@id\":\"https:\/\/trainhealthawareness.com\/privacy\/\",\"url\":\"https:\/\/trainhealthawareness.com\/privacy\/\",\"name\":\"Privacy Policy - TRAIN Health Awareness\",\"isPartOf\":{\"@id\":\"https:\/\/trainhealthawareness.com\/nl\/#website\"},\"datePublished\":\"2025-02-04T13:50:52+00:00\",\"dateModified\":\"2026-01-08T07:54:52+00:00\",\"breadcrumb\":{\"@id\":\"https:\/\/trainhealthawareness.com\/privacy\/#breadcrumb\"},\"inLanguage\":\"de\",\"potentialAction\":[{\"@type\":\"ReadAction\",\"target\":[\"https:\/\/trainhealthawareness.com\/privacy\/\"]}]},{\"@type\":\"BreadcrumbList\",\"@id\":\"https:\/\/trainhealthawareness.com\/privacy\/#breadcrumb\",\"itemListElement\":[{\"@type\":\"ListItem\",\"position\":1,\"name\":\"Home\",\"item\":\"https:\/\/trainhealthawareness.com\/\"},{\"@type\":\"ListItem\",\"position\":2,\"name\":\"Privacy Policy\"}]},{\"@type\":\"WebSite\",\"@id\":\"https:\/\/trainhealthawareness.com\/nl\/#website\",\"url\":\"https:\/\/trainhealthawareness.com\/nl\/\",\"name\":\"TRAIN Health Awareness\",\"description\":\"Targeted Cardiovascular Risk Reduction\",\"publisher\":{\"@id\":\"https:\/\/trainhealthawareness.com\/nl\/#organization\"},\"potentialAction\":[{\"@type\":\"SearchAction\",\"target\":{\"@type\":\"EntryPoint\",\"urlTemplate\":\"https:\/\/trainhealthawareness.com\/nl\/?s={search_term_string}\"},\"query-input\":{\"@type\":\"PropertyValueSpecification\",\"valueRequired\":true,\"valueName\":\"search_term_string\"}}],\"inLanguage\":\"de\"},{\"@type\":\"Organization\",\"@id\":\"https:\/\/trainhealthawareness.com\/nl\/#organization\",\"name\":\"TRAIN Health Awareness\",\"url\":\"https:\/\/trainhealthawareness.com\/nl\/\",\"logo\":{\"@type\":\"ImageObject\",\"inLanguage\":\"de\",\"@id\":\"https:\/\/trainhealthawareness.com\/nl\/#\/schema\/logo\/image\/\",\"url\":\"https:\/\/trainhealthawareness.com\/wp-content\/uploads\/2025\/01\/logo-inverted.png\",\"contentUrl\":\"https:\/\/trainhealthawareness.com\/wp-content\/uploads\/2025\/01\/logo-inverted.png\",\"width\":640,\"height\":136,\"caption\":\"TRAIN Health Awareness\"},\"image\":{\"@id\":\"https:\/\/trainhealthawareness.com\/nl\/#\/schema\/logo\/image\/\"},\"sameAs\":[\"https:\/\/www.linkedin.com\/in\/nimratgrewal\/\"]}]}<\/script>\n<!-- \/ Yoast SEO plugin. -->","yoast_head_json":{"title":"Privacy Policy - TRAIN Health Awareness","robots":{"index":"index","follow":"follow","max-snippet":"max-snippet:-1","max-image-preview":"max-image-preview:large","max-video-preview":"max-video-preview:-1"},"canonical":"https:\/\/trainhealthawareness.com\/de\/privacy\/","og_locale":"de_DE","og_type":"article","og_title":"Privacy Policy - TRAIN Health Awareness","og_description":"Privacy Policy Home 1. Introduction Welcome to TRAIN Health Awareness Programme (\u201cwe,\u201d \u201cour,\u201d or \u201cus\u201d). We are committed to protecting your privacy and ensuring that your personal information is handled securely. This Privacy Policy explains how we collect, use, and protect your data when you visit our website. By using our website, you agree to [&hellip;]","og_url":"https:\/\/trainhealthawareness.com\/de\/privacy\/","og_site_name":"TRAIN Health Awareness","article_modified_time":"2026-01-08T07:54:52+00:00","twitter_card":"summary_large_image","twitter_misc":{"Gesch\u00e4tzte Lesezeit":"3\u00a0Minuten"},"schema":{"@context":"https:\/\/schema.org","@graph":[{"@type":"WebPage","@id":"https:\/\/trainhealthawareness.com\/privacy\/","url":"https:\/\/trainhealthawareness.com\/privacy\/","name":"Privacy Policy - TRAIN Health Awareness","isPartOf":{"@id":"https:\/\/trainhealthawareness.com\/nl\/#website"},"datePublished":"2025-02-04T13:50:52+00:00","dateModified":"2026-01-08T07:54:52+00:00","breadcrumb":{"@id":"https:\/\/trainhealthawareness.com\/privacy\/#breadcrumb"},"inLanguage":"de","potentialAction":[{"@type":"ReadAction","target":["https:\/\/trainhealthawareness.com\/privacy\/"]}]},{"@type":"BreadcrumbList","@id":"https:\/\/trainhealthawareness.com\/privacy\/#breadcrumb","itemListElement":[{"@type":"ListItem","position":1,"name":"Home","item":"https:\/\/trainhealthawareness.com\/"},{"@type":"ListItem","position":2,"name":"Privacy Policy"}]},{"@type":"WebSite","@id":"https:\/\/trainhealthawareness.com\/nl\/#website","url":"https:\/\/trainhealthawareness.com\/nl\/","name":"TRAIN Health Awareness","description":"Targeted Cardiovascular Risk Reduction","publisher":{"@id":"https:\/\/trainhealthawareness.com\/nl\/#organization"},"potentialAction":[{"@type":"SearchAction","target":{"@type":"EntryPoint","urlTemplate":"https:\/\/trainhealthawareness.com\/nl\/?s={search_term_string}"},"query-input":{"@type":"PropertyValueSpecification","valueRequired":true,"valueName":"search_term_string"}}],"inLanguage":"de"},{"@type":"Organization","@id":"https:\/\/trainhealthawareness.com\/nl\/#organization","name":"TRAIN Health Awareness","url":"https:\/\/trainhealthawareness.com\/nl\/","logo":{"@type":"ImageObject","inLanguage":"de","@id":"https:\/\/trainhealthawareness.com\/nl\/#\/schema\/logo\/image\/","url":"https:\/\/trainhealthawareness.com\/wp-content\/uploads\/2025\/01\/logo-inverted.png","contentUrl":"https:\/\/trainhealthawareness.com\/wp-content\/uploads\/2025\/01\/logo-inverted.png","width":640,"height":136,"caption":"TRAIN Health Awareness"},"image":{"@id":"https:\/\/trainhealthawareness.com\/nl\/#\/schema\/logo\/image\/"},"sameAs":["https:\/\/www.linkedin.com\/in\/nimratgrewal\/"]}]}},"_links":{"self":[{"href":"https:\/\/trainhealthawareness.com\/de\/wp-json\/wp\/v2\/pages\/12363","targetHints":{"allow":["GET"]}}],"collection":[{"href":"https:\/\/trainhealthawareness.com\/de\/wp-json\/wp\/v2\/pages"}],"about":[{"href":"https:\/\/trainhealthawareness.com\/de\/wp-json\/wp\/v2\/types\/page"}],"author":[{"embeddable":true,"href":"https:\/\/trainhealthawareness.com\/de\/wp-json\/wp\/v2\/users\/1"}],"replies":[{"embeddable":true,"href":"https:\/\/trainhealthawareness.com\/de\/wp-json\/wp\/v2\/comments?post=12363"}],"version-history":[{"count":6,"href":"https:\/\/trainhealthawareness.com\/de\/wp-json\/wp\/v2\/pages\/12363\/revisions"}],"predecessor-version":[{"id":13770,"href":"https:\/\/trainhealthawareness.com\/de\/wp-json\/wp\/v2\/pages\/12363\/revisions\/13770"}],"wp:attachment":[{"href":"https:\/\/trainhealthawareness.com\/de\/wp-json\/wp\/v2\/media?parent=12363"}],"curies":[{"name":"wp","href":"https:\/\/api.w.org\/{rel}","templated":true}]}}