{"id":10905,"date":"2024-10-29T13:55:25","date_gmt":"2024-10-29T13:55:25","guid":{"rendered":"https:\/\/trainhealthawareness.com\/?page_id=10905"},"modified":"2025-01-23T09:24:03","modified_gmt":"2025-01-23T09:24:03","slug":"musculoskeletal-diseases","status":"publish","type":"page","link":"https:\/\/trainhealthawareness.com\/de\/musculoskeletal-diseases\/","title":{"rendered":"Muskel-Skelett-Erkrankungen"},"content":{"rendered":"<div data-elementor-type=\"wp-page\" data-elementor-id=\"10905\" class=\"elementor elementor-10905\">\n\t\t\t\t        <section class=\"elementor-section elementor-top-section elementor-element elementor-element-b155669 elementor-section-stretched elementor-section-boxed elementor-section-height-default elementor-section-height-default pxl-row-scroll-none pxl-zoom-point-false pxl-section-overflow-visible pxl-section-fix-none pxl-bg-color-none pxl-section-overlay-none\" data-id=\"b155669\" data-element_type=\"section\" data-settings=\"{&quot;stretch_section&quot;:&quot;section-stretched&quot;}\">\n\n                \n                <div class=\"elementor-container elementor-column-gap-extended\">\n                <div class=\"elementor-column elementor-col-100 elementor-top-column elementor-element elementor-element-e845b5a pxl-column-none\" data-id=\"e845b5a\" data-element_type=\"column\" data-settings=\"{&quot;background_background&quot;:&quot;classic&quot;}\">\r\n        <div class=\"elementor-widget-wrap elementor-element-populated\">\r\n                                <div class=\"elementor-background-overlay\"><\/div>\r\n         \r\n                <section class=\"elementor-section elementor-inner-section elementor-element elementor-element-65c2c47 elementor-section-content-bottom elementor-section-boxed elementor-section-height-default elementor-section-height-default pxl-row-scroll-none pxl-zoom-point-false pxl-section-overflow-visible pxl-section-fix-none pxl-bg-color-none pxl-section-overlay-none\" data-id=\"65c2c47\" data-element_type=\"section\">\n\n                \n                <div class=\"elementor-container elementor-column-gap-extended\">\n                <div class=\"elementor-column elementor-col-50 elementor-inner-column elementor-element elementor-element-9f6b182 pxl-column-none pxl-column-overflow-hidden-no\" data-id=\"9f6b182\" data-element_type=\"column\">\r\n        <div class=\"elementor-widget-wrap elementor-element-populated\">\r\n                     \r\n        \t\t<div class=\"elementor-element elementor-element-69dedd2 elementor-widget__width-auto elementor-widget elementor-widget-pxl_heading\" data-id=\"69dedd2\" data-element_type=\"widget\" data-widget_type=\"pxl_heading.default\">\n\t\t\t\t<div class=\"elementor-widget-container\">\n\t\t\t\n<div id=\"pxl-pxl_heading-69dedd2-1829\" class=\"pxl-heading px-sub-title-default-style\">\n\t<div class=\"pxl-heading--inner\">\n\t\t\n\t\t<h3 class=\"pxl-item--title style-default  highlight-default\" data-wow-delay=\"ms\">\n\t\t\t\t\tMuskel-Skelett-Erkrankungen\t\n\t\t\t\n\t\t<\/h3>\n\t\t\n\t<\/div>\n<\/div>\t\t<\/div>\n\t\t\t\t<\/div>\n\t\t            <\/div>\r\n        <\/div>\r\n                <div class=\"elementor-column elementor-col-50 elementor-inner-column elementor-element elementor-element-e06a662 pxl-column-none pxl-column-overflow-hidden-no\" data-id=\"e06a662\" data-element_type=\"column\">\r\n        <div class=\"elementor-widget-wrap elementor-element-populated\">\r\n                     \r\n        \t\t<div class=\"elementor-element elementor-element-0aad2d0 elementor-widget__width-auto elementor-widget elementor-widget-pxl_breadcrumb\" data-id=\"0aad2d0\" data-element_type=\"widget\" data-widget_type=\"pxl_breadcrumb.default\">\n\t\t\t\t<div class=\"elementor-widget-container\">\n\t\t\t<div class=\"pxl-breadcrumb-wrap\">\n\t<ul class=\"pxl-breadcrumb\"><li><span class=\"breadcrumb-entry\">Startseite<\/span><\/li><\/ul><\/div>\t\t<\/div>\n\t\t\t\t<\/div>\n\t\t            <\/div>\r\n        <\/div>\r\n        \t\t\t<\/div>\n\t\t<\/section>\n\t\t            <\/div>\r\n        <\/div>\r\n        \t\t\t<\/div>\n\t\t<\/section>\n\t\t        <section class=\"elementor-section elementor-top-section elementor-element elementor-element-bee53fc elementor-section-stretched elementor-section-boxed elementor-section-height-default elementor-section-height-default pxl-row-scroll-none pxl-zoom-point-false pxl-section-overflow-visible pxl-section-fix-none pxl-bg-color-none pxl-section-overlay-none\" data-id=\"bee53fc\" data-element_type=\"section\" data-settings=\"{&quot;stretch_section&quot;:&quot;section-stretched&quot;}\">\n\n                \n                <div class=\"elementor-container elementor-column-gap-extended\">\n                <div class=\"elementor-column elementor-col-100 elementor-top-column elementor-element elementor-element-8328b1b pxl-column-none pxl-column-overflow-hidden-no\" data-id=\"8328b1b\" data-element_type=\"column\" data-settings=\"{&quot;background_background&quot;:&quot;gradient&quot;}\">\r\n        <div class=\"elementor-widget-wrap elementor-element-populated\">\r\n                     \r\n        \t\t<div class=\"elementor-element elementor-element-e76ab7a elementor-widget elementor-widget-pxl_heading\" data-id=\"e76ab7a\" data-element_type=\"widget\" data-widget_type=\"pxl_heading.default\">\n\t\t\t\t<div class=\"elementor-widget-container\">\n\t\t\t\n<div id=\"pxl-pxl_heading-e76ab7a-1440\" class=\"pxl-heading px-sub-title-default-style\">\n\t<div class=\"pxl-heading--inner\">\n\t\t\n\t\t<h3 class=\"pxl-item--title style-default  highlight-default pxl-split-text split-in-fade\" data-wow-delay=\"ms\">\n\t\t\t\t\tMuskuloskelettale Gesundheit und St\u00f6rungen\t\n\t\t\t\n\t\t<\/h3>\n\t\t\n\t<\/div>\n<\/div>\t\t<\/div>\n\t\t\t\t<\/div>\n\t\t\t\t<div class=\"elementor-element elementor-element-8614351 elementor-widget elementor-widget-pxl_text_editor\" data-id=\"8614351\" data-element_type=\"widget\" data-widget_type=\"pxl_text_editor.default\">\n\t\t\t\t<div class=\"elementor-widget-container\">\n\t\t\t<div class=\"pxl-text-editor default\">\n\t<div class=\"pxl-item--inner\" data-wow-delay=\"ms\">\n\t\t<p style=\"font-weight: 400\">Die Gesundheit des Muskel-Skelett-Systems umfasst die St\u00e4rke und Funktion der Muskeln, Knochen, Gelenke und Gewebe, die die Bewegung und k\u00f6rperliche Aktivit\u00e4t unterst\u00fctzen. St\u00f6rungen, die dieses System betreffen, k\u00f6nnen Schmerzen verursachen, die Mobilit\u00e4t einschr\u00e4nken und die Lebensqualit\u00e4t erheblich beeintr\u00e4chtigen. Diese Erkrankungen umfassen ein breites Spektrum von \u00fcber 150 Krankheiten, von denen Menschen weltweit betroffen sind.<\/p><p style=\"font-weight: 400\">Muskel-Skelett-Erkrankungen, die h\u00e4ufig durch anhaltende Beschwerden und eingeschr\u00e4nkte Mobilit\u00e4t gekennzeichnet sind, geh\u00f6ren weltweit zu den h\u00e4ufigsten Ursachen f\u00fcr chronische Schmerzen, die nicht auf Krebs zur\u00fcckzuf\u00fchren sind. Sie beeintr\u00e4chtigen die t\u00e4glichen Aktivit\u00e4ten und erschweren vielen Menschen die Arbeit und die Teilnahme am gesellschaftlichen Leben.<\/p>\t\t\n\t<\/div>\n<\/div>\t\t<\/div>\n\t\t\t\t<\/div>\n\t\t            <\/div>\r\n        <\/div>\r\n        \t\t\t<\/div>\n\t\t<\/section>\n\t\t        <section class=\"elementor-section elementor-top-section elementor-element elementor-element-ed7ff58 elementor-section-stretched elementor-section-boxed elementor-section-height-default elementor-section-height-default pxl-row-scroll-none pxl-zoom-point-false pxl-section-overflow-visible pxl-section-fix-none pxl-bg-color-none pxl-section-overlay-none\" data-id=\"ed7ff58\" data-element_type=\"section\" data-settings=\"{&quot;stretch_section&quot;:&quot;section-stretched&quot;}\">\n\n                \n                <div class=\"elementor-container elementor-column-gap-extended\">\n                <div class=\"elementor-column elementor-col-100 elementor-top-column elementor-element elementor-element-23eb60f pxl-column-none pxl-column-overflow-hidden-no\" data-id=\"23eb60f\" data-element_type=\"column\">\r\n        <div class=\"elementor-widget-wrap elementor-element-populated\">\r\n                     \r\n                <section class=\"elementor-section elementor-inner-section elementor-element elementor-element-2f96de7 elementor-section-boxed elementor-section-height-default elementor-section-height-default pxl-row-scroll-none pxl-zoom-point-false pxl-section-overflow-visible pxl-section-fix-none pxl-bg-color-none pxl-section-overlay-none\" data-id=\"2f96de7\" data-element_type=\"section\" data-settings=\"{&quot;background_background&quot;:&quot;classic&quot;}\">\n\n                \n                <div class=\"elementor-container elementor-column-gap-extended\">\n                <div class=\"elementor-column elementor-col-50 elementor-inner-column elementor-element elementor-element-6f4c497 pxl-column-none pxl-column-overflow-hidden-no\" data-id=\"6f4c497\" data-element_type=\"column\">\r\n        <div class=\"elementor-widget-wrap elementor-element-populated\">\r\n                     \r\n        \t\t<div class=\"elementor-element elementor-element-0090a65 elementor-widget elementor-widget-pxl_heading\" data-id=\"0090a65\" data-element_type=\"widget\" data-widget_type=\"pxl_heading.default\">\n\t\t\t\t<div class=\"elementor-widget-container\">\n\t\t\t\n<div id=\"pxl-pxl_heading-0090a65-4736\" class=\"pxl-heading px-sub-title-default-style\">\n\t<div class=\"pxl-heading--inner\">\n\t\t\n\t\t<h3 class=\"pxl-item--title style-default  highlight-default\" data-wow-delay=\"ms\">\n\t\t\t\t\tLebenslange Auswirkungen\t\n\t\t\t\n\t\t<\/h3>\n\t\t\n\t<\/div>\n<\/div>\t\t<\/div>\n\t\t\t\t<\/div>\n\t\t\t\t<div class=\"elementor-element elementor-element-0dc4e89 elementor-widget elementor-widget-pxl_text_editor\" data-id=\"0dc4e89\" data-element_type=\"widget\" data-widget_type=\"pxl_text_editor.default\">\n\t\t\t\t<div class=\"elementor-widget-container\">\n\t\t\t<div class=\"pxl-text-editor default\">\n\t<div class=\"pxl-item--inner\" data-wow-delay=\"ms\">\n\t\t<p style=\"font-weight: 400\"><span style=\"color: #ffffff\">Muskel-Skelett-Erkrankungen k\u00f6nnen Menschen in jeder Lebensphase betreffen, von der Kindheit bis ins hohe Alter. Einige dieser Erkrankungen sind nur von kurzer Dauer, andere k\u00f6nnen sich zu chronischen Problemen entwickeln, die eine langfristige Behandlung und Pflege erfordern.<\/span><\/p><p style=\"font-weight: 400\"><span style=\"color: #ffffff\">Diese Erkrankungen sind auch der Hauptgrund f\u00fcr den weltweit steigenden Bedarf an Rehabilitationsleistungen. Dar\u00fcber hinaus treten sie h\u00e4ufig zusammen mit anderen nicht \u00fcbertragbaren Krankheiten (NCDs) auf, wie z. B. Herz-Kreislauf-Erkrankungen, und k\u00f6nnen das Risiko f\u00fcr die Entwicklung psychischer Probleme wie Angst und Depression erh\u00f6hen.<\/span><\/p>\t\t\n\t<\/div>\n<\/div>\t\t<\/div>\n\t\t\t\t<\/div>\n\t\t            <\/div>\r\n        <\/div>\r\n                <div class=\"elementor-column elementor-col-50 elementor-inner-column elementor-element elementor-element-bed71f7 pxl-column-none pxl-column-overflow-hidden-no\" data-id=\"bed71f7\" data-element_type=\"column\">\r\n        <div class=\"elementor-widget-wrap elementor-element-populated\">\r\n                     \r\n        \t\t<div class=\"elementor-element elementor-element-9e28217 elementor-widget elementor-widget-pxl_image\" data-id=\"9e28217\" data-element_type=\"widget\" data-widget_type=\"pxl_image.default\">\n\t\t\t\t<div class=\"elementor-widget-container\">\n\t\t\t<div id=\"pxl_image-9e28217-3322\" class=\"pxl-image-single  pxl-disable-parallax-sm pxl-hide-sr-lg\" data-wow-delay=\"ms\"  >\r\n    <div class=\"pxl-item--inner\" data-wow-delay=\"120ms\">\r\n        \r\n                    <div class=\"pxl-item--image\" data-parallax-value=\"\">\r\n                                <img fetchpriority=\"high\" decoding=\"async\" width=\"630\" height=\"468\" src=\"https:\/\/trainhealthawareness.com\/wp-content\/uploads\/2025\/01\/lifelong-impact.jpg\" class=\"no-lazyload attachment-full\" alt=\"\" \/>                            <\/div>\r\n                \r\n    <\/div>\r\n<\/div>\t\t<\/div>\n\t\t\t\t<\/div>\n\t\t            <\/div>\r\n        <\/div>\r\n        \t\t\t<\/div>\n\t\t<\/section>\n\t\t            <\/div>\r\n        <\/div>\r\n        \t\t\t<\/div>\n\t\t<\/section>\n\t\t        <section class=\"elementor-section elementor-top-section elementor-element elementor-element-7aecf77 elementor-section-stretched elementor-section-boxed elementor-section-height-default elementor-section-height-default pxl-row-scroll-none pxl-zoom-point-false pxl-section-overflow-visible pxl-section-fix-none pxl-bg-color-none pxl-section-overlay-none\" data-id=\"7aecf77\" data-element_type=\"section\" data-settings=\"{&quot;stretch_section&quot;:&quot;section-stretched&quot;}\">\n\n                \n                <div class=\"elementor-container elementor-column-gap-extended\">\n                <div class=\"elementor-column elementor-col-100 elementor-top-column elementor-element elementor-element-a3e4d07 pxl-column-none pxl-column-overflow-hidden-no\" data-id=\"a3e4d07\" data-element_type=\"column\">\r\n        <div class=\"elementor-widget-wrap elementor-element-populated\">\r\n                     \r\n                <section class=\"elementor-section elementor-inner-section elementor-element elementor-element-e35a261 elementor-section-boxed elementor-section-height-default elementor-section-height-default pxl-row-scroll-none pxl-zoom-point-false pxl-section-overflow-visible pxl-section-fix-none pxl-bg-color-none pxl-section-overlay-none\" data-id=\"e35a261\" data-element_type=\"section\" data-settings=\"{&quot;background_background&quot;:&quot;classic&quot;}\">\n\n                \n                <div class=\"elementor-container elementor-column-gap-extended\">\n                <div class=\"elementor-column elementor-col-50 elementor-inner-column elementor-element elementor-element-ebf2436 pxl-column-none pxl-column-overflow-hidden-no\" data-id=\"ebf2436\" data-element_type=\"column\">\r\n        <div class=\"elementor-widget-wrap elementor-element-populated\">\r\n                     \r\n        \t\t<div class=\"elementor-element elementor-element-2763e39 elementor-widget elementor-widget-pxl_heading\" data-id=\"2763e39\" data-element_type=\"widget\" data-widget_type=\"pxl_heading.default\">\n\t\t\t\t<div class=\"elementor-widget-container\">\n\t\t\t\n<div id=\"pxl-pxl_heading-2763e39-3934\" class=\"pxl-heading px-sub-title-default-style\">\n\t<div class=\"pxl-heading--inner\">\n\t\t\n\t\t<h3 class=\"pxl-item--title style-default  highlight-default\" data-wow-delay=\"ms\">\n\t\t\t\t\tPr\u00e4vention durch gesunde Lebensweise\t\n\t\t\t\n\t\t<\/h3>\n\t\t\n\t<\/div>\n<\/div>\t\t<\/div>\n\t\t\t\t<\/div>\n\t\t\t\t<div class=\"elementor-element elementor-element-16074bd elementor-widget elementor-widget-pxl_text_editor\" data-id=\"16074bd\" data-element_type=\"widget\" data-widget_type=\"pxl_text_editor.default\">\n\t\t\t\t<div class=\"elementor-widget-container\">\n\t\t\t<div class=\"pxl-text-editor default\">\n\t<div class=\"pxl-item--inner\" data-wow-delay=\"ms\">\n\t\t<p style=\"font-weight: 400\"><span style=\"color: #ffffff\">Zur Erhaltung einer guten Gesundheit des Bewegungsapparats geh\u00f6ren gesunde Gewohnheiten wie regelm\u00e4\u00dfige k\u00f6rperliche Aktivit\u00e4t, richtige Ern\u00e4hrung und eine gute K\u00f6rperhaltung. Diese Gewohnheiten verringern nicht nur das Risiko von Erkrankungen des Bewegungsapparats, sondern f\u00f6rdern auch das allgemeine Wohlbefinden.<\/span><\/p>\t\t\n\t<\/div>\n<\/div>\t\t<\/div>\n\t\t\t\t<\/div>\n\t\t            <\/div>\r\n        <\/div>\r\n                <div class=\"elementor-column elementor-col-50 elementor-inner-column elementor-element elementor-element-ed440bb pxl-column-none pxl-column-overflow-hidden-no\" data-id=\"ed440bb\" data-element_type=\"column\">\r\n        <div class=\"elementor-widget-wrap elementor-element-populated\">\r\n                     \r\n        \t\t<div class=\"elementor-element elementor-element-106331e elementor-widget elementor-widget-pxl_image\" data-id=\"106331e\" data-element_type=\"widget\" data-widget_type=\"pxl_image.default\">\n\t\t\t\t<div class=\"elementor-widget-container\">\n\t\t\t<div id=\"pxl_image-106331e-6021\" class=\"pxl-image-single  pxl-disable-parallax-sm pxl-hide-sr-lg\" data-wow-delay=\"ms\"  >\r\n    <div class=\"pxl-item--inner\" data-wow-delay=\"120ms\">\r\n        \r\n                    <div class=\"pxl-item--image\" data-parallax-value=\"\">\r\n                                <img decoding=\"async\" width=\"630\" height=\"468\" src=\"https:\/\/trainhealthawareness.com\/wp-content\/uploads\/2025\/01\/prevention-through-healthy-lifestyle-choices.jpg\" class=\"no-lazyload attachment-full\" alt=\"\" \/>                            <\/div>\r\n                \r\n    <\/div>\r\n<\/div>\t\t<\/div>\n\t\t\t\t<\/div>\n\t\t            <\/div>\r\n        <\/div>\r\n        \t\t\t<\/div>\n\t\t<\/section>\n\t\t            <\/div>\r\n        <\/div>\r\n        \t\t\t<\/div>\n\t\t<\/section>\n\t\t\t\t<\/div>","protected":false},"excerpt":{"rendered":"<p>Musculoskeletal Diseases Home Musculoskeletal Health and Disorders Musculoskeletal health involves the strength and function of the muscles, bones, joints, and tissues that support movement and physical activity. Disorders affecting this system can cause pain, restrict mobility, and significantly reduce quality of life. These conditions encompass a broad range of over 150 diseases, affecting people worldwide. [&hellip;]<\/p>","protected":false},"author":1,"featured_media":0,"parent":0,"menu_order":0,"comment_status":"closed","ping_status":"closed","template":"","meta":{"footnotes":""},"class_list":["post-10905","page","type-page","status-publish","hentry"],"yoast_head":"<!-- This site is optimized with the Yoast SEO plugin v24.9 - https:\/\/yoast.com\/wordpress\/plugins\/seo\/ -->\n<title>Musculoskeletal Diseases - TRAIN Health Awareness<\/title>\n<meta name=\"robots\" content=\"index, follow, max-snippet:-1, max-image-preview:large, max-video-preview:-1\" \/>\n<link rel=\"canonical\" href=\"https:\/\/trainhealthawareness.com\/de\/musculoskeletal-diseases\/\" \/>\n<meta property=\"og:locale\" content=\"de_DE\" \/>\n<meta property=\"og:type\" content=\"article\" \/>\n<meta property=\"og:title\" content=\"Musculoskeletal Diseases - TRAIN Health Awareness\" \/>\n<meta property=\"og:description\" content=\"Musculoskeletal Diseases Home Musculoskeletal Health and Disorders Musculoskeletal health involves the strength and function of the muscles, bones, joints, and tissues that support movement and physical activity. Disorders affecting this system can cause pain, restrict mobility, and significantly reduce quality of life. These conditions encompass a broad range of over 150 diseases, affecting people worldwide. [&hellip;]\" \/>\n<meta property=\"og:url\" content=\"https:\/\/trainhealthawareness.com\/de\/musculoskeletal-diseases\/\" \/>\n<meta property=\"og:site_name\" content=\"TRAIN Health Awareness\" \/>\n<meta property=\"article:modified_time\" content=\"2025-01-23T09:24:03+00:00\" \/>\n<meta property=\"og:image\" content=\"https:\/\/trainhealthawareness.com\/wp-content\/uploads\/2025\/01\/lifelong-impact.jpg\" \/>\n<meta name=\"twitter:card\" content=\"summary_large_image\" \/>\n<meta name=\"twitter:label1\" content=\"Gesch\u00e4tzte Lesezeit\" \/>\n\t<meta name=\"twitter:data1\" content=\"1\u00a0Minute\" \/>\n<script type=\"application\/ld+json\" class=\"yoast-schema-graph\">{\"@context\":\"https:\/\/schema.org\",\"@graph\":[{\"@type\":\"WebPage\",\"@id\":\"https:\/\/trainhealthawareness.com\/es\/musculoskeletal-diseases\/\",\"url\":\"https:\/\/trainhealthawareness.com\/es\/musculoskeletal-diseases\/\",\"name\":\"Musculoskeletal Diseases - TRAIN Health Awareness\",\"isPartOf\":{\"@id\":\"https:\/\/trainhealthawareness.com\/nl\/#website\"},\"primaryImageOfPage\":{\"@id\":\"https:\/\/trainhealthawareness.com\/es\/musculoskeletal-diseases\/#primaryimage\"},\"image\":{\"@id\":\"https:\/\/trainhealthawareness.com\/es\/musculoskeletal-diseases\/#primaryimage\"},\"thumbnailUrl\":\"https:\/\/trainhealthawareness.com\/wp-content\/uploads\/2025\/01\/lifelong-impact.jpg\",\"datePublished\":\"2024-10-29T13:55:25+00:00\",\"dateModified\":\"2025-01-23T09:24:03+00:00\",\"breadcrumb\":{\"@id\":\"https:\/\/trainhealthawareness.com\/es\/musculoskeletal-diseases\/#breadcrumb\"},\"inLanguage\":\"de\",\"potentialAction\":[{\"@type\":\"ReadAction\",\"target\":[\"https:\/\/trainhealthawareness.com\/es\/musculoskeletal-diseases\/\"]}]},{\"@type\":\"ImageObject\",\"inLanguage\":\"de\",\"@id\":\"https:\/\/trainhealthawareness.com\/es\/musculoskeletal-diseases\/#primaryimage\",\"url\":\"https:\/\/trainhealthawareness.com\/wp-content\/uploads\/2025\/01\/lifelong-impact.jpg\",\"contentUrl\":\"https:\/\/trainhealthawareness.com\/wp-content\/uploads\/2025\/01\/lifelong-impact.jpg\"},{\"@type\":\"BreadcrumbList\",\"@id\":\"https:\/\/trainhealthawareness.com\/es\/musculoskeletal-diseases\/#breadcrumb\",\"itemListElement\":[{\"@type\":\"ListItem\",\"position\":1,\"name\":\"Home\",\"item\":\"https:\/\/trainhealthawareness.com\/\"},{\"@type\":\"ListItem\",\"position\":2,\"name\":\"Musculoskeletal Diseases\"}]},{\"@type\":\"WebSite\",\"@id\":\"https:\/\/trainhealthawareness.com\/nl\/#website\",\"url\":\"https:\/\/trainhealthawareness.com\/nl\/\",\"name\":\"TRAIN Health Awareness\",\"description\":\"Targeted Cardiovascular Risk Reduction\",\"publisher\":{\"@id\":\"https:\/\/trainhealthawareness.com\/nl\/#organization\"},\"potentialAction\":[{\"@type\":\"SearchAction\",\"target\":{\"@type\":\"EntryPoint\",\"urlTemplate\":\"https:\/\/trainhealthawareness.com\/nl\/?s={search_term_string}\"},\"query-input\":{\"@type\":\"PropertyValueSpecification\",\"valueRequired\":true,\"valueName\":\"search_term_string\"}}],\"inLanguage\":\"de\"},{\"@type\":\"Organization\",\"@id\":\"https:\/\/trainhealthawareness.com\/nl\/#organization\",\"name\":\"TRAIN Health Awareness\",\"url\":\"https:\/\/trainhealthawareness.com\/nl\/\",\"logo\":{\"@type\":\"ImageObject\",\"inLanguage\":\"de\",\"@id\":\"https:\/\/trainhealthawareness.com\/nl\/#\/schema\/logo\/image\/\",\"url\":\"https:\/\/trainhealthawareness.com\/wp-content\/uploads\/2025\/01\/logo-inverted.png\",\"contentUrl\":\"https:\/\/trainhealthawareness.com\/wp-content\/uploads\/2025\/01\/logo-inverted.png\",\"width\":640,\"height\":136,\"caption\":\"TRAIN Health Awareness\"},\"image\":{\"@id\":\"https:\/\/trainhealthawareness.com\/nl\/#\/schema\/logo\/image\/\"},\"sameAs\":[\"https:\/\/www.linkedin.com\/in\/nimratgrewal\/\"]}]}<\/script>\n<!-- \/ Yoast SEO plugin. -->","yoast_head_json":{"title":"Musculoskeletal Diseases - TRAIN Health Awareness","robots":{"index":"index","follow":"follow","max-snippet":"max-snippet:-1","max-image-preview":"max-image-preview:large","max-video-preview":"max-video-preview:-1"},"canonical":"https:\/\/trainhealthawareness.com\/de\/musculoskeletal-diseases\/","og_locale":"de_DE","og_type":"article","og_title":"Musculoskeletal Diseases - TRAIN Health Awareness","og_description":"Musculoskeletal Diseases Home Musculoskeletal Health and Disorders Musculoskeletal health involves the strength and function of the muscles, bones, joints, and tissues that support movement and physical activity. Disorders affecting this system can cause pain, restrict mobility, and significantly reduce quality of life. These conditions encompass a broad range of over 150 diseases, affecting people worldwide. [&hellip;]","og_url":"https:\/\/trainhealthawareness.com\/de\/musculoskeletal-diseases\/","og_site_name":"TRAIN Health Awareness","article_modified_time":"2025-01-23T09:24:03+00:00","og_image":[{"url":"https:\/\/trainhealthawareness.com\/wp-content\/uploads\/2025\/01\/lifelong-impact.jpg","type":"","width":"","height":""}],"twitter_card":"summary_large_image","twitter_misc":{"Gesch\u00e4tzte Lesezeit":"1\u00a0Minute"},"schema":{"@context":"https:\/\/schema.org","@graph":[{"@type":"WebPage","@id":"https:\/\/trainhealthawareness.com\/es\/musculoskeletal-diseases\/","url":"https:\/\/trainhealthawareness.com\/es\/musculoskeletal-diseases\/","name":"Musculoskeletal Diseases - TRAIN Health Awareness","isPartOf":{"@id":"https:\/\/trainhealthawareness.com\/nl\/#website"},"primaryImageOfPage":{"@id":"https:\/\/trainhealthawareness.com\/es\/musculoskeletal-diseases\/#primaryimage"},"image":{"@id":"https:\/\/trainhealthawareness.com\/es\/musculoskeletal-diseases\/#primaryimage"},"thumbnailUrl":"https:\/\/trainhealthawareness.com\/wp-content\/uploads\/2025\/01\/lifelong-impact.jpg","datePublished":"2024-10-29T13:55:25+00:00","dateModified":"2025-01-23T09:24:03+00:00","breadcrumb":{"@id":"https:\/\/trainhealthawareness.com\/es\/musculoskeletal-diseases\/#breadcrumb"},"inLanguage":"de","potentialAction":[{"@type":"ReadAction","target":["https:\/\/trainhealthawareness.com\/es\/musculoskeletal-diseases\/"]}]},{"@type":"ImageObject","inLanguage":"de","@id":"https:\/\/trainhealthawareness.com\/es\/musculoskeletal-diseases\/#primaryimage","url":"https:\/\/trainhealthawareness.com\/wp-content\/uploads\/2025\/01\/lifelong-impact.jpg","contentUrl":"https:\/\/trainhealthawareness.com\/wp-content\/uploads\/2025\/01\/lifelong-impact.jpg"},{"@type":"BreadcrumbList","@id":"https:\/\/trainhealthawareness.com\/es\/musculoskeletal-diseases\/#breadcrumb","itemListElement":[{"@type":"ListItem","position":1,"name":"Home","item":"https:\/\/trainhealthawareness.com\/"},{"@type":"ListItem","position":2,"name":"Musculoskeletal Diseases"}]},{"@type":"WebSite","@id":"https:\/\/trainhealthawareness.com\/nl\/#website","url":"https:\/\/trainhealthawareness.com\/nl\/","name":"TRAIN Health Awareness","description":"Targeted Cardiovascular Risk Reduction","publisher":{"@id":"https:\/\/trainhealthawareness.com\/nl\/#organization"},"potentialAction":[{"@type":"SearchAction","target":{"@type":"EntryPoint","urlTemplate":"https:\/\/trainhealthawareness.com\/nl\/?s={search_term_string}"},"query-input":{"@type":"PropertyValueSpecification","valueRequired":true,"valueName":"search_term_string"}}],"inLanguage":"de"},{"@type":"Organization","@id":"https:\/\/trainhealthawareness.com\/nl\/#organization","name":"TRAIN Health Awareness","url":"https:\/\/trainhealthawareness.com\/nl\/","logo":{"@type":"ImageObject","inLanguage":"de","@id":"https:\/\/trainhealthawareness.com\/nl\/#\/schema\/logo\/image\/","url":"https:\/\/trainhealthawareness.com\/wp-content\/uploads\/2025\/01\/logo-inverted.png","contentUrl":"https:\/\/trainhealthawareness.com\/wp-content\/uploads\/2025\/01\/logo-inverted.png","width":640,"height":136,"caption":"TRAIN Health Awareness"},"image":{"@id":"https:\/\/trainhealthawareness.com\/nl\/#\/schema\/logo\/image\/"},"sameAs":["https:\/\/www.linkedin.com\/in\/nimratgrewal\/"]}]}},"_links":{"self":[{"href":"https:\/\/trainhealthawareness.com\/de\/wp-json\/wp\/v2\/pages\/10905","targetHints":{"allow":["GET"]}}],"collection":[{"href":"https:\/\/trainhealthawareness.com\/de\/wp-json\/wp\/v2\/pages"}],"about":[{"href":"https:\/\/trainhealthawareness.com\/de\/wp-json\/wp\/v2\/types\/page"}],"author":[{"embeddable":true,"href":"https:\/\/trainhealthawareness.com\/de\/wp-json\/wp\/v2\/users\/1"}],"replies":[{"embeddable":true,"href":"https:\/\/trainhealthawareness.com\/de\/wp-json\/wp\/v2\/comments?post=10905"}],"version-history":[{"count":0,"href":"https:\/\/trainhealthawareness.com\/de\/wp-json\/wp\/v2\/pages\/10905\/revisions"}],"wp:attachment":[{"href":"https:\/\/trainhealthawareness.com\/de\/wp-json\/wp\/v2\/media?parent=10905"}],"curies":[{"name":"wp","href":"https:\/\/api.w.org\/{rel}","templated":true}]}}